{"id":6244,"date":"2026-04-08T00:04:00","date_gmt":"2026-04-07T21:04:00","guid":{"rendered":"https:\/\/key-arma.com\/key-415\/"},"modified":"2026-04-08T00:04:00","modified_gmt":"2026-04-07T21:04:00","slug":"key-415","status":"publish","type":"product","link":"https:\/\/key-arma.com\/tr\/key-415\/","title":{"rendered":"KEY-415"},"content":{"rendered":"<p><strong>Kullan\u0131m Alan\u0131 :<\/strong> M-lok<\/p>\n<h2>\u00d6ne \u00c7\u0131kan \u00d6zellikler<\/h2>\n<ul>\n<li>Kompakt, ince profilli tasar\u0131m<\/li>\n<li>Y\u00fcksek dayan\u0131ml\u0131 polimer yap\u0131<\/li>\n<li>Geli\u015ftirilmi\u015f kontrol i\u00e7in ergonomik form<\/li>\n<li>H\u0131zl\u0131 montaj i\u00e7in M-LOK uyumlulu\u011fu<\/li>\n<\/ul>\n<h2><strong>Teknik \u00d6zellikler<\/strong><\/h2>\n<ul>\n<li>Malzeme: Polimer<\/li>\n<li><strong>A\u011f\u0131rl\u0131k:<\/strong> 0.013 kg<\/li>\n<\/ul>\n","protected":false},"excerpt":{"rendered":"<p>KEY-415 kompakt polimer M-LOK el dayama (handstop) tutama\u011f\u0131, kompakt yap\u0131s\u0131, g\u00fcvenli ve konforlu tutu\u015fu korurken manevra kabiliyetini art\u0131r\u0131r. <\/p>\n<p>Dayan\u0131kl\u0131 ve hafif polimerden \u00fcretilen KEY-415, ergonomik \u015fekli, h\u0131zl\u0131 tepki imk\u00e2n\u0131 sa\u011flayarak h\u0131zl\u0131 kullan\u0131m ve dinamik senaryolar i\u00e7in idealdir. <\/p>\n<p>M-LOK uyumlulu\u011fu sayesinde h\u0131zl\u0131 ve g\u00fcvenli \u015fekilde monte edilebilir. <\/p>\n","protected":false},"featured_media":6243,"template":"","meta":[],"product_brand":[],"product_cat":[46],"product_tag":[],"class_list":{"0":"post-6244","1":"product","2":"type-product","3":"status-publish","4":"has-post-thumbnail","6":"product_cat-on-tutamaklar","8":"first","9":"instock","10":"shipping-taxable","11":"purchasable","12":"product-type-variable"},"_links":{"self":[{"href":"https:\/\/key-arma.com\/tr\/wp-json\/wp\/v2\/product\/6244","targetHints":{"allow":["GET"]}}],"collection":[{"href":"https:\/\/key-arma.com\/tr\/wp-json\/wp\/v2\/product"}],"about":[{"href":"https:\/\/key-arma.com\/tr\/wp-json\/wp\/v2\/types\/product"}],"wp:featuredmedia":[{"embeddable":true,"href":"https:\/\/key-arma.com\/tr\/wp-json\/wp\/v2\/media\/6243"}],"wp:attachment":[{"href":"https:\/\/key-arma.com\/tr\/wp-json\/wp\/v2\/media?parent=6244"}],"wp:term":[{"taxonomy":"product_brand","embeddable":true,"href":"https:\/\/key-arma.com\/tr\/wp-json\/wp\/v2\/product_brand?post=6244"},{"taxonomy":"product_cat","embeddable":true,"href":"https:\/\/key-arma.com\/tr\/wp-json\/wp\/v2\/product_cat?post=6244"},{"taxonomy":"product_tag","embeddable":true,"href":"https:\/\/key-arma.com\/tr\/wp-json\/wp\/v2\/product_tag?post=6244"}],"curies":[{"name":"wp","href":"https:\/\/api.w.org\/{rel}","templated":true}]}}