{"id":6230,"date":"2026-04-07T23:52:23","date_gmt":"2026-04-07T20:52:23","guid":{"rendered":"https:\/\/key-arma.com\/key-414\/"},"modified":"2026-04-07T23:52:23","modified_gmt":"2026-04-07T20:52:23","slug":"key-414","status":"publish","type":"product","link":"https:\/\/key-arma.com\/tr\/key-414\/","title":{"rendered":"KEY-414"},"content":{"rendered":"<p style=\"line-height: 115%; background: white; margin: 0cm 0cm 12.0pt 0cm;\">Kullan\u0131m Alan\u0131: M-LOK<\/p>\n<h2><strong>\u00d6ne \u00c7\u0131kan \u00d6zellikler<\/strong><\/h2>\n<ul>\n<li>Maksimum kontrol i\u00e7in tam boyutlu ergonomik tasar\u0131m<\/li>\n<li>Dayan\u0131kl\u0131 ve hafif polimer yap\u0131<\/li>\n<li>M-LOK uyumlu montaj sistemi<\/li>\n<li>Stabil ve konforlu kullan\u0131m<\/li>\n<\/ul>\n<h2><strong>Teknik \u00d6zellikler<\/strong><\/h2>\n<ul>\n<li>Malzeme: Polimer<\/li>\n<li>A\u011f\u0131rl\u0131k: 0,023 kg<\/li>\n<\/ul>\n","protected":false},"excerpt":{"rendered":"<p>KEY-414 tam boy polimer M-LOK el dayama (handstop) tutama\u011f\u0131, silah kontrol\u00fcn\u00fc, stabiliteyi ve kullan\u0131c\u0131 konforunu art\u0131rmak i\u00e7in tasarlanm\u0131\u015ft\u0131r.Ergonomik yap\u0131s\u0131 sayesinde do\u011fal ve g\u00fcvenli bir el pozisyonu sunar; bu da hassasiyet ve tutarl\u0131 kullan\u0131m gerektiren durumlar i\u00e7in idealdir. <\/p>\n<p>Y\u00fcksek dayan\u0131ml\u0131 polimerden \u00fcretilen KEY-414, dayan\u0131kl\u0131l\u0131k ile hafifli\u011fi m\u00fckemmel \u015fekilde dengeler. Zorlu ko\u015fullarda dahi kaymaz bir tutu\u015f sa\u011flar. <\/p>\n<p>M-LOK montaj sistemleriyle tam uyumlu olan KEY-414, h\u0131zl\u0131 kurulum imk\u00e2n\u0131 sunar. <\/p>\n<p>&nbsp;<\/p>\n","protected":false},"featured_media":6229,"template":"","meta":[],"product_brand":[],"product_cat":[46],"product_tag":[],"class_list":{"0":"post-6230","1":"product","2":"type-product","3":"status-publish","4":"has-post-thumbnail","6":"product_cat-on-tutamaklar","8":"first","9":"instock","10":"shipping-taxable","11":"purchasable","12":"product-type-variable"},"_links":{"self":[{"href":"https:\/\/key-arma.com\/tr\/wp-json\/wp\/v2\/product\/6230","targetHints":{"allow":["GET"]}}],"collection":[{"href":"https:\/\/key-arma.com\/tr\/wp-json\/wp\/v2\/product"}],"about":[{"href":"https:\/\/key-arma.com\/tr\/wp-json\/wp\/v2\/types\/product"}],"wp:featuredmedia":[{"embeddable":true,"href":"https:\/\/key-arma.com\/tr\/wp-json\/wp\/v2\/media\/6229"}],"wp:attachment":[{"href":"https:\/\/key-arma.com\/tr\/wp-json\/wp\/v2\/media?parent=6230"}],"wp:term":[{"taxonomy":"product_brand","embeddable":true,"href":"https:\/\/key-arma.com\/tr\/wp-json\/wp\/v2\/product_brand?post=6230"},{"taxonomy":"product_cat","embeddable":true,"href":"https:\/\/key-arma.com\/tr\/wp-json\/wp\/v2\/product_cat?post=6230"},{"taxonomy":"product_tag","embeddable":true,"href":"https:\/\/key-arma.com\/tr\/wp-json\/wp\/v2\/product_tag?post=6230"}],"curies":[{"name":"wp","href":"https:\/\/api.w.org\/{rel}","templated":true}]}}