{"id":5275,"date":"2025-12-01T14:57:35","date_gmt":"2025-12-01T11:57:35","guid":{"rendered":"https:\/\/key-arma.com\/key-413\/"},"modified":"2026-05-07T14:50:56","modified_gmt":"2026-05-07T11:50:56","slug":"key-413","status":"publish","type":"product","link":"https:\/\/key-arma.com\/tr\/key-413\/","title":{"rendered":"KEY-413"},"content":{"rendered":"<p><strong>Kullan\u0131m Alan\u0131:<\/strong> Picatinny Ray<\/p>\n<h2>\u00d6ne \u00c7\u0131kan \u00d6zellikler<\/h2>\n<ul>\n<li><strong>D\u00f6nme Yetene\u011fi:<\/strong> 0\u00b0\u2013180\u00b0 aras\u0131nda 5 farkl\u0131 pozisyon ile katlanabilir, d\u00fczensiz arazi veya dinamik at\u0131\u015f s\u0131ras\u0131nda denge ve kontrol\u00fc art\u0131r\u0131r.<\/li>\n<li><strong>Picatinny Ray Uyumlulu\u011fu:<\/strong> Standart Picatinny raylara g\u00fcvenli bir \u015fekilde uyum sa\u011flar; aletsiz ve h\u0131zl\u0131 montaj ile g\u00fcvenilir performans sunar.<\/li>\n<li><strong>Dayan\u0131kl\u0131 Polimer Yap\u0131:<\/strong> Y\u00fcksek dayan\u0131ml\u0131 polimerden \u00fcretilmi\u015f olup, hafiflik ile sa\u011flaml\u0131\u011f\u0131 dengeler ve sahada kullan\u0131m i\u00e7in uygundur.<\/li>\n<\/ul>\n<h2><strong>Teknik \u00d6zellikler<\/strong><\/h2>\n<ul>\n<li>Malzeme: Polimer<\/li>\n<li><strong>A\u011f\u0131rl\u0131k:<\/strong> 0.1 kg<\/li>\n<\/ul>\n<p>&nbsp;<\/p>\n","protected":false},"excerpt":{"rendered":"<p>KEY-413, silah kontrol\u00fcn\u00fc art\u0131rmak ve at\u0131\u015f hassasiyetini iyile\u015ftirmek i\u00e7in tasarlanm\u0131\u015f, sa\u011flam ve ergonomik katlanabilir bir tutamakt\u0131r. Standart Picatinny ray sistemlerine sorunsuz \u015fekilde monte edilecek \u015fekilde \u00fcretilmi\u015ftir. Bu tutamak, 0\u00b0\u2013180\u00b0 aras\u0131nda 5 farkl\u0131 posiyona sa\u011fa ve sola d\u00f6nebilir; dikey, a\u00e7\u0131l\u0131 veya yatay tutamak olarak kullan\u0131labilir. Sahada ve at\u0131\u015f poligonunda KEY-413 \u00fcst\u00fcn kullan\u0131m, g\u00fcvenilirlik ve kolayl\u0131k sunar.  <\/p>\n","protected":false},"featured_media":6219,"template":"","meta":[],"product_brand":[],"product_cat":[46,72,74,51,52],"product_tag":[],"class_list":{"0":"post-5275","1":"product","2":"type-product","3":"status-publish","4":"has-post-thumbnail","6":"product_cat-on-tutamaklar","7":"product_cat-ak-47-aksesuarlari","8":"product_cat-ak-74-aksesuarlari","9":"product_cat-ak-parcalari","10":"product_cat-ar-parcalari","12":"first","13":"instock","14":"shipping-taxable","15":"purchasable","16":"product-type-variable"},"_links":{"self":[{"href":"https:\/\/key-arma.com\/tr\/wp-json\/wp\/v2\/product\/5275","targetHints":{"allow":["GET"]}}],"collection":[{"href":"https:\/\/key-arma.com\/tr\/wp-json\/wp\/v2\/product"}],"about":[{"href":"https:\/\/key-arma.com\/tr\/wp-json\/wp\/v2\/types\/product"}],"wp:featuredmedia":[{"embeddable":true,"href":"https:\/\/key-arma.com\/tr\/wp-json\/wp\/v2\/media\/6219"}],"wp:attachment":[{"href":"https:\/\/key-arma.com\/tr\/wp-json\/wp\/v2\/media?parent=5275"}],"wp:term":[{"taxonomy":"product_brand","embeddable":true,"href":"https:\/\/key-arma.com\/tr\/wp-json\/wp\/v2\/product_brand?post=5275"},{"taxonomy":"product_cat","embeddable":true,"href":"https:\/\/key-arma.com\/tr\/wp-json\/wp\/v2\/product_cat?post=5275"},{"taxonomy":"product_tag","embeddable":true,"href":"https:\/\/key-arma.com\/tr\/wp-json\/wp\/v2\/product_tag?post=5275"}],"curies":[{"name":"wp","href":"https:\/\/api.w.org\/{rel}","templated":true}]}}