{"id":5168,"date":"2025-11-29T01:52:27","date_gmt":"2025-11-28T22:52:27","guid":{"rendered":"https:\/\/key-arma.com\/cp\/"},"modified":"2026-03-12T21:25:45","modified_gmt":"2026-03-12T18:25:45","slug":"cp","status":"publish","type":"product","link":"https:\/\/key-arma.com\/tr\/cp\/","title":{"rendered":"CP"},"content":{"rendered":"<p>Kullan\u0131m Alan\u0131: \u201cVEGA, ORION &amp; SIRIUS\u201d dip\u00e7ik modelleriyle uyumludur.<\/p>\n<h2><strong>\u00d6ne \u00c7\u0131kan \u00d6zellikler<\/strong><\/h2>\n<ul>\n<li>Uyumluluk: KEY-ARMA\u2019n\u0131n yeni dip\u00e7ik modelleri olan \u201cVEGA, ORION &amp; SIRIUS\u201d ile uyumludur.<\/li>\n<li><strong>Aletsiz H\u0131zl\u0131 Montaj:<\/strong> Ergonomik ayar mandal\u0131 ile h\u0131zl\u0131 montaj ve s\u00f6kme imk\u00e2n\u0131 sunar; sahada kullan\u0131m i\u00e7in pratiktir.<\/li>\n<li>Ergonomik Profil: Uzun s\u00fcreli kullan\u0131mda konfor sa\u011flar ve at\u0131\u015f do\u011frulu\u011funu art\u0131r\u0131r.<\/li>\n<\/ul>\n<h2><strong>Teknik \u00d6zellikler<\/strong><\/h2>\n<ul>\n<li>Malzeme: Polimer<\/li>\n<\/ul>\n","protected":false},"excerpt":{"rendered":"<p>Hafif ve y\u00fcksek dayan\u0131ml\u0131 polimer yap\u0131ya sahip yanak y\u00fckselticimizle at\u0131\u015f stabilitenizi art\u0131r\u0131n. Yeni dip\u00e7ik modellerimiz \u201cVEGA, ORION &amp; SIRIUS\u201d i\u00e7in hassas uyumla tasarlanm\u0131\u015f olup, optiklerle hizalamay\u0131 iyile\u015ftiren rahat ve tutarl\u0131 bir yanak mesafesi sa\u011flar. Ergonomik formu, dayan\u0131kl\u0131 yap\u0131s\u0131 ve sa\u011flam montaj sistemi sayesinde taktik, avc\u0131l\u0131k ve sportif at\u0131\u015f uygulamalar\u0131 i\u00e7in idealdir.  <\/p>\n","protected":false},"featured_media":5399,"template":"","meta":[],"product_brand":[],"product_cat":[44,72,74,51,52],"product_tag":[],"class_list":{"0":"post-5168","1":"product","2":"type-product","3":"status-publish","4":"has-post-thumbnail","6":"product_cat-dipcikler","7":"product_cat-ak-47-aksesuarlari","8":"product_cat-ak-74-aksesuarlari","9":"product_cat-ak-parcalari","10":"product_cat-ar-parcalari","12":"first","13":"instock","14":"shipping-taxable","15":"purchasable","16":"product-type-variable"},"_links":{"self":[{"href":"https:\/\/key-arma.com\/tr\/wp-json\/wp\/v2\/product\/5168","targetHints":{"allow":["GET"]}}],"collection":[{"href":"https:\/\/key-arma.com\/tr\/wp-json\/wp\/v2\/product"}],"about":[{"href":"https:\/\/key-arma.com\/tr\/wp-json\/wp\/v2\/types\/product"}],"wp:featuredmedia":[{"embeddable":true,"href":"https:\/\/key-arma.com\/tr\/wp-json\/wp\/v2\/media\/5399"}],"wp:attachment":[{"href":"https:\/\/key-arma.com\/tr\/wp-json\/wp\/v2\/media?parent=5168"}],"wp:term":[{"taxonomy":"product_brand","embeddable":true,"href":"https:\/\/key-arma.com\/tr\/wp-json\/wp\/v2\/product_brand?post=5168"},{"taxonomy":"product_cat","embeddable":true,"href":"https:\/\/key-arma.com\/tr\/wp-json\/wp\/v2\/product_cat?post=5168"},{"taxonomy":"product_tag","embeddable":true,"href":"https:\/\/key-arma.com\/tr\/wp-json\/wp\/v2\/product_tag?post=5168"}],"curies":[{"name":"wp","href":"https:\/\/api.w.org\/{rel}","templated":true}]}}