{"id":5149,"date":"2025-11-17T23:31:33","date_gmt":"2025-11-17T20:31:33","guid":{"rendered":"https:\/\/key-arma.com\/key-607\/"},"modified":"2026-03-12T17:38:39","modified_gmt":"2026-03-12T14:38:39","slug":"key-607","status":"publish","type":"product","link":"https:\/\/key-arma.com\/tr\/key-607\/","title":{"rendered":"KEY-607"},"content":{"rendered":"<p>Kullan\u0131m Alan\u0131 : Universal<br \/>\nChamber safety flag, t\u00fcfe\u011fin haznesine yerle\u015ftirilerek mekanizman\u0131n bo\u015f ve g\u00fcvenli oldu\u011funu g\u00f6steren uyar\u0131 aparat\u0131d\u0131r.<\/p>\n","protected":false},"excerpt":{"rendered":"<p>Kullan\u0131m Alan\u0131 : Universal Chamber safety flag, t\u00fcfe\u011fin haznesine yerle\u015ftirilerek mekanizman\u0131n bo\u015f ve g\u00fcvenli oldu\u011funu g\u00f6steren uyar\u0131 aparat\u0131d\u0131r.<\/p>\n","protected":false},"featured_media":5148,"template":"","meta":[],"product_brand":[],"product_cat":[41,72,51,52,59],"product_tag":[],"class_list":{"0":"post-5149","1":"product","2":"type-product","3":"status-publish","4":"has-post-thumbnail","6":"product_cat-aksesuarlar","7":"product_cat-ak-47-aksesuarlari","8":"product_cat-ak-parcalari","9":"product_cat-ar-parcalari","10":"product_cat-glock-parcalari","12":"first","13":"instock","14":"shipping-taxable","15":"product-type-simple"},"_links":{"self":[{"href":"https:\/\/key-arma.com\/tr\/wp-json\/wp\/v2\/product\/5149","targetHints":{"allow":["GET"]}}],"collection":[{"href":"https:\/\/key-arma.com\/tr\/wp-json\/wp\/v2\/product"}],"about":[{"href":"https:\/\/key-arma.com\/tr\/wp-json\/wp\/v2\/types\/product"}],"wp:featuredmedia":[{"embeddable":true,"href":"https:\/\/key-arma.com\/tr\/wp-json\/wp\/v2\/media\/5148"}],"wp:attachment":[{"href":"https:\/\/key-arma.com\/tr\/wp-json\/wp\/v2\/media?parent=5149"}],"wp:term":[{"taxonomy":"product_brand","embeddable":true,"href":"https:\/\/key-arma.com\/tr\/wp-json\/wp\/v2\/product_brand?post=5149"},{"taxonomy":"product_cat","embeddable":true,"href":"https:\/\/key-arma.com\/tr\/wp-json\/wp\/v2\/product_cat?post=5149"},{"taxonomy":"product_tag","embeddable":true,"href":"https:\/\/key-arma.com\/tr\/wp-json\/wp\/v2\/product_tag?post=5149"}],"curies":[{"name":"wp","href":"https:\/\/api.w.org\/{rel}","templated":true}]}}