{"id":5143,"date":"2025-11-17T23:20:08","date_gmt":"2025-11-17T20:20:08","guid":{"rendered":"https:\/\/key-arma.com\/key-505\/"},"modified":"2025-12-01T18:21:53","modified_gmt":"2025-12-01T15:21:53","slug":"key-505","status":"publish","type":"product","link":"https:\/\/key-arma.com\/tr\/key-505\/","title":{"rendered":"KEY-505"},"content":{"rendered":"<p><strong>Kullan\u0131m Alan\u0131:<\/strong> Picatinny Tipi Kasalara Uygun<\/p>\n<p><strong>Katlan\u0131r Mekanizma:<\/strong> Sol veya sa\u011f el kullan\u0131c\u0131lar\u0131 i\u00e7in yap\u0131land\u0131r\u0131labilen yenilik\u00e7i katlan\u0131r t\u00fcp. Katlanma y\u00f6n\u00fcn\u00fc kolayca de\u011fi\u015ftirerek tercihinize uyacak \u015fekilde ayarlay\u0131n. <\/p>\n<p><strong>Alt\u0131 Pozisyonlu Ayarlanabilir T\u00fcp:<\/strong> \u00c7ekme uzunlu\u011funu alt\u0131 farkl\u0131 pozisyonda ince ayar yaparak geni\u015f kullan\u0131c\u0131 kitlesi i\u00e7in konforlu ve tekrarlanabilir bir uyum sa\u011flay\u0131n.<\/p>\n<p><strong>Picatinny Montaj\u0131:<\/strong> Picatinny tipi kasalara sahip t\u00fcfeklerine h\u0131zl\u0131, g\u00fcvenli ve kolay montaj i\u00e7in tasarlanm\u0131\u015ft\u0131r.<\/p>\n<p><strong>Y\u00fcksek Kaliteli Polimer Yap\u0131:<\/strong> Zorlu saha ko\u015fullar\u0131na dayan\u0131kl\u0131, bununla birlikte ek a\u011f\u0131rl\u0131k getirmeyen hafif polimer konstr\u00fcksiyon.<\/p>\n<h2>Neden KEY-505?<\/h2>\n<p><strong>\u00c7ok Y\u00f6nl\u00fc:<\/strong> Her iki el kullan\u0131m\u0131na uygun katlan\u0131r tasar\u0131m ve mod\u00fcler montaj se\u00e7enekleri sayesinde farkl\u0131 kurulumlara ve kullan\u0131c\u0131 tercihlerine uyum sa\u011flar.<\/p>\n<p><strong>Konfor Odakl\u0131:<\/strong> Birden fazla ayar pozisyonu ile ni\u015fan alma ve kontrol\u00fc art\u0131rmak i\u00e7in yanak temas\u0131 ve \u00e7ekme uzunlu\u011funu optimize edebilirsiniz.<\/p>\n<p><strong>Dayan\u0131kl\u0131 ve G\u00fcvenilir:<\/strong> Zorlu kullan\u0131m ko\u015fullar\u0131na dayanacak \u015fekilde tasarlanm\u0131\u015f, performanstan \u00f6d\u00fcn vermeyen hafif bir \u00e7\u00f6z\u00fcmd\u00fcr.<\/p>\n<p><strong>\u0130deal Y\u00fckseltme:<\/strong> Taktik operasyonlar, at\u0131\u015f poligonlar\u0131 veya g\u00fcvenilirlik ve \u00f6zelle\u015ftirmenin \u00f6nemli oldu\u011fu herhangi bir ortam i\u00e7in pratik bir geli\u015ftirme.<\/p>\n<p>KEY-505, taktik g\u00f6revlerden sportif at\u0131\u015flara kadar her zorlu ortamda \u00fcst\u00fcn i\u015flevsellik ve \u00f6zelle\u015ftirme sunarak t\u00fcfe\u011finiz i\u00e7in m\u00fckemmel bir y\u00fckseltme sa\u011flar.<\/p>\n<p>Mevcut Boyutlar: Mil-Spec \/ Comm-Spec<\/p>\n<p>Malzeme: Polimer<\/p>\n<p><strong>A\u011f\u0131rl\u0131k:<\/strong> 0.185 kg<\/p>\n","protected":false},"excerpt":{"rendered":"<p>KEY-505 Katlanabilir T\u00fcp + Adapt\u00f6r ile t\u00fcfe\u011finizin \u00e7ok y\u00f6nl\u00fcl\u00fc\u011f\u00fcn\u00fc, konforunu ve ergonomisini art\u0131r\u0131n. Hem Mil-Spec hem de Comm-Spec konfig\u00fcrasyonlar\u0131 i\u00e7in tasarlanm\u0131\u015f y\u00fcksek kaliteli polimer yap\u0131s\u0131 sayesinde KEY-505 dayan\u0131kl\u0131 performans, hafiflik ve zorlu ko\u015fullara uygun esneklik sunar. <\/p>\n","protected":false},"featured_media":5141,"template":"","meta":[],"product_brand":[],"product_cat":[43],"product_tag":[],"class_list":{"0":"post-5143","1":"product","2":"type-product","3":"status-publish","4":"has-post-thumbnail","6":"product_cat-dipcik-borulari","8":"first","9":"instock","10":"shipping-taxable","11":"purchasable","12":"product-type-variable"},"_links":{"self":[{"href":"https:\/\/key-arma.com\/tr\/wp-json\/wp\/v2\/product\/5143","targetHints":{"allow":["GET"]}}],"collection":[{"href":"https:\/\/key-arma.com\/tr\/wp-json\/wp\/v2\/product"}],"about":[{"href":"https:\/\/key-arma.com\/tr\/wp-json\/wp\/v2\/types\/product"}],"wp:featuredmedia":[{"embeddable":true,"href":"https:\/\/key-arma.com\/tr\/wp-json\/wp\/v2\/media\/5141"}],"wp:attachment":[{"href":"https:\/\/key-arma.com\/tr\/wp-json\/wp\/v2\/media?parent=5143"}],"wp:term":[{"taxonomy":"product_brand","embeddable":true,"href":"https:\/\/key-arma.com\/tr\/wp-json\/wp\/v2\/product_brand?post=5143"},{"taxonomy":"product_cat","embeddable":true,"href":"https:\/\/key-arma.com\/tr\/wp-json\/wp\/v2\/product_cat?post=5143"},{"taxonomy":"product_tag","embeddable":true,"href":"https:\/\/key-arma.com\/tr\/wp-json\/wp\/v2\/product_tag?post=5143"}],"curies":[{"name":"wp","href":"https:\/\/api.w.org\/{rel}","templated":true}]}}