{"id":5117,"date":"2025-10-31T15:21:38","date_gmt":"2025-10-31T12:21:38","guid":{"rendered":"https:\/\/key-arma.com\/key-107\/"},"modified":"2026-03-12T21:25:43","modified_gmt":"2026-03-12T18:25:43","slug":"key-107","status":"publish","type":"product","link":"https:\/\/key-arma.com\/tr\/key-107\/","title":{"rendered":"KEY-107"},"content":{"rendered":"<p><strong>Kullan\u0131m Alan\u0131:<\/strong> AK<\/p>\n<h2>Genel Bak\u0131\u015f<\/h2>\n<p>KEY-107, sadeli\u011fi, g\u00fcvenilirli\u011fi ve iyi performans\u0131 ile at\u0131c\u0131lar taraf\u0131ndan tercih edilen klasik bir AK t\u00fcfek kabzas\u0131 tasar\u0131md\u0131r. Y\u00fcksek kaliteli polimerden \u00fcretilmi\u015f olup, geleneksel kabza stilini tercih edenler i\u00e7in hafif ve dayan\u0131kl\u0131 bir \u00e7\u00f6z\u00fcm sunar. <\/p>\n<ul>\n<li><strong>Kan\u0131tlanm\u0131\u015f Tasar\u0131m<\/strong>: AK platformlar\u0131nda tutarl\u0131 ve g\u00fcvenilir performans sa\u011flayan, \u00f6zg\u00fcn tasar\u0131ml\u0131, yayg\u0131n olarak tan\u0131nan bir kabza.<\/li>\n<li><strong>Hafif Yap\u0131: <\/strong>G\u00fc\u00e7 veya dayan\u0131kl\u0131l\u0131ktan \u00f6d\u00fcn vermeden t\u00fcfe\u011fin genel a\u011f\u0131rl\u0131\u011f\u0131n\u0131 azaltmak i\u00e7in y\u00fcksek kaliteli polimer malzeme kullan\u0131lm\u0131\u015ft\u0131r.<\/li>\n<li><strong>Ekonomik ve G\u00fcvenilir:<\/strong> Standart tutu\u015f profili tercih eden kullan\u0131c\u0131lar i\u00e7in ideal.<\/li>\n<\/ul>\n<h2>Teknik \u00d6zellikler<\/h2>\n<ul>\n<li>Malzeme: Polimer<\/li>\n<li>A\u011f\u0131rl\u0131k: 0.080 kg<\/li>\n<\/ul>\n","protected":false},"excerpt":{"rendered":"<p>KEY-107, sadeli\u011fi, g\u00fcvenilirli\u011fi ve iyi performans\u0131 ile at\u0131c\u0131lar taraf\u0131ndan tercih edilen klasik bir AK t\u00fcfek kabzas\u0131 tasar\u0131md\u0131r. Y\u00fcksek kaliteli polimerden \u00fcretilmi\u015f olup, geleneksel kabza stilini tercih edenler i\u00e7in hafif ve dayan\u0131kl\u0131 bir \u00e7\u00f6z\u00fcm sunar. <\/p>\n","protected":false},"featured_media":5124,"template":"","meta":[],"product_brand":[],"product_cat":[47,72,74,51],"product_tag":[],"class_list":{"0":"post-5117","1":"product","2":"type-product","3":"status-publish","4":"has-post-thumbnail","6":"product_cat-kabzalar","7":"product_cat-ak-47-aksesuarlari","8":"product_cat-ak-74-aksesuarlari","9":"product_cat-ak-parcalari","11":"first","12":"instock","13":"shipping-taxable","14":"purchasable","15":"product-type-variable"},"_links":{"self":[{"href":"https:\/\/key-arma.com\/tr\/wp-json\/wp\/v2\/product\/5117","targetHints":{"allow":["GET"]}}],"collection":[{"href":"https:\/\/key-arma.com\/tr\/wp-json\/wp\/v2\/product"}],"about":[{"href":"https:\/\/key-arma.com\/tr\/wp-json\/wp\/v2\/types\/product"}],"wp:featuredmedia":[{"embeddable":true,"href":"https:\/\/key-arma.com\/tr\/wp-json\/wp\/v2\/media\/5124"}],"wp:attachment":[{"href":"https:\/\/key-arma.com\/tr\/wp-json\/wp\/v2\/media?parent=5117"}],"wp:term":[{"taxonomy":"product_brand","embeddable":true,"href":"https:\/\/key-arma.com\/tr\/wp-json\/wp\/v2\/product_brand?post=5117"},{"taxonomy":"product_cat","embeddable":true,"href":"https:\/\/key-arma.com\/tr\/wp-json\/wp\/v2\/product_cat?post=5117"},{"taxonomy":"product_tag","embeddable":true,"href":"https:\/\/key-arma.com\/tr\/wp-json\/wp\/v2\/product_tag?post=5117"}],"curies":[{"name":"wp","href":"https:\/\/api.w.org\/{rel}","templated":true}]}}