{"id":4883,"date":"2025-10-03T01:10:08","date_gmt":"2025-10-02T22:10:08","guid":{"rendered":"https:\/\/keyarma.splusweb.com.tr\/key-304\/"},"modified":"2026-03-12T21:26:42","modified_gmt":"2026-03-12T18:26:42","slug":"key-304","status":"publish","type":"product","link":"https:\/\/key-arma.com\/tr\/key-304\/","title":{"rendered":"KEY-304"},"content":{"rendered":"<p><strong>Kullan\u0131m Alan\u0131:<\/strong> Picatinny Ray<\/p>\n<h2>\u00d6ne \u00c7\u0131kan \u00d6zellikler<\/h2>\n<ul>\n<li><strong>Hassas Ayar Mekanizmas\u0131:<\/strong>\n<ul>\n<li><strong>\u00d6n Ni\u015fang\u00e2h:<\/strong> Yukar\u0131-a\u015fa\u011f\u0131 ayarlanabilir<\/li>\n<li><strong>Arka Ni\u015fang\u00e2h:<\/strong> Yukar\u0131-a\u015fa\u011f\u0131 ve sa\u011fa-sola ayarlanabilir<\/li>\n<\/ul>\n<\/li>\n<li><strong>Aletsiz Ayar:<\/strong> T\u00fcm ayarlamalar parmakla h\u0131zl\u0131 ve kolay bir \u015fekilde yap\u0131labilir.<\/li>\n<li><strong>Polimer G\u00f6vde:<\/strong> Is\u0131ya dayan\u0131kl\u0131 polimerden \u00fcretilmi\u015ftir; dayan\u0131kl\u0131l\u0131\u011f\u0131 korurken hafiflik sa\u011flar.<\/li>\n<li><strong>Picatinny Uyumlulu\u011fu:<\/strong> T\u00fcm standart Picatinny raylara sorunsuz \u015fekilde monte edilebilir.<\/li>\n<\/ul>\n<h2>Teknik \u00d6zellikler<\/h2>\n<ul>\n<li>Malzeme: Polimer<\/li>\n<li><strong>A\u011f\u0131rl\u0131k:<\/strong> 0.064 kg<\/li>\n<\/ul>\n","protected":false},"excerpt":{"rendered":"<p>KEY-304, standart Picatinny ray sistemleri ile uyumluluk i\u00e7in \u00fcretilmi\u015f benzersiz tasar\u0131ml\u0131 bir polimer ni\u015fangah setidir. Tasar\u0131m olarak di\u011fer modellerden farkl\u0131 olsa da, aletsiz parmak ayarlar\u0131 ve sa\u011flam dayan\u0131kl\u0131l\u0131k gibi temel \u00f6zellikleri korur. Hassas dikey ve yatay kontrol ile KEY-304, hem taktik hem de e\u011flence ama\u00e7l\u0131 at\u0131c\u0131lar i\u00e7in g\u00fcvenilir performans sunar.  <\/p>\n","protected":false},"featured_media":4043,"template":"","meta":[],"product_brand":[],"product_cat":[50,72,74,51,52],"product_tag":[],"class_list":{"0":"post-4883","1":"product","2":"type-product","3":"status-publish","4":"has-post-thumbnail","6":"product_cat-gez-ve-arpaciklar","7":"product_cat-ak-47-aksesuarlari","8":"product_cat-ak-74-aksesuarlari","9":"product_cat-ak-parcalari","10":"product_cat-ar-parcalari","12":"first","13":"instock","14":"shipping-taxable","15":"purchasable","16":"product-type-variable"},"_links":{"self":[{"href":"https:\/\/key-arma.com\/tr\/wp-json\/wp\/v2\/product\/4883","targetHints":{"allow":["GET"]}}],"collection":[{"href":"https:\/\/key-arma.com\/tr\/wp-json\/wp\/v2\/product"}],"about":[{"href":"https:\/\/key-arma.com\/tr\/wp-json\/wp\/v2\/types\/product"}],"wp:featuredmedia":[{"embeddable":true,"href":"https:\/\/key-arma.com\/tr\/wp-json\/wp\/v2\/media\/4043"}],"wp:attachment":[{"href":"https:\/\/key-arma.com\/tr\/wp-json\/wp\/v2\/media?parent=4883"}],"wp:term":[{"taxonomy":"product_brand","embeddable":true,"href":"https:\/\/key-arma.com\/tr\/wp-json\/wp\/v2\/product_brand?post=4883"},{"taxonomy":"product_cat","embeddable":true,"href":"https:\/\/key-arma.com\/tr\/wp-json\/wp\/v2\/product_cat?post=4883"},{"taxonomy":"product_tag","embeddable":true,"href":"https:\/\/key-arma.com\/tr\/wp-json\/wp\/v2\/product_tag?post=4883"}],"curies":[{"name":"wp","href":"https:\/\/api.w.org\/{rel}","templated":true}]}}