{"id":4879,"date":"2025-10-03T01:06:15","date_gmt":"2025-10-02T22:06:15","guid":{"rendered":"https:\/\/keyarma.splusweb.com.tr\/key-303\/"},"modified":"2026-03-12T21:26:41","modified_gmt":"2026-03-12T18:26:41","slug":"key-303","status":"publish","type":"product","link":"https:\/\/key-arma.com\/tr\/key-303\/","title":{"rendered":"KEY-303"},"content":{"rendered":"<p><strong>45\u00b0 A\u00e7\u0131<\/strong><\/p>\n<p>Kullan\u0131m Alan\u0131: Picatinny Ray<\/p>\n<h2>\u00d6ne \u00c7\u0131kan \u00d6zellikler<\/h2>\n<ul>\n<li><strong>45 Derece A\u00e7\u0131l\u0131 Tasar\u0131m: <\/strong>B\u00fcy\u00fctmeli optiklerle birlikte kullan\u0131mda yak\u0131n mesafe hedefleme i\u00e7in h\u0131zl\u0131 eri\u015fim ve \u00fcst\u00fcn g\u00f6r\u00fc\u015f sa\u011flar.<\/li>\n<li><strong>\u0130kincil Ni\u015fan Kabiliyeti:<\/strong> Katl\u0131yken dahi hedefleme imk\u00e2n\u0131 sunan entegre ni\u015fan kanal\u0131.<\/li>\n<li><strong>D\u00fc\u015f\u00fck Profilli Yap\u0131:<\/strong> Kullan\u0131lmad\u0131\u011f\u0131nda d\u0131\u015far\u0131da kalan par\u00e7a minimaldir, tak\u0131lma riskini azalt\u0131r.<\/li>\n<li><strong>Aletsiz Ayarlama<\/strong>: R\u00fczg\u00e2r ve y\u00fckselme ayarlar\u0131 parmakla h\u0131zl\u0131 \u015fekilde yap\u0131labilir.<\/li>\n<li><strong>Picatinny Uyumlulu\u011fu: <\/strong>Standart Picatinny raylara do\u011frudan monte edilerek h\u0131zl\u0131 ve sa\u011flam kurulum sa\u011flar.<\/li>\n<\/ul>\n<h2>Teknik \u00d6zellikler<\/h2>\n<ul>\n<li>Malzeme: Polimer<\/li>\n<li><strong>A\u011f\u0131rl\u0131k:<\/strong> 0.052 kg<\/li>\n<\/ul>\n<table style=\"height: 278px;\" width=\"581\">\n<tbody>\n<tr>\n<td width=\"138\">Gez<\/td>\n<td width=\"70\">Uzunluk<\/td>\n<td width=\"70\">Geni\u015flik<\/td>\n<td width=\"70\">Y\u00fckseklik<\/td>\n<\/tr>\n<tr>\n<td>Yat\u0131k Boyutlar<\/td>\n<td>5.32 cm<\/td>\n<td>5.78 cm<\/td>\n<td>1.23 cm<\/td>\n<\/tr>\n<tr>\n<td>Katlanm\u0131\u015f Boyutlar<\/td>\n<td>2.78 cm<\/td>\n<td>5.78 cm<\/td>\n<td>3.65 cm<\/td>\n<\/tr>\n<tr>\n<td>Taban Y\u00fcksekli\u011fi<\/td>\n<td style=\"text-align: center;\" colspan=\"3\">4.69 cm<\/td>\n<\/tr>\n<tr>\n<td>A\u011f\u0131rl\u0131k<\/td>\n<td style=\"text-align: center;\" colspan=\"3\">28 gr<\/td>\n<\/tr>\n<\/tbody>\n<\/table>\n<p>&nbsp;<\/p>\n<table style=\"height: 282px;\" width=\"581\">\n<tbody>\n<tr>\n<td width=\"138\">Arpac\u0131k<\/td>\n<td width=\"70\">Uzunluk<\/td>\n<td width=\"70\">Width<\/td>\n<td width=\"70\">Y\u00fckseklik<\/td>\n<\/tr>\n<tr>\n<td>Yat\u0131k Boyutlar<\/td>\n<td>5.32 cm<\/td>\n<td>5.60 cm<\/td>\n<td>1.23 cm<\/td>\n<\/tr>\n<tr>\n<td>Katlanm\u0131\u015f Boyutlar<\/td>\n<td>2.76 cm<\/td>\n<td>5.60 cm<\/td>\n<td>3.65 cm<\/td>\n<\/tr>\n<tr>\n<td>Taban Y\u00fcksekli\u011fi<\/td>\n<td style=\"text-align: center;\" colspan=\"3\">4.56 cm<\/td>\n<\/tr>\n<tr>\n<td>A\u011f\u0131rl\u0131k<\/td>\n<td style=\"text-align: center;\" colspan=\"3\">24 gr<\/td>\n<\/tr>\n<\/tbody>\n<\/table>\n<h2>Y\u00fckselme (Elevation) ve R\u00fczg\u00e2r (Windage) Ayarlar\u0131<\/h2>\n<ul>\n<li><strong>Arka Ni\u015fang\u00e2h \u2013 R\u00fczg\u00e2r Ayar\u0131 (Windage Adjustment)<\/strong>\n<ul>\n<li>~0.7 MOA (0.754 in\u00e7 \/ 100 m) her klikte \u2013 14.5&#8243; ni\u015fang\u00e2h mesafesi i\u00e7in<\/li>\n<li>~0.5 MOA (0.547 in\u00e7 \/ 100 m) her klikte \u2013 20&#8243; ni\u015fang\u00e2h mesafesi i\u00e7in<\/li>\n<\/ul>\n<\/li>\n<li><strong>\u00d6n Ni\u015fang\u00e2h \u2013 Y\u00fckselme Ayar\u0131 (Elevation Adjustment)<\/strong>\n<ul>\n<li>~0.64 MOA (0.754 in\u00e7 \/ 100 m) her klikte \u2013 14.5&#8243; ni\u015fang\u00e2h mesafesi i\u00e7in<\/li>\n<li>~0.48 MOA (0.547 in\u00e7 \/ 100 m) her klikte \u2013 20&#8243; ni\u015fang\u00e2h mesafesi i\u00e7in<\/li>\n<\/ul>\n<\/li>\n<\/ul>\n","protected":false},"excerpt":{"rendered":"<p>KEY-303, birincil opti\u011finizle \u00e7ak\u0131\u015fmadan yak\u0131n mesafeli hedeflere h\u0131zl\u0131 ge\u00e7i\u015f imk\u00e2n\u0131 sunmak i\u00e7in tasarlanm\u0131\u015f 45 derece a\u00e7\u0131l\u0131 bir flip-up (katlanabilir) ni\u015fang\u00e2h sistemidir. Taktik senaryolarda h\u0131zl\u0131 hedefleme ve ergonomi avantaj\u0131 sa\u011flayan bu sistem, d\u00fc\u015f\u00fck profilli yap\u0131s\u0131yla standart Picatinny raylara kusursuz \u015fekilde entegre olur. Katlanm\u0131\u015f halde bile kullan\u0131labilen entegre ikincil ni\u015fang\u00e2h kanal\u0131 ve aletsiz, parmakla yap\u0131lan ayarlamalar sayesinde her durumda pratik ve g\u00fcvenilirdir.  <\/p>\n","protected":false},"featured_media":4054,"template":"","meta":[],"product_brand":[],"product_cat":[50,72,74,51,52],"product_tag":[],"class_list":{"0":"post-4879","1":"product","2":"type-product","3":"status-publish","4":"has-post-thumbnail","6":"product_cat-gez-ve-arpaciklar","7":"product_cat-ak-47-aksesuarlari","8":"product_cat-ak-74-aksesuarlari","9":"product_cat-ak-parcalari","10":"product_cat-ar-parcalari","12":"first","13":"instock","14":"shipping-taxable","15":"purchasable","16":"product-type-variable"},"_links":{"self":[{"href":"https:\/\/key-arma.com\/tr\/wp-json\/wp\/v2\/product\/4879","targetHints":{"allow":["GET"]}}],"collection":[{"href":"https:\/\/key-arma.com\/tr\/wp-json\/wp\/v2\/product"}],"about":[{"href":"https:\/\/key-arma.com\/tr\/wp-json\/wp\/v2\/types\/product"}],"wp:featuredmedia":[{"embeddable":true,"href":"https:\/\/key-arma.com\/tr\/wp-json\/wp\/v2\/media\/4054"}],"wp:attachment":[{"href":"https:\/\/key-arma.com\/tr\/wp-json\/wp\/v2\/media?parent=4879"}],"wp:term":[{"taxonomy":"product_brand","embeddable":true,"href":"https:\/\/key-arma.com\/tr\/wp-json\/wp\/v2\/product_brand?post=4879"},{"taxonomy":"product_cat","embeddable":true,"href":"https:\/\/key-arma.com\/tr\/wp-json\/wp\/v2\/product_cat?post=4879"},{"taxonomy":"product_tag","embeddable":true,"href":"https:\/\/key-arma.com\/tr\/wp-json\/wp\/v2\/product_tag?post=4879"}],"curies":[{"name":"wp","href":"https:\/\/api.w.org\/{rel}","templated":true}]}}