{"id":4875,"date":"2025-10-03T00:57:36","date_gmt":"2025-10-02T21:57:36","guid":{"rendered":"https:\/\/keyarma.splusweb.com.tr\/key-302\/"},"modified":"2026-03-12T21:26:56","modified_gmt":"2026-03-12T18:26:56","slug":"key-302","status":"publish","type":"product","link":"https:\/\/key-arma.com\/tr\/key-302\/","title":{"rendered":"KEY-302"},"content":{"rendered":"<p><strong>Kullan\u0131m Alan\u0131:<\/strong> Picatinny Ray<\/p>\n<h2>\u00d6ne \u00c7\u0131kan \u00d6zellikler<\/h2>\n<ul>\n<li><strong>\u00c7ift Modlu Ni\u015fan Sistemi:<\/strong> Yat\u0131k haldeyken bile entegre ikincil ni\u015fang\u00e2hlar ile ni\u015fan almaya devam edebilirsiniz.<\/li>\n<li><strong>Yayl\u0131 Flip-Up Mekanizma:<\/strong> \u00dcstten bas\u0131larak veya her iki yandan kolayca aktive edilebilen yayl\u0131 a\u00e7\u0131l\u0131r mekanizma ile h\u0131zl\u0131 kullan\u0131m.<\/li>\n<li><strong>Aletsiz Ayarlama:<\/strong> R\u00fczg\u00e2r y\u00f6n\u00fc (arka) ve y\u00fckseklik (\u00f6n) ayarlar\u0131 parmakla yap\u0131labilir.<\/li>\n<li><strong>Picatinny Uyumlulu\u011fu: <\/strong>T\u00fcm standart Picatinny ray sistemlerine kolayca monte edilir.<\/li>\n<li><strong>Hafif ve Dayan\u0131kl\u0131:<\/strong> Y\u00fcksek kaliteli, \u0131s\u0131ya dayan\u0131kl\u0131 polimerden \u00fcretilmi\u015ftir.<\/li>\n<\/ul>\n<h2>Teknik \u00d6zellikler<\/h2>\n<ul>\n<li>Malzeme: Polimer<\/li>\n<li><strong>Weight:<\/strong>0.059kg<\/li>\n<\/ul>\n<table style=\"height: 168px;\" width=\"470\">\n<tbody>\n<tr>\n<td width=\"158\">Arpac\u0131k<\/td>\n<td width=\"64\">Uzunluk<\/td>\n<td width=\"64\">Width<\/td>\n<td width=\"64\">Y\u00fckseklik<\/td>\n<\/tr>\n<tr>\n<td>Yat\u0131k Boyutlar<\/td>\n<td style=\"text-align: center;\">6.7 cm<\/td>\n<td style=\"text-align: center;\">3.7 cm<\/td>\n<td style=\"text-align: center;\">1.9 cm<\/td>\n<\/tr>\n<tr>\n<td>Katlanm\u0131\u015f Boyutlar<\/td>\n<td style=\"text-align: center;\">3.8 cm<\/td>\n<td style=\"text-align: center;\">3.6 cm<\/td>\n<td style=\"text-align: center;\">4.7 cm<\/td>\n<\/tr>\n<tr>\n<td>Taban Y\u00fcksekli\u011fi<\/td>\n<td style=\"text-align: center;\" colspan=\"3\">3.75 cm<\/td>\n<\/tr>\n<tr>\n<td>A\u011f\u0131rl\u0131k<\/td>\n<td style=\"text-align: center;\" colspan=\"3\">29 gr<\/td>\n<\/tr>\n<\/tbody>\n<\/table>\n<p>&nbsp;<\/p>\n<table style=\"height: 177px;\" width=\"470\">\n<tbody>\n<tr>\n<td width=\"158\">Gez<\/td>\n<td width=\"64\">Uzunluk <\/td>\n<td width=\"64\">Geni\u015flik<\/td>\n<td width=\"64\">Y\u00fckseklik<\/td>\n<\/tr>\n<tr>\n<td>Yat\u0131k Boyutlar<\/td>\n<td style=\"text-align: center;\">6.7 cm<\/td>\n<td style=\"text-align: center;\">3.6 cm<\/td>\n<td style=\"text-align: center;\">1.9 cm<\/td>\n<\/tr>\n<tr>\n<td>Katlanm\u0131\u015f Boyutlar<\/td>\n<td style=\"text-align: center;\">3.8 cm<\/td>\n<td style=\"text-align: center;\">3.6 cm<\/td>\n<td style=\"text-align: center;\">4.9 cm<\/td>\n<\/tr>\n<tr>\n<td>Taban Y\u00fcksekli\u011fi<\/td>\n<td style=\"text-align: center;\" colspan=\"3\">3.75 cm<\/td>\n<\/tr>\n<tr>\n<td>A\u011f\u0131rl\u0131k<\/td>\n<td style=\"text-align: center;\" colspan=\"3\">30 gr<\/td>\n<\/tr>\n<\/tbody>\n<\/table>\n<h2>Y\u00fckselme (Elevation) ve R\u00fczg\u00e2r (Windage) Ayarlar\u0131<\/h2>\n<ul>\n<li><strong>Arka Ni\u015fang\u00e2h \u2013 R\u00fczg\u00e2r Ayar\u0131 (Windage Adjustment)<\/strong>\n<ul>\n<li>~0.7 MOA (0.754 in\u00e7 \/ 100 m) her klikte \u2013 14.5&#8243; ni\u015fang\u00e2h mesafesi i\u00e7in<\/li>\n<li>~0.5 MOA (0.547 in\u00e7 \/ 100 m) her klikte \u2013 20&#8243; ni\u015fang\u00e2h mesafesi i\u00e7in<\/li>\n<\/ul>\n<\/li>\n<li><strong>\u00d6n Ni\u015fang\u00e2h \u2013 Y\u00fckselme Ayar\u0131 (Elevation Adjustment)<\/strong>\n<ul>\n<li>~0.64 MOA (0.754 in\u00e7 \/ 100 m) her klikte \u2013 14.5&#8243; ni\u015fang\u00e2h mesafesi i\u00e7in<\/li>\n<li>~0.48 MOA (0.547 in\u00e7 \/ 100 m) her klikte \u2013 20&#8243; ni\u015fang\u00e2h mesafesi i\u00e7in<\/li>\n<\/ul>\n<\/li>\n<\/ul>\n","protected":false},"excerpt":{"rendered":"<p>KEY-302, standart Picatinny raylara sahip t\u00fcm platformlarla uyumlu, kompakt ve g\u00fcvenilir bir flip-up (katlanabilir) ni\u015fang\u00e2h setidir. Yak\u0131n mesafe \u00e7at\u0131\u015fmalar ve birincil optiklerle birlikte ikincil kullan\u0131m i\u00e7in tasarlanm\u0131\u015f olan bu ni\u015fang\u00e2hlar; d\u00fc\u015f\u00fck profilli, katlanabilir yap\u0131s\u0131 ve katl\u0131 haldeyken bile kullan\u0131labilen entegre ikincil ni\u015fan sistemi ile dikkat \u00e7eker. Hafif, dayan\u0131kl\u0131 ve parmakla ayarlanabilir olmas\u0131 sayesinde taktik ve sportif kullan\u0131c\u0131lar i\u00e7in m\u00fckemmel bir tercihtir.  <\/p>\n","protected":false},"featured_media":4065,"template":"","meta":[],"product_brand":[],"product_cat":[50,72,74,51,52],"product_tag":[],"class_list":{"0":"post-4875","1":"product","2":"type-product","3":"status-publish","4":"has-post-thumbnail","6":"product_cat-gez-ve-arpaciklar","7":"product_cat-ak-47-aksesuarlari","8":"product_cat-ak-74-aksesuarlari","9":"product_cat-ak-parcalari","10":"product_cat-ar-parcalari","12":"first","13":"instock","14":"shipping-taxable","15":"purchasable","16":"product-type-variable"},"_links":{"self":[{"href":"https:\/\/key-arma.com\/tr\/wp-json\/wp\/v2\/product\/4875","targetHints":{"allow":["GET"]}}],"collection":[{"href":"https:\/\/key-arma.com\/tr\/wp-json\/wp\/v2\/product"}],"about":[{"href":"https:\/\/key-arma.com\/tr\/wp-json\/wp\/v2\/types\/product"}],"wp:featuredmedia":[{"embeddable":true,"href":"https:\/\/key-arma.com\/tr\/wp-json\/wp\/v2\/media\/4065"}],"wp:attachment":[{"href":"https:\/\/key-arma.com\/tr\/wp-json\/wp\/v2\/media?parent=4875"}],"wp:term":[{"taxonomy":"product_brand","embeddable":true,"href":"https:\/\/key-arma.com\/tr\/wp-json\/wp\/v2\/product_brand?post=4875"},{"taxonomy":"product_cat","embeddable":true,"href":"https:\/\/key-arma.com\/tr\/wp-json\/wp\/v2\/product_cat?post=4875"},{"taxonomy":"product_tag","embeddable":true,"href":"https:\/\/key-arma.com\/tr\/wp-json\/wp\/v2\/product_tag?post=4875"}],"curies":[{"name":"wp","href":"https:\/\/api.w.org\/{rel}","templated":true}]}}