{"id":4871,"date":"2025-09-14T02:29:32","date_gmt":"2025-09-13T23:29:32","guid":{"rendered":"https:\/\/keyarma.splusweb.com.tr\/key-300\/"},"modified":"2026-03-12T21:27:37","modified_gmt":"2026-03-12T18:27:37","slug":"key-300","status":"publish","type":"product","link":"https:\/\/key-arma.com\/tr\/key-300\/","title":{"rendered":"KEY-300"},"content":{"rendered":"<h2>\u00d6ne \u00c7\u0131kan \u00d6zellikler<\/h2>\n<ul>\n<li><strong>\u00c7ift Modlu Ni\u015fan Sistemi:<\/strong> Yat\u0131k haldeyken bile entegre ikincil ni\u015fang\u00e2hlar ile ni\u015fan almaya devam edebilirsiniz.<\/li>\n<li><strong>Manuel A\u00e7\u0131l\u0131r\/Kapan\u0131r Mekanizma:<\/strong> Gerekti\u011finde h\u0131zl\u0131 ve kolay kullan\u0131m sa\u011flar.<\/li>\n<li><strong>Aletsiz Ayarlama:<\/strong> R\u00fczg\u00e2r y\u00f6n\u00fc (arka) ve y\u00fckseklik (\u00f6n) ayarlar\u0131 parmakla yap\u0131labilir.<\/li>\n<li><strong>Picatinny Uyumlulu\u011fu: <\/strong>T\u00fcm standart Picatinny ray sistemlerine kolayca monte edilir.<\/li>\n<li><strong>Hafif ve Dayan\u0131kl\u0131:<\/strong> Y\u00fcksek kaliteli, \u0131s\u0131ya dayan\u0131kl\u0131 polimerden \u00fcretilmi\u015ftir.<\/li>\n<li><strong>Y\u00fcksek Polimer \u0130\u00e7erik:<\/strong> T\u00fcm par\u00e7alar polimer malzemedendir; yaln\u0131zca montaj vidas\u0131 ve katlama yay\u0131 metal olup, bu sayede a\u011f\u0131rl\u0131k azalt\u0131l\u0131rken yap\u0131sal dayan\u0131kl\u0131l\u0131k korunur.<\/li>\n<\/ul>\n<h2>Teknik \u00d6zellikler<\/h2>\n<ul>\n<li>Malzeme: Polimer<\/li>\n<li><strong>A\u011f\u0131rl\u0131k:<\/strong> 0,040 kg<\/li>\n<\/ul>\n<table style=\"height: 173px;\" width=\"508\">\n<tbody>\n<tr>\n<td width=\"158\">Gez<\/td>\n<td width=\"64\">Uzunluk<\/td>\n<td width=\"64\">Geni\u015flik<\/td>\n<td width=\"64\">Y\u00fckseklik<\/td>\n<\/tr>\n<tr>\n<td width=\"158\">Yat\u0131k Boyutlar<\/td>\n<td style=\"text-align: center;\" width=\"64\">5.56 cm<\/td>\n<td style=\"text-align: center;\" width=\"64\">3.44 cm<\/td>\n<td style=\"text-align: center;\" width=\"64\">1.27 cm<\/td>\n<\/tr>\n<tr>\n<td width=\"158\">Katlanm\u0131\u015f Boyutlar<\/td>\n<p><\/p>\n<td style=\"text-align: center;\" width=\"64\">2.84 cm<\/td>\n<td style=\"text-align: center;\" width=\"64\">3.44 cm<\/td>\n<td style=\"text-align: center;\" width=\"64\">3.55 cm<\/td>\n<\/tr>\n<tr>\n<td width=\"158\">Taban Y\u00fcksekli\u011fi<\/td>\n<td style=\"text-align: center;\" colspan=\"3\" width=\"192\">4.72 cm<\/td>\n<\/tr>\n<tr>\n<td width=\"158\">A\u011f\u0131rl\u0131k<\/td>\n<td style=\"text-align: center;\" colspan=\"3\" width=\"192\">21 gr<\/td>\n<\/tr>\n<\/tbody>\n<\/table>\n<p>&nbsp;<\/p>\n<table style=\"height: 172px;\" width=\"509\">\n<tbody>\n<tr>\n<td width=\"158\">Arpac\u0131k<\/td>\n<td width=\"64\">Uzunluk<\/td>\n<td width=\"64\">Width<\/td>\n<td width=\"64\">Y\u00fckseklik<\/td>\n<\/tr>\n<tr>\n<td width=\"158\">Yat\u0131k Boyutlar<\/td>\n<td style=\"text-align: center;\" width=\"64\">5.44 cm<\/td>\n<td style=\"text-align: center;\" width=\"64\">3.36 cm<\/td>\n<td style=\"text-align: center;\" width=\"64\">1.27 cm<\/td>\n<\/tr>\n<tr>\n<td width=\"158\">Katlanm\u0131\u015f Boyutlar<\/td>\n<td style=\"text-align: center;\" width=\"64\">2.78 cm<\/td>\n<td style=\"text-align: center;\" width=\"64\">3.36 cm<\/td>\n<td style=\"text-align: center;\" width=\"64\">3.55 cm<\/td>\n<\/tr>\n<tr>\n<td width=\"158\">Taban Y\u00fcksekli\u011fi<\/td>\n<td style=\"text-align: center;\" colspan=\"3\" width=\"192\">4.6 cm<\/td>\n<\/tr>\n<tr>\n<td width=\"158\">A\u011f\u0131rl\u0131k<\/td>\n<td style=\"text-align: center;\" colspan=\"3\" width=\"192\">19 gr<\/td>\n<\/tr>\n<\/tbody>\n<\/table>\n<ul>\n<li><strong>Arka Ni\u015fang\u00e2h \u2013 R\u00fczg\u00e2r Ayar\u0131 (Windage Adjustment)<\/strong>\n<ul>\n<li>~0.7 MOA (0.754 in\u00e7 \/ 100 m) her klikte \u2013 14.5&#8243; ni\u015fang\u00e2h mesafesi i\u00e7in<\/li>\n<li>~0.5 MOA (0.547 in\u00e7 \/ 100 m) her klikte \u2013 20&#8243; ni\u015fang\u00e2h mesafesi i\u00e7in<\/li>\n<\/ul>\n<\/li>\n<\/ul>\n<ul>\n<li><strong>\u00d6n Ni\u015fang\u00e2h \u2013 Y\u00fckselme Ayar\u0131 (Elevation Adjustment)<\/strong>\n<ul>\n<li>~0.64 MOA (0.754 in\u00e7 \/ 100 m) her klikte \u2013 14.5&#8243; ni\u015fang\u00e2h mesafesi i\u00e7in<\/li>\n<li>~0.48 MOA (0.547 in\u00e7 \/ 100 m) her klikte \u2013 20&#8243; ni\u015fang\u00e2h mesafesi i\u00e7in<\/li>\n<\/ul>\n<\/li>\n<\/ul>\n","protected":false},"excerpt":{"rendered":"<p>KEY-300, standart Picatinny raylara sahip t\u00fcm platformlarla uyumlu, kompakt ve g\u00fcvenilir bir flip-up (katlanabilir) yedek ni\u015fang\u00e2h setidir. Yak\u0131n mesafe kullan\u0131mlar veya birincil optiklerin yan\u0131nda ikincil ni\u015fan alma ihtiyac\u0131 i\u00e7in tasarlanm\u0131\u015f bu ni\u015fang\u00e2hlar; d\u00fc\u015f\u00fck profilli, katlanabilir yap\u0131s\u0131 ve yat\u0131k halde bile ni\u015fan almay\u0131 m\u00fcmk\u00fcn k\u0131lan entegre ikincil g\u00f6r\u00fc\u015f sistemi ile \u00f6ne \u00e7\u0131kar. Hafif, dayan\u0131kl\u0131 ve parmakla ayarlanabilir olmas\u0131 sayesinde hem taktik hem de sportif at\u0131c\u0131lar i\u00e7in ideal bir \u00e7\u00f6z\u00fcmd\u00fcr.  <\/p>\n","protected":false},"featured_media":4136,"template":"","meta":[],"product_brand":[],"product_cat":[50,72,74,51,52],"product_tag":[],"class_list":{"0":"post-4871","1":"product","2":"type-product","3":"status-publish","4":"has-post-thumbnail","6":"product_cat-gez-ve-arpaciklar","7":"product_cat-ak-47-aksesuarlari","8":"product_cat-ak-74-aksesuarlari","9":"product_cat-ak-parcalari","10":"product_cat-ar-parcalari","12":"first","13":"instock","14":"shipping-taxable","15":"purchasable","16":"product-type-variable"},"_links":{"self":[{"href":"https:\/\/key-arma.com\/tr\/wp-json\/wp\/v2\/product\/4871","targetHints":{"allow":["GET"]}}],"collection":[{"href":"https:\/\/key-arma.com\/tr\/wp-json\/wp\/v2\/product"}],"about":[{"href":"https:\/\/key-arma.com\/tr\/wp-json\/wp\/v2\/types\/product"}],"wp:featuredmedia":[{"embeddable":true,"href":"https:\/\/key-arma.com\/tr\/wp-json\/wp\/v2\/media\/4136"}],"wp:attachment":[{"href":"https:\/\/key-arma.com\/tr\/wp-json\/wp\/v2\/media?parent=4871"}],"wp:term":[{"taxonomy":"product_brand","embeddable":true,"href":"https:\/\/key-arma.com\/tr\/wp-json\/wp\/v2\/product_brand?post=4871"},{"taxonomy":"product_cat","embeddable":true,"href":"https:\/\/key-arma.com\/tr\/wp-json\/wp\/v2\/product_cat?post=4871"},{"taxonomy":"product_tag","embeddable":true,"href":"https:\/\/key-arma.com\/tr\/wp-json\/wp\/v2\/product_tag?post=4871"}],"curies":[{"name":"wp","href":"https:\/\/api.w.org\/{rel}","templated":true}]}}