{"id":4867,"date":"2025-09-14T02:21:12","date_gmt":"2025-09-13T23:21:12","guid":{"rendered":"https:\/\/keyarma.splusweb.com.tr\/key-807\/"},"modified":"2026-03-12T17:39:27","modified_gmt":"2026-03-12T14:39:27","slug":"key-807","status":"publish","type":"product","link":"https:\/\/key-arma.com\/tr\/key-807\/","title":{"rendered":"KEY-807"},"content":{"rendered":"<p><strong>Kullan\u0131m Alan\u0131:<\/strong> AK47 \/ AKMs<\/p>\n<h2>\u00d6ne \u00c7\u0131kan \u00d6zellikler<\/h2>\n<ul>\n<li><strong>Sa\u011flam Polimer Yap\u0131:<\/strong> Enjeksiyon polimer g\u00f6vde.<\/li>\n<li><strong>Tam Donan\u0131m:<\/strong> Alt kapak, gerdel ve paslanmaz \u00e7elik yay ile g\u00fcvenilir ve ak\u0131c\u0131 fi\u015fek besleme.<\/li>\n<li><strong>\u015eeffaf Pencereler:<\/strong> Her iki yandaki pencereler sayesinde h\u0131zl\u0131 m\u00fchimmat kontrol\u00fc.<\/li>\n<li><strong>Opsiyonel Metal Kancalar:<\/strong> \u00d6n ve arka ucu metalli veya polimer se\u00e7eneklerle farkl\u0131 ta\u015f\u0131ma ve montaj tercihlerine uygunluk.<\/li>\n<li><strong>AK47 &amp; AKMs Uyumlulu\u011fu:<\/strong> 7.62x39mm kalibreli her iki t\u00fcfek platformuyla tam uyumlu.<\/li>\n<li><strong>Renk Se\u00e7enekleri:<\/strong> Siyah, \u015eeffaf, Ye\u015fil ve Flat Dark Earth (FDE) renk se\u00e7enekleriyle silah ve ekipmanlar\u0131n\u0131za uyum sa\u011flar.<\/li>\n<\/ul>\n<h2>Teknik \u00d6zellikler<\/h2>\n<ul>\n<li><strong>Kalibre:<\/strong> 7.62&#215;39<\/li>\n<li><strong>Kapasite:<\/strong> 30 Fi\u015fek<\/li>\n<li>Malzeme: Polimer<\/li>\n<li><strong>A\u011f\u0131rl\u0131k:<\/strong> 0,206 kg<\/li>\n<\/ul>\n","protected":false},"excerpt":{"rendered":"<p>KEY-807, 7.62x39mm kalibreli AK47 ve AKMs t\u00fcfekler i\u00e7in tasarlanm\u0131\u015f dayan\u0131kl\u0131 ve y\u00fcksek kapasiteli bir 30\u2019luk \u015farj\u00f6rd\u00fcr. Tam enjeksiyon polimerden \u00fcretilmi\u015f yap\u0131s\u0131, hafifli\u011fi ve sa\u011flaml\u0131\u011f\u0131 bir arada sunar. Alt kapak, yay pulu, gerdele ve paslanmaz \u00e7elik yaya sahip bu \u015farj\u00f6r, kesintisiz ve g\u00fcvenilir fi\u015fek beslemesi sa\u011flar. \u0130ki adet \u015feffaf pencere sayesinde kalan fi\u015fek miktar\u0131 kolayca kontrol edilebilir. \u00d6n ve arka ucu metalli veya polimer se\u00e7enekleriyle farkl\u0131 kullan\u0131c\u0131 ihtiya\u00e7lar\u0131na uyum sa\u011flar.    <\/p>\n","protected":false},"featured_media":4147,"template":"","meta":[],"product_brand":[],"product_cat":[49,63,72,51],"product_tag":[],"class_list":{"0":"post-4867","1":"product","2":"type-product","3":"status-publish","4":"has-post-thumbnail","6":"product_cat-sarjorler","7":"product_cat-7-62-sarjorler","8":"product_cat-ak-47-aksesuarlari","9":"product_cat-ak-parcalari","11":"first","12":"instock","13":"shipping-taxable","14":"purchasable","15":"product-type-variable"},"_links":{"self":[{"href":"https:\/\/key-arma.com\/tr\/wp-json\/wp\/v2\/product\/4867","targetHints":{"allow":["GET"]}}],"collection":[{"href":"https:\/\/key-arma.com\/tr\/wp-json\/wp\/v2\/product"}],"about":[{"href":"https:\/\/key-arma.com\/tr\/wp-json\/wp\/v2\/types\/product"}],"wp:featuredmedia":[{"embeddable":true,"href":"https:\/\/key-arma.com\/tr\/wp-json\/wp\/v2\/media\/4147"}],"wp:attachment":[{"href":"https:\/\/key-arma.com\/tr\/wp-json\/wp\/v2\/media?parent=4867"}],"wp:term":[{"taxonomy":"product_brand","embeddable":true,"href":"https:\/\/key-arma.com\/tr\/wp-json\/wp\/v2\/product_brand?post=4867"},{"taxonomy":"product_cat","embeddable":true,"href":"https:\/\/key-arma.com\/tr\/wp-json\/wp\/v2\/product_cat?post=4867"},{"taxonomy":"product_tag","embeddable":true,"href":"https:\/\/key-arma.com\/tr\/wp-json\/wp\/v2\/product_tag?post=4867"}],"curies":[{"name":"wp","href":"https:\/\/api.w.org\/{rel}","templated":true}]}}