{"id":4863,"date":"2025-09-14T02:17:01","date_gmt":"2025-09-13T23:17:01","guid":{"rendered":"https:\/\/keyarma.splusweb.com.tr\/key-806\/"},"modified":"2026-03-12T18:48:07","modified_gmt":"2026-03-12T15:48:07","slug":"key-806","status":"publish","type":"product","link":"https:\/\/key-arma.com\/tr\/key-806\/","title":{"rendered":"KEY-806"},"content":{"rendered":"<p><strong>Kullan\u0131m Alan\u0131:<\/strong> AR-15<\/p>\n<h2>\u00d6ne \u00c7\u0131kan \u00d6zellikler<\/h2>\n<ul>\n<li><strong>Dayan\u0131kl\u0131 Polimer Yap\u0131:<\/strong> Enjeksiyon polimer g\u00f6vde.<\/li>\n<li><strong>Tam Donan\u0131m:<\/strong> Alt kapak, gerdel,yay pulu ve paslanmaz \u00e7elik yay ile sorunsuz fi\u015fek beslemesi.<\/li>\n<li><strong>\u015eeffaf Pencere:<\/strong> Sa\u011f tarafta bulunan pencere sayesinde h\u0131zl\u0131 m\u00fchimmat kontrol\u00fc<\/li>\n<li><strong>Standart AR-15 Uyumu:<\/strong> 5.56x45mm \/ .223 Rem kalibreli \u00e7o\u011fu AR-15 platformu ile tam uyumlu.<\/li>\n<li><strong>Renk Se\u00e7enekleri:<\/strong> Siyah, \u015eeffaf, Ye\u015fil ve Flat Dark Earth (FDE) renk se\u00e7enekleriyle silah ve ekipmanlar\u0131n\u0131za uyum sa\u011flar.<\/li>\n<\/ul>\n<h2>Teknik \u00d6zellikler<\/h2>\n<ul>\n<li><strong>Kalibre:<\/strong> 5.56&#215;45 \/ .223 Rem<\/li>\n<li><strong>Kapasite:<\/strong> 10 Fi\u015fek<\/li>\n<li>Malzeme: Polimer<\/li>\n<li><strong>A\u011f\u0131rl\u0131k:<\/strong> 0,079 kg<\/li>\n<\/ul>\n","protected":false},"excerpt":{"rendered":"<p>KEY-806, 5.56x45mm veya .223 Remington kalibreli AR-15 t\u00fcfekler i\u00e7in \u00f6zel olarak tasarlanm\u0131\u015f kompakt yap\u0131l\u0131 10\u2019luk bir \u015farj\u00f6rd\u00fcr. Tam enjeksiyon polimer g\u00f6vdesi sayesinde hafiflik ve dayan\u0131kl\u0131l\u0131\u011f\u0131 bir arada sunar. Sa\u011f taraf\u0131nda bulunan \u015feffaf pencere, kalan m\u00fchimmat\u0131n h\u0131zl\u0131ca kontrol edilmesini sa\u011flar. D\u00fc\u015f\u00fck kapasiteli kullan\u0131m gereksinimlerine ve yasal s\u0131n\u0131rlamalara uygun yap\u0131s\u0131yla \u00f6ne \u00e7\u0131kar.  <\/p>\n","protected":false},"featured_media":4159,"template":"","meta":[],"product_brand":[],"product_cat":[49,68,52],"product_tag":[],"class_list":{"0":"post-4863","1":"product","2":"type-product","3":"status-publish","4":"has-post-thumbnail","6":"product_cat-sarjorler","7":"product_cat-5-56-sarjorler","8":"product_cat-ar-parcalari","10":"first","11":"instock","12":"shipping-taxable","13":"purchasable","14":"product-type-variable"},"_links":{"self":[{"href":"https:\/\/key-arma.com\/tr\/wp-json\/wp\/v2\/product\/4863","targetHints":{"allow":["GET"]}}],"collection":[{"href":"https:\/\/key-arma.com\/tr\/wp-json\/wp\/v2\/product"}],"about":[{"href":"https:\/\/key-arma.com\/tr\/wp-json\/wp\/v2\/types\/product"}],"wp:featuredmedia":[{"embeddable":true,"href":"https:\/\/key-arma.com\/tr\/wp-json\/wp\/v2\/media\/4159"}],"wp:attachment":[{"href":"https:\/\/key-arma.com\/tr\/wp-json\/wp\/v2\/media?parent=4863"}],"wp:term":[{"taxonomy":"product_brand","embeddable":true,"href":"https:\/\/key-arma.com\/tr\/wp-json\/wp\/v2\/product_brand?post=4863"},{"taxonomy":"product_cat","embeddable":true,"href":"https:\/\/key-arma.com\/tr\/wp-json\/wp\/v2\/product_cat?post=4863"},{"taxonomy":"product_tag","embeddable":true,"href":"https:\/\/key-arma.com\/tr\/wp-json\/wp\/v2\/product_tag?post=4863"}],"curies":[{"name":"wp","href":"https:\/\/api.w.org\/{rel}","templated":true}]}}