{"id":4859,"date":"2025-09-14T02:12:17","date_gmt":"2025-09-13T23:12:17","guid":{"rendered":"https:\/\/keyarma.splusweb.com.tr\/key-805\/"},"modified":"2026-03-13T12:41:55","modified_gmt":"2026-03-13T09:41:55","slug":"key-805","status":"publish","type":"product","link":"https:\/\/key-arma.com\/tr\/key-805\/","title":{"rendered":"KEY-805"},"content":{"rendered":"<p><strong>Kullan\u0131m Alan\u0131:<\/strong> AK74<\/p>\n<h2>\u00d6ne \u00c7\u0131kan \u00d6zellikler<\/h2>\n<ul>\n<li><strong>Dayan\u0131kl\u0131 Polimer G\u00f6vde:<\/strong> Kolay temizlik ve bak\u0131m i\u00e7in \u00e7\u0131kar\u0131labilir taban plakal\u0131, tamamen enjeksiyonla kal\u0131planm\u0131\u015f yap\u0131.<\/li>\n<li><strong>Tam Donan\u0131m: <\/strong>Alt kapak,yay pulu,gerdel ve paslanmaz \u00e7elik yay ile istikrarl\u0131 fi\u015fek beslemesi.<\/li>\n<li><strong>\u015eeffaf Pencereler:<\/strong> \u00c7ift pencere tasar\u0131m\u0131yla h\u0131zl\u0131 m\u00fchimmat kontrol\u00fc.<\/li>\n<li><strong>Opsiyonel Metal K\u0131s\u0131mlar:<\/strong> Kasaya giren \u00f6n ve arka u\u00e7 k\u0131s\u0131mlar\u0131 metalli ya da polimer se\u00e7enekleri ile farkl\u0131 tercihlere uygunluk.<\/li>\n<li><strong>AK74 Uyumlulu\u011fu:<\/strong> 5.45x39mm fi\u015fekle \u00e7al\u0131\u015fan her iki t\u00fcfek platformuyla tam uyumluluk.<\/li>\n<li><strong>Renk Se\u00e7enekleri:<\/strong> Siyah, \u015eeffaf, Ye\u015fil ve Flat Dark Earth (FDE) renk se\u00e7enekleriyle silah ve ekipmanlar\u0131n\u0131za uyum sa\u011flar.<\/li>\n<\/ul>\n<h2>Teknik \u00d6zellikler<\/h2>\n<ul>\n<li><strong>Kalibre:<\/strong> 5.45&#215;39<\/li>\n<li><strong>Kapasite:<\/strong> 30 Fi\u015fek<\/li>\n<li>Malzeme: Polimer<\/li>\n<li><strong>A\u011f\u0131rl\u0131k:<\/strong> 0,187 kg<\/li>\n<\/ul>\n","protected":false},"excerpt":{"rendered":"<p>KEY-805 \u015farj\u00f6r, 5.45x39mm fi\u015feklerle \u00e7al\u0131\u015fan AK74 t\u00fcfe\u011fi i\u00e7in \u00f6zel olarak tasarlanm\u0131\u015ft\u0131r. Tam enjeksiyon polimer g\u00f6vdesi sayesinde y\u00fcksek dayan\u0131kl\u0131l\u0131k ve d\u00fc\u015f\u00fck a\u011f\u0131rl\u0131k sunar. 30 fi\u015fek kapasiteli bu \u015farj\u00f6r, paslanmaz \u00e7elik yay\u0131 sayesinde sorunsuz ve g\u00fcvenilir fi\u015fek beslemesi sa\u011flar. \u0130ki adet \u015feffaf pencere ile kalan m\u00fchimmat kolayca kontrol edilebilir. \u00d6n ve arka u\u00e7larda metal par\u00e7a bulunan ya da polimer versiyon se\u00e7enekleri ile farkl\u0131 kullan\u0131c\u0131 ihtiya\u00e7lar\u0131na hitap eder.    <\/p>\n","protected":false},"featured_media":4173,"template":"","meta":[],"product_brand":[],"product_cat":[49,70,74,51],"product_tag":[],"class_list":{"0":"post-4859","1":"product","2":"type-product","3":"status-publish","4":"has-post-thumbnail","6":"product_cat-sarjorler","7":"product_cat-5-45-sarjorler","8":"product_cat-ak-74-aksesuarlari","9":"product_cat-ak-parcalari","11":"first","12":"instock","13":"shipping-taxable","14":"purchasable","15":"product-type-variable"},"_links":{"self":[{"href":"https:\/\/key-arma.com\/tr\/wp-json\/wp\/v2\/product\/4859","targetHints":{"allow":["GET"]}}],"collection":[{"href":"https:\/\/key-arma.com\/tr\/wp-json\/wp\/v2\/product"}],"about":[{"href":"https:\/\/key-arma.com\/tr\/wp-json\/wp\/v2\/types\/product"}],"wp:featuredmedia":[{"embeddable":true,"href":"https:\/\/key-arma.com\/tr\/wp-json\/wp\/v2\/media\/4173"}],"wp:attachment":[{"href":"https:\/\/key-arma.com\/tr\/wp-json\/wp\/v2\/media?parent=4859"}],"wp:term":[{"taxonomy":"product_brand","embeddable":true,"href":"https:\/\/key-arma.com\/tr\/wp-json\/wp\/v2\/product_brand?post=4859"},{"taxonomy":"product_cat","embeddable":true,"href":"https:\/\/key-arma.com\/tr\/wp-json\/wp\/v2\/product_cat?post=4859"},{"taxonomy":"product_tag","embeddable":true,"href":"https:\/\/key-arma.com\/tr\/wp-json\/wp\/v2\/product_tag?post=4859"}],"curies":[{"name":"wp","href":"https:\/\/api.w.org\/{rel}","templated":true}]}}