{"id":4855,"date":"2025-09-14T02:04:51","date_gmt":"2025-09-13T23:04:51","guid":{"rendered":"https:\/\/keyarma.splusweb.com.tr\/key-804\/"},"modified":"2026-03-12T18:55:45","modified_gmt":"2026-03-12T15:55:45","slug":"key-804","status":"publish","type":"product","link":"https:\/\/key-arma.com\/tr\/key-804\/","title":{"rendered":"KEY-804"},"content":{"rendered":"<p><strong>Kullan\u0131m Alan\u0131:<\/strong> AR-15<\/p>\n<h2>\u00d6ne \u00c7\u0131kan \u00d6zellikler<\/h2>\n<ul>\n<li><strong>Dayan\u0131kl\u0131 Polimer Yap\u0131:<\/strong> Kolay bak\u0131m i\u00e7in \u00e7\u0131kar\u0131labilir alt kapak, tam enjeksiyon polimer g\u00f6vde.<\/li>\n<li><strong>Tam Donan\u0131m:<\/strong> Alt kapak, yay pulu, gerdel ve paslanmaz \u00e7elik yay ile g\u00fcvenilir besleme ve ak\u0131c\u0131 \u00e7al\u0131\u015fma.<\/li>\n<li><strong>\u015eeffaf Pencereler:<\/strong> \u00c7ift tarafl\u0131 pencereler ile kalan m\u00fchimmat miktar\u0131n\u0131 tek bak\u0131\u015fta g\u00f6rebilme imk\u00e2n\u0131.<\/li>\n<li><strong>Standart AR-15 Uyumu:<\/strong> 5.56x45mm \/ .223 Rem kalibreli \u00e7o\u011fu AR-15 platformu ile tam uyumlu.<\/li>\n<li><strong>Renk Se\u00e7enekleri:<\/strong> Siyah, \u015eeffaf, Ye\u015fil ve Flat Dark Earth (FDE) renk se\u00e7enekleriyle silah ve ekipmanlar\u0131n\u0131za uyum sa\u011flar.<\/li>\n<\/ul>\n<h2>Teknik \u00d6zellikler<\/h2>\n<ul>\n<li><strong>Kalibre:<\/strong> 5.56&#215;45 \/ .223 Rem<\/li>\n<li><strong>Kapasite:<\/strong> 30 Fi\u015fek<\/li>\n<li>Malzeme: Polimer<\/li>\n<li><strong>A\u011f\u0131rl\u0131k:<\/strong> 0,152 kg<\/li>\n<\/ul>\n","protected":false},"excerpt":{"rendered":"<p>KEY-804, 5.56x45mm veya .223 Remington fi\u015feklerle \u00e7al\u0131\u015fan AR-15 t\u00fcfekler i\u00e7in \u00f6zel olarak tasarlanm\u0131\u015f y\u00fcksek kapasiteli 30\u2019luk bir \u015farj\u00f6rd\u00fcr. Tam enjeksiyon polimer g\u00f6vdesi ile dayan\u0131kl\u0131l\u0131k ve hafiflik sunar. \u00dczerinde yer alan iki \u015feffaf pencere sayesinde kalan fi\u015fek miktar\u0131 h\u0131zl\u0131ca g\u00f6r\u00fclebilir, bu da taktiksel fark\u0131ndal\u0131\u011f\u0131 art\u0131r\u0131r.  <\/p>\n","protected":false},"featured_media":4181,"template":"","meta":[],"product_brand":[],"product_cat":[49,68,52],"product_tag":[],"class_list":{"0":"post-4855","1":"product","2":"type-product","3":"status-publish","4":"has-post-thumbnail","6":"product_cat-sarjorler","7":"product_cat-5-56-sarjorler","8":"product_cat-ar-parcalari","10":"first","11":"instock","12":"shipping-taxable","13":"purchasable","14":"product-type-variable"},"_links":{"self":[{"href":"https:\/\/key-arma.com\/tr\/wp-json\/wp\/v2\/product\/4855","targetHints":{"allow":["GET"]}}],"collection":[{"href":"https:\/\/key-arma.com\/tr\/wp-json\/wp\/v2\/product"}],"about":[{"href":"https:\/\/key-arma.com\/tr\/wp-json\/wp\/v2\/types\/product"}],"wp:featuredmedia":[{"embeddable":true,"href":"https:\/\/key-arma.com\/tr\/wp-json\/wp\/v2\/media\/4181"}],"wp:attachment":[{"href":"https:\/\/key-arma.com\/tr\/wp-json\/wp\/v2\/media?parent=4855"}],"wp:term":[{"taxonomy":"product_brand","embeddable":true,"href":"https:\/\/key-arma.com\/tr\/wp-json\/wp\/v2\/product_brand?post=4855"},{"taxonomy":"product_cat","embeddable":true,"href":"https:\/\/key-arma.com\/tr\/wp-json\/wp\/v2\/product_cat?post=4855"},{"taxonomy":"product_tag","embeddable":true,"href":"https:\/\/key-arma.com\/tr\/wp-json\/wp\/v2\/product_tag?post=4855"}],"curies":[{"name":"wp","href":"https:\/\/api.w.org\/{rel}","templated":true}]}}