{"id":4843,"date":"2025-09-14T01:50:14","date_gmt":"2025-09-13T22:50:14","guid":{"rendered":"https:\/\/keyarma.splusweb.com.tr\/key-801\/"},"modified":"2026-01-15T20:56:09","modified_gmt":"2026-01-15T17:56:09","slug":"key-801","status":"publish","type":"product","link":"https:\/\/key-arma.com\/tr\/key-801\/","title":{"rendered":"KEY-801"},"content":{"rendered":"<p><strong>Kullan\u0131m Alan\u0131:<\/strong> Glock-19<\/p>\n<h2>\u00d6ne \u00c7\u0131kan \u00d6zellikler<\/h2>\n<ul>\n<li><strong>Dayan\u0131kl\u0131 Polimer Yap\u0131:<\/strong> Y\u00fcksek mukavemet ve d\u00fc\u015f\u00fck a\u011f\u0131rl\u0131k i\u00e7in tam enjeksiyon polimer g\u00f6vde.<\/li>\n<li><strong>Tam Donan\u0131m:<\/strong> Alt kapak, yay pulu, gerdel ve paslanmaz \u00e7elik yay dahil eksiksiz yap\u0131.<\/li>\n<li><strong>Kapasite G\u00f6stergeleri:<\/strong> Her iki yanda yer alan g\u00f6stergelerle h\u0131zl\u0131 m\u00fchimmat kontrol\u00fc.<\/li>\n<li><strong>Renk Se\u00e7enekleri:<\/strong> Siyah, \u015eeffaf, Ye\u015fil ve Flat Dark Earth (FDE) renk se\u00e7enekleriyle silah ve ekipmanlar\u0131n\u0131za uyum sa\u011flar.<\/li>\n<\/ul>\n<h2>Teknik \u00d6zellikler<\/h2>\n<ul>\n<li>Kalibre: 9x19mm<\/li>\n<li><strong>Kapasite:<\/strong> 15 Fi\u015fek<\/li>\n<li>Malzeme: Polimer<\/li>\n<li><strong>A\u011f\u0131rl\u0131k:<\/strong> 0,046 kg<\/li>\n<\/ul>\n","protected":false},"excerpt":{"rendered":"<p>KEY-801, Glock 19 tabancalar i\u00e7in \u00f6zel olarak tasarlanm\u0131\u015f y\u00fcksek performansl\u0131 15\u2019lik bir \u015farj\u00f6rd\u00fcr. Polimer g\u00f6vdesi sayesinde hem dayan\u0131kl\u0131 hem de hafif bir yap\u0131ya sahiptir. Her iki yan\u0131nda bulunan mermi g\u00f6stergeleri ve sa\u011flam paslanmaz \u00e7elik yay\u0131 ile her at\u0131\u015fta sorunsuz ve g\u00fcvenilir fi\u015fek beslemesi sunar.  <\/p>\n","protected":false},"featured_media":5287,"template":"","meta":[],"product_brand":[],"product_cat":[49,59,61],"product_tag":[],"class_list":{"0":"post-4843","1":"product","2":"type-product","3":"status-publish","4":"has-post-thumbnail","6":"product_cat-sarjorler","7":"product_cat-glock-parcalari","8":"product_cat-glock-sarjorleri","10":"first","11":"instock","12":"shipping-taxable","13":"purchasable","14":"product-type-variable"},"_links":{"self":[{"href":"https:\/\/key-arma.com\/tr\/wp-json\/wp\/v2\/product\/4843","targetHints":{"allow":["GET"]}}],"collection":[{"href":"https:\/\/key-arma.com\/tr\/wp-json\/wp\/v2\/product"}],"about":[{"href":"https:\/\/key-arma.com\/tr\/wp-json\/wp\/v2\/types\/product"}],"wp:featuredmedia":[{"embeddable":true,"href":"https:\/\/key-arma.com\/tr\/wp-json\/wp\/v2\/media\/5287"}],"wp:attachment":[{"href":"https:\/\/key-arma.com\/tr\/wp-json\/wp\/v2\/media?parent=4843"}],"wp:term":[{"taxonomy":"product_brand","embeddable":true,"href":"https:\/\/key-arma.com\/tr\/wp-json\/wp\/v2\/product_brand?post=4843"},{"taxonomy":"product_cat","embeddable":true,"href":"https:\/\/key-arma.com\/tr\/wp-json\/wp\/v2\/product_cat?post=4843"},{"taxonomy":"product_tag","embeddable":true,"href":"https:\/\/key-arma.com\/tr\/wp-json\/wp\/v2\/product_tag?post=4843"}],"curies":[{"name":"wp","href":"https:\/\/api.w.org\/{rel}","templated":true}]}}