{"id":4829,"date":"2025-09-14T01:27:29","date_gmt":"2025-09-13T22:27:29","guid":{"rendered":"https:\/\/keyarma.splusweb.com.tr\/key-106\/"},"modified":"2025-09-14T01:27:29","modified_gmt":"2025-09-13T22:27:29","slug":"key-106","status":"publish","type":"product","link":"https:\/\/key-arma.com\/tr\/key-106\/","title":{"rendered":"KEY-106"},"content":{"rendered":"<p><strong>Kullan\u0131m Alan\u0131:<\/strong> AR-15<\/p>\n<ul>\n<li><strong>Kendini Kan\u0131tlam\u0131\u015f Tasar\u0131m:<\/strong> AR-15 platformlar\u0131nda tutarl\u0131 ve g\u00fcvenilir performans sunan yayg\u0131n olarak tan\u0131nan kabza \u015fekli.<\/li>\n<li><strong>Hafif Yap\u0131: <\/strong>G\u00fc\u00e7 veya dayan\u0131kl\u0131l\u0131ktan \u00f6d\u00fcn vermeden t\u00fcfe\u011fin genel a\u011f\u0131rl\u0131\u011f\u0131n\u0131 azaltmak i\u00e7in y\u00fcksek kaliteli polimer malzeme kullan\u0131lm\u0131\u015ft\u0131r.<\/li>\n<li><strong>Ekonomik ve G\u00fcvenilir:<\/strong> Standart tutu\u015f profili tercih eden kullan\u0131c\u0131lar i\u00e7in ideal.<\/li>\n<\/ul>\n<h2>Teknik \u00d6zellikler<\/h2>\n<ul>\n<li>Malzeme: Polimer<\/li>\n<li><strong>A\u011f\u0131rl\u0131k:<\/strong> 0,075 kg<\/li>\n<\/ul>\n","protected":false},"excerpt":{"rendered":"<p>KEY-106, AR-15 platformlar\u0131 i\u00e7in klasik bir kabza tasar\u0131m\u0131d\u0131r. Basitli\u011fi, g\u00fcvenilirli\u011fi ve iyi performans\u0131yla at\u0131c\u0131lar taraf\u0131ndan tercih edilir. Y\u00fcksek kaliteli polimerden \u00fcretilmi\u015f olup, geleneksel tutu\u015f stilini sevenler i\u00e7in hafif ve dayan\u0131kl\u0131 bir \u00e7\u00f6z\u00fcm sunar. <\/p>\n","protected":false},"featured_media":4375,"template":"","meta":[],"product_brand":[],"product_cat":[47,52],"product_tag":[],"class_list":{"0":"post-4829","1":"product","2":"type-product","3":"status-publish","4":"has-post-thumbnail","6":"product_cat-kabzalar","7":"product_cat-ar-parcalari","9":"first","10":"instock","11":"shipping-taxable","12":"purchasable","13":"product-type-variable"},"_links":{"self":[{"href":"https:\/\/key-arma.com\/tr\/wp-json\/wp\/v2\/product\/4829","targetHints":{"allow":["GET"]}}],"collection":[{"href":"https:\/\/key-arma.com\/tr\/wp-json\/wp\/v2\/product"}],"about":[{"href":"https:\/\/key-arma.com\/tr\/wp-json\/wp\/v2\/types\/product"}],"wp:featuredmedia":[{"embeddable":true,"href":"https:\/\/key-arma.com\/tr\/wp-json\/wp\/v2\/media\/4375"}],"wp:attachment":[{"href":"https:\/\/key-arma.com\/tr\/wp-json\/wp\/v2\/media?parent=4829"}],"wp:term":[{"taxonomy":"product_brand","embeddable":true,"href":"https:\/\/key-arma.com\/tr\/wp-json\/wp\/v2\/product_brand?post=4829"},{"taxonomy":"product_cat","embeddable":true,"href":"https:\/\/key-arma.com\/tr\/wp-json\/wp\/v2\/product_cat?post=4829"},{"taxonomy":"product_tag","embeddable":true,"href":"https:\/\/key-arma.com\/tr\/wp-json\/wp\/v2\/product_tag?post=4829"}],"curies":[{"name":"wp","href":"https:\/\/api.w.org\/{rel}","templated":true}]}}