{"id":4825,"date":"2025-09-14T01:23:58","date_gmt":"2025-09-13T22:23:58","guid":{"rendered":"https:\/\/keyarma.splusweb.com.tr\/key-105\/"},"modified":"2026-03-12T21:28:56","modified_gmt":"2026-03-12T18:28:56","slug":"key-105","status":"publish","type":"product","link":"https:\/\/key-arma.com\/tr\/key-105\/","title":{"rendered":"KEY-105"},"content":{"rendered":"<p>Kullan\u0131m Alan\u0131: AK\u2019s<\/p>\n<h2>\u00d6ne \u00c7\u0131kan \u00d6zellikler<\/h2>\n<ul>\n<li><strong>15 Derece Tutu\u015f A\u00e7\u0131s\u0131:<\/strong> Modern at\u0131\u015f pozisyonlar\u0131 ve t\u00fcfek ayarlar\u0131 i\u00e7in daha do\u011fal bilek pozisyonu ve geli\u015ftirilmi\u015f ergonomi sa\u011flar.<\/li>\n<li><strong>Sa\u011flam Yap\u0131:<\/strong> Zorlu saha kullan\u0131m\u0131 ve a\u011f\u0131r ko\u015fullara dayanacak y\u00fcksek mukavemetli cam elyaf takviyeli poliamidden \u00fcretilmi\u015ftir.<\/li>\n<li><strong>Kau\u00e7uk Kaplama Yumu\u015fak Y\u00fczey:<\/strong> Kaymay\u0131 \u00f6nleyen konforlu tutu\u015f; geli\u015fmi\u015f kontrol ve azalan at\u0131c\u0131 yorgunlu\u011fu sa\u011flar.<\/li>\n<li><strong>Entegre Su Ge\u00e7irmez Saklama:<\/strong> Yumu\u015fak, s\u0131zd\u0131rmaz kapakl\u0131 b\u00f6lme sayesinde pil, k\u00fc\u00e7\u00fck aletler veya acil durum ekipmanlar\u0131 gibi k\u00fc\u00e7\u00fck e\u015fyalar kuru, g\u00fcvenli ve kolay eri\u015filebilir \u015fekilde saklan\u0131r.<\/li>\n<\/ul>\n<h2>Teknik \u00d6zellikler<\/h2>\n<ul>\n<li><strong>Malzeme: <\/strong>Kau\u00e7uk kaplama (Rubberized)<\/li>\n<li><strong>A\u011f\u0131rl\u0131k:<\/strong> 0,110 kg<\/li>\n<\/ul>\n","protected":false},"excerpt":{"rendered":"<p>KEY-105, \u00f6zellikle AK t\u00fcfek platformlar\u0131 i\u00e7in tasarlanm\u0131\u015f modern bir 15 derece tabanca kabzas\u0131d\u0131r. Fiberglas takviyeli poliamidden \u00fcretilen ve kau\u00e7uk yumu\u015fak dokunu\u015flu y\u00fczeyle kaplanan bu \u00fcr\u00fcn, her ortamda dayan\u0131kl\u0131l\u0131k, geli\u015fmi\u015f ergonomi ve konfor sunar. Optimize edilmi\u015f kavrama a\u00e7\u0131s\u0131, \u00f6zellikle hassas at\u0131\u015f veya uzun s\u00fcreli kullan\u0131m s\u0131ras\u0131nda geli\u015fmi\u015f bilek hizalamas\u0131 ve kontrol\u00fc sunar.<\/p>\n","protected":false},"featured_media":4370,"template":"","meta":[],"product_brand":[],"product_cat":[47,72,74,51],"product_tag":[],"class_list":{"0":"post-4825","1":"product","2":"type-product","3":"status-publish","4":"has-post-thumbnail","6":"product_cat-kabzalar","7":"product_cat-ak-47-aksesuarlari","8":"product_cat-ak-74-aksesuarlari","9":"product_cat-ak-parcalari","11":"first","12":"instock","13":"shipping-taxable","14":"purchasable","15":"product-type-variable"},"_links":{"self":[{"href":"https:\/\/key-arma.com\/tr\/wp-json\/wp\/v2\/product\/4825","targetHints":{"allow":["GET"]}}],"collection":[{"href":"https:\/\/key-arma.com\/tr\/wp-json\/wp\/v2\/product"}],"about":[{"href":"https:\/\/key-arma.com\/tr\/wp-json\/wp\/v2\/types\/product"}],"wp:featuredmedia":[{"embeddable":true,"href":"https:\/\/key-arma.com\/tr\/wp-json\/wp\/v2\/media\/4370"}],"wp:attachment":[{"href":"https:\/\/key-arma.com\/tr\/wp-json\/wp\/v2\/media?parent=4825"}],"wp:term":[{"taxonomy":"product_brand","embeddable":true,"href":"https:\/\/key-arma.com\/tr\/wp-json\/wp\/v2\/product_brand?post=4825"},{"taxonomy":"product_cat","embeddable":true,"href":"https:\/\/key-arma.com\/tr\/wp-json\/wp\/v2\/product_cat?post=4825"},{"taxonomy":"product_tag","embeddable":true,"href":"https:\/\/key-arma.com\/tr\/wp-json\/wp\/v2\/product_tag?post=4825"}],"curies":[{"name":"wp","href":"https:\/\/api.w.org\/{rel}","templated":true}]}}