{"id":4801,"date":"2025-09-14T00:29:13","date_gmt":"2025-09-13T21:29:13","guid":{"rendered":"https:\/\/keyarma.splusweb.com.tr\/key-409\/"},"modified":"2026-03-12T21:38:59","modified_gmt":"2026-03-12T18:38:59","slug":"key-409","status":"publish","type":"product","link":"https:\/\/key-arma.com\/tr\/key-409\/","title":{"rendered":"KEY-409"},"content":{"rendered":"<p><strong>Kullan\u0131m Alan\u0131:<\/strong> M-LOK<\/p>\n<h3><strong>\u00d6ne \u00c7\u0131kan \u00d6zellikler<\/strong><\/h3>\n<ul>\n<li><strong>Ergonomik Polimer Yap\u0131:<\/strong> Y\u00fcksek mukavemetli polimerden \u00fcretilmi\u015f olup uzun s\u00fcreli kullan\u0131mlarda dayan\u0131kl\u0131l\u0131k ve g\u00fcvenli, konforlu tutu\u015f sa\u011flar.<\/li>\n<li><strong>M-LOK Uyumlu Montaj:<\/strong> M-LOK ray sistemlerine d\u00fc\u015f\u00fck profilli ve g\u00fcvenli montaj i\u00e7in tasarlanm\u0131\u015ft\u0131r; yo\u011fun geri tepme veya seri at\u0131\u015flarda dahi s\u0131k\u0131 ve sabit kal\u0131r.<\/li>\n<li><strong>Saklama B\u00f6lmesi:<\/strong> Yumu\u015fak kapak alt\u0131ndaki b\u00f6lme; yedek piller, k\u00fc\u00e7\u00fck aletler gibi temel e\u015fyalar i\u00e7in korumal\u0131 i\u00e7 saklama alan\u0131 sunar.<\/li>\n<li><strong>Geli\u015ftirilmi\u015f Kontrol ve Hassasiyet:<\/strong> Silah kontrol\u00fc, geri tepme y\u00f6netimi ve hassas hedefleme i\u00e7in optimize edilmi\u015ftir; \u00f6zellikle dinamik ve tempolu g\u00f6revlerde avantaj sa\u011flar.<\/li>\n<li><strong>Kaymaz Y\u00fczey Dokusu: <\/strong>Agresif dokulu d\u0131\u015f y\u00fczey, \u0131slak hava ko\u015fullar\u0131nda veya eldivenli kullan\u0131mda dahi sa\u011flam bir tutu\u015f garanti eder.<\/li>\n<\/ul>\n<h4><strong>Teknik \u00d6zellikler<\/strong><\/h4>\n<ul>\n<li>Malzeme: Polimer<\/li>\n<li><strong>A\u011f\u0131rl\u0131k:<\/strong> 0,120 kg<\/li>\n<\/ul>\n","protected":false},"excerpt":{"rendered":"<p>KEY-409, silah kontrol\u00fcn\u00fc art\u0131rmak ve at\u0131\u015f do\u011frulu\u011funu geli\u015ftirmek amac\u0131yla tasarlanm\u0131\u015f sa\u011flam ve ergonomik bir \u00f6n dikey tutma aparat\u0131d\u0131r. Standart M-LOK ray sistemlerine sorunsuz \u015fekilde monte edilebilecek \u015fekilde \u00fcretilen bu \u00fcr\u00fcn; kaymaz dokulu y\u00fczeyi, de\u011fi\u015ftirilebilir \u00fcst ba\u015fl\u0131\u011f\u0131 ve su ge\u00e7irmez dahili saklama b\u00f6lmesi ile taktik profesyonelleri ve at\u0131\u015f tutkunlar\u0131 i\u00e7in g\u00f6rev odakl\u0131, \u00e7ok y\u00f6nl\u00fc bir aksesuard\u0131r. \u0130ster dinamik ortamlarda g\u00f6rev yap\u0131n ister at\u0131\u015f poligonunda antrenman yap\u0131n, KEY-409 size ihtiya\u00e7 duydu\u011funuz kontrol\u00fc, dayan\u0131kl\u0131l\u0131\u011f\u0131 ve i\u015flevselli\u011fi sa\u011flar.  <\/p>\n","protected":false},"featured_media":4342,"template":"","meta":[],"product_brand":[],"product_cat":[46,72,74,51,52],"product_tag":[],"class_list":{"0":"post-4801","1":"product","2":"type-product","3":"status-publish","4":"has-post-thumbnail","6":"product_cat-on-tutamaklar","7":"product_cat-ak-47-aksesuarlari","8":"product_cat-ak-74-aksesuarlari","9":"product_cat-ak-parcalari","10":"product_cat-ar-parcalari","12":"first","13":"instock","14":"shipping-taxable","15":"purchasable","16":"product-type-variable"},"_links":{"self":[{"href":"https:\/\/key-arma.com\/tr\/wp-json\/wp\/v2\/product\/4801","targetHints":{"allow":["GET"]}}],"collection":[{"href":"https:\/\/key-arma.com\/tr\/wp-json\/wp\/v2\/product"}],"about":[{"href":"https:\/\/key-arma.com\/tr\/wp-json\/wp\/v2\/types\/product"}],"wp:featuredmedia":[{"embeddable":true,"href":"https:\/\/key-arma.com\/tr\/wp-json\/wp\/v2\/media\/4342"}],"wp:attachment":[{"href":"https:\/\/key-arma.com\/tr\/wp-json\/wp\/v2\/media?parent=4801"}],"wp:term":[{"taxonomy":"product_brand","embeddable":true,"href":"https:\/\/key-arma.com\/tr\/wp-json\/wp\/v2\/product_brand?post=4801"},{"taxonomy":"product_cat","embeddable":true,"href":"https:\/\/key-arma.com\/tr\/wp-json\/wp\/v2\/product_cat?post=4801"},{"taxonomy":"product_tag","embeddable":true,"href":"https:\/\/key-arma.com\/tr\/wp-json\/wp\/v2\/product_tag?post=4801"}],"curies":[{"name":"wp","href":"https:\/\/api.w.org\/{rel}","templated":true}]}}