{"id":4793,"date":"2025-09-14T00:19:22","date_gmt":"2025-09-13T21:19:22","guid":{"rendered":"https:\/\/keyarma.splusweb.com.tr\/key-406\/"},"modified":"2026-03-12T21:42:27","modified_gmt":"2026-03-12T18:42:27","slug":"key-406","status":"publish","type":"product","link":"https:\/\/key-arma.com\/tr\/key-406\/","title":{"rendered":"KEY-406"},"content":{"rendered":"<p><strong>Kullan\u0131m Alan\u0131:<\/strong> M-LOK \/ Picatinny Ray<\/p>\n<h2>\u00d6ne \u00c7\u0131kan \u00d6zellikler<\/h2>\n<ul>\n<li><strong>\u00c7ift Uyumluluk: <\/strong>Picatinny ray veya M-LOK sistemleri ile kullan\u0131ma uygun tasar\u0131m\u0131 sayesinde, kurulumlar aras\u0131nda kolayca ge\u00e7i\u015f yapabilirsiniz.<\/li>\n<li><strong>\u00c7ok Fonksiyonlu Tasar\u0131m:<\/strong> Bipod g\u00f6vdesi ayn\u0131 zamanda dikey tutamak g\u00f6revi g\u00f6rerek silah kontrol\u00fcn\u00fcz\u00fc art\u0131r\u0131r.<\/li>\n<li><strong>Ayarlanabilir Bacaklar:<\/strong> Bipod bacaklar\u0131 manuel olarak a\u00e7\u0131l\u0131p kapanabilir ve kullan\u0131lmad\u0131\u011f\u0131nda g\u00f6vde i\u00e7inde d\u00fczenli \u015fekilde saklan\u0131r, kompakt yap\u0131 sa\u011flar.<\/li>\n<li><strong>De\u011fi\u015ftirilebilir Ba\u015fl\u0131klar:<\/strong> Picatinny ve M-LOK sistemleri i\u00e7in \u00f6zel olarak tasarlanm\u0131\u015f iki farkl\u0131 ba\u015fl\u0131k setiyle, kurulumunuzu ihtiya\u00e7lar\u0131n\u0131za g\u00f6re \u00f6zelle\u015ftirebilirsiniz. This means you can customize your setup according to your specific needs.<\/li>\n<li><strong>\u00d6zelle\u015ftirilebilir Konfig\u00fcrasyon: <\/strong>Sadece Picatinny ray, sadece M-LOK veya her ikisiyle birlikte kullanabilme se\u00e7ene\u011fi ile farkl\u0131 taktik senaryolara uyum sa\u011flar.<\/li>\n<\/ul>\n<p>Key-406 Bipod, hem Picatinny ray hem de M-LOK sistemleriyle uyumlu olarak tasarlanm\u0131\u015f, taktik profesyoneller i\u00e7in \u00e7ok y\u00f6nl\u00fc ve y\u00fcksek performansl\u0131 bir aksesuar. Sahada maksimum esneklik ve uyumluluk sunan bu yenilik\u00e7i bipod, ekipman\u0131n\u0131za kusursuz entegrasyon sa\u011flar.  <\/p>\n<h2>Teknik \u00d6zellikler<\/h2>\n<p>Malzeme: Polimer<\/p>\n<p><strong>A\u011f\u0131rl\u0131k:<\/strong> 0.215 kg<\/p>\n","protected":false},"excerpt":{"rendered":"<p>Hassasiyet ve Esneklik i\u00e7in \u00c7ok Y\u00f6nl\u00fc \u00c7\u00f6z\u00fcm\u00fcn\u00fcz.<\/p>\n<p>Key-406 Bipod, hem Picatinny ray hem de M-LOK sistemleriyle uyumlu olarak tasarlanm\u0131\u015f, taktik profesyoneller i\u00e7in \u00e7ok y\u00f6nl\u00fc ve y\u00fcksek performansl\u0131 bir aksesuar. Sahada maksimum esneklik ve uyumluluk sunan bu yenilik\u00e7i bipod, ekipman\u0131n\u0131za kusursuz entegrasyon sa\u011flar. <\/p>\n","protected":false},"featured_media":4330,"template":"","meta":[],"product_brand":[],"product_cat":[46,72,74,51,52],"product_tag":[],"class_list":{"0":"post-4793","1":"product","2":"type-product","3":"status-publish","4":"has-post-thumbnail","6":"product_cat-on-tutamaklar","7":"product_cat-ak-47-aksesuarlari","8":"product_cat-ak-74-aksesuarlari","9":"product_cat-ak-parcalari","10":"product_cat-ar-parcalari","12":"first","13":"instock","14":"shipping-taxable","15":"purchasable","16":"product-type-variable"},"_links":{"self":[{"href":"https:\/\/key-arma.com\/tr\/wp-json\/wp\/v2\/product\/4793","targetHints":{"allow":["GET"]}}],"collection":[{"href":"https:\/\/key-arma.com\/tr\/wp-json\/wp\/v2\/product"}],"about":[{"href":"https:\/\/key-arma.com\/tr\/wp-json\/wp\/v2\/types\/product"}],"wp:featuredmedia":[{"embeddable":true,"href":"https:\/\/key-arma.com\/tr\/wp-json\/wp\/v2\/media\/4330"}],"wp:attachment":[{"href":"https:\/\/key-arma.com\/tr\/wp-json\/wp\/v2\/media?parent=4793"}],"wp:term":[{"taxonomy":"product_brand","embeddable":true,"href":"https:\/\/key-arma.com\/tr\/wp-json\/wp\/v2\/product_brand?post=4793"},{"taxonomy":"product_cat","embeddable":true,"href":"https:\/\/key-arma.com\/tr\/wp-json\/wp\/v2\/product_cat?post=4793"},{"taxonomy":"product_tag","embeddable":true,"href":"https:\/\/key-arma.com\/tr\/wp-json\/wp\/v2\/product_tag?post=4793"}],"curies":[{"name":"wp","href":"https:\/\/api.w.org\/{rel}","templated":true}]}}