{"id":4789,"date":"2025-09-14T00:15:33","date_gmt":"2025-09-13T21:15:33","guid":{"rendered":"https:\/\/keyarma.splusweb.com.tr\/key-405\/"},"modified":"2026-03-12T21:43:08","modified_gmt":"2026-03-12T18:43:08","slug":"key-405","status":"publish","type":"product","link":"https:\/\/key-arma.com\/tr\/key-405\/","title":{"rendered":"KEY-405"},"content":{"rendered":"<p><strong>Kullan\u0131m Alan\u0131:<\/strong> M-LOK<\/p>\n<h2>\u00d6ne \u00c7\u0131kan \u00d6zellikler<\/h2>\n<ul>\n<li>M-LOK Sistemleri i\u00e7in Optimize Edilmi\u015f: M-LOK el kundaklar\u0131na do\u011frudan ve sa\u011flam \u015fekilde monte edilir, sade ve \u015f\u0131k bir uyum sa\u011flar.<\/li>\n<li><strong>Saklama B\u00f6lmesi: <\/strong>Yumu\u015fak kapakl\u0131 b\u00f6lme, saha ko\u015fullar\u0131nda k\u00fc\u00e7\u00fck aletler, piller veya di\u011fer gere\u00e7ler i\u00e7in g\u00fcvenli alan sunar.<\/li>\n<li><strong>Art\u0131r\u0131lm\u0131\u015f Do\u011fruluk ve Kontrol:<\/strong> Kavrama stabilitesini y\u00fckseltir, \u00f6zellikle h\u0131zl\u0131 veya s\u00fcrekli at\u0131\u015flarda namlu hareketini azalt\u0131r.<\/li>\n<li><strong>Polimer Yap\u0131:<\/strong> Dayan\u0131kl\u0131, \u0131s\u0131ya dayan\u0131kl\u0131 polimerden yap\u0131lm\u0131\u015f, ekstra a\u011f\u0131rl\u0131k olmadan g\u00fc\u00e7 sa\u011flar.<\/li>\n<li><strong>Kompakt ve Hafif:<\/strong> Minimum hacim ve a\u011f\u0131rl\u0131kla maksimum i\u015flevsellik ve konfor sunar.<\/li>\n<\/ul>\n<h2>Teknik \u00d6zellikler<\/h2>\n<ul>\n<li>Malzeme: Polimer<\/li>\n<li><strong>A\u011f\u0131rl\u0131k:<\/strong> 0.060 kg<\/li>\n<\/ul>\n","protected":false},"excerpt":{"rendered":"<p>KEY-405, M-LOK ray sistemleri i\u00e7in \u00f6zel olarak tasarlanm\u0131\u015f, hafif ve dayan\u0131kl\u0131 bir dikey tutama\u011f\u0131d\u0131r. Sa\u011flam polimer malzemeden \u00fcretilmi\u015f olup, silah kontrol\u00fcn\u00fc ve at\u0131\u015f do\u011frulu\u011funu art\u0131ran ergonomik bir tasar\u0131ma sahiptir. \u0130\u00e7erisinde bulunan yumu\u015fak kapakl\u0131 saklama b\u00f6lmesi, yedek piller veya k\u00fc\u00e7\u00fck aletler gibi \u00f6nemli e\u015fyalar\u0131n g\u00fcvenle ta\u015f\u0131nmas\u0131n\u0131 sa\u011flar. Bu \u00f6zellikleriyle KEY-405, hem pratik hem de g\u00f6rev odakl\u0131 bir \u00e7\u00f6z\u00fcmd\u00fcr.  <\/p>\n","protected":false},"featured_media":4325,"template":"","meta":[],"product_brand":[],"product_cat":[46,72,74,51,52],"product_tag":[],"class_list":{"0":"post-4789","1":"product","2":"type-product","3":"status-publish","4":"has-post-thumbnail","6":"product_cat-on-tutamaklar","7":"product_cat-ak-47-aksesuarlari","8":"product_cat-ak-74-aksesuarlari","9":"product_cat-ak-parcalari","10":"product_cat-ar-parcalari","12":"first","13":"instock","14":"shipping-taxable","15":"purchasable","16":"product-type-variable"},"_links":{"self":[{"href":"https:\/\/key-arma.com\/tr\/wp-json\/wp\/v2\/product\/4789","targetHints":{"allow":["GET"]}}],"collection":[{"href":"https:\/\/key-arma.com\/tr\/wp-json\/wp\/v2\/product"}],"about":[{"href":"https:\/\/key-arma.com\/tr\/wp-json\/wp\/v2\/types\/product"}],"wp:featuredmedia":[{"embeddable":true,"href":"https:\/\/key-arma.com\/tr\/wp-json\/wp\/v2\/media\/4325"}],"wp:attachment":[{"href":"https:\/\/key-arma.com\/tr\/wp-json\/wp\/v2\/media?parent=4789"}],"wp:term":[{"taxonomy":"product_brand","embeddable":true,"href":"https:\/\/key-arma.com\/tr\/wp-json\/wp\/v2\/product_brand?post=4789"},{"taxonomy":"product_cat","embeddable":true,"href":"https:\/\/key-arma.com\/tr\/wp-json\/wp\/v2\/product_cat?post=4789"},{"taxonomy":"product_tag","embeddable":true,"href":"https:\/\/key-arma.com\/tr\/wp-json\/wp\/v2\/product_tag?post=4789"}],"curies":[{"name":"wp","href":"https:\/\/api.w.org\/{rel}","templated":true}]}}