{"id":4785,"date":"2025-09-13T19:07:41","date_gmt":"2025-09-13T16:07:41","guid":{"rendered":"https:\/\/keyarma.splusweb.com.tr\/key-404\/"},"modified":"2026-03-12T21:43:41","modified_gmt":"2026-03-12T18:43:41","slug":"key-404","status":"publish","type":"product","link":"https:\/\/key-arma.com\/tr\/key-404\/","title":{"rendered":"KEY-404"},"content":{"rendered":"<p>Kullan\u0131m Alan\u0131: Picatinny Ray<\/p>\n<h2>\u00d6ne \u00c7\u0131kan \u00d6zellikler<\/h2>\n<ul>\n<li><strong>2\u2019si 1 Arada Tasar\u0131m:<\/strong> Hem dikey tutamak hem de a\u00e7\u0131labilir bipod olarak i\u015flev g\u00f6r\u00fcr, saha i\u00e7inde benzersiz \u00e7ok y\u00f6nl\u00fcl\u00fck sunar.<\/li>\n<li><strong>D\u00f6nme ve E\u011filme Yetene\u011fi:<\/strong> 15\u00b0 sola ve sa\u011fa d\u00f6nebilme ve e\u011filme ile engebeli arazi veya hareketli at\u0131\u015flarda isabet ve stabiliteyi art\u0131r\u0131r.<\/li>\n<li><strong>H\u0131zl\u0131 A\u00e7\u0131lan Bipod Ayaklar\u0131:<\/strong> \u00d6nde bulunan d\u00fc\u011fmeye bas\u0131larak an\u0131nda a\u00e7\u0131l\u0131r, tutamak moduna ge\u00e7i\u015f i\u00e7in manuel kapanma sa\u011flar.<\/li>\n<li><strong>Picatinny Rail Compatibility<\/strong>: Engineered for a secure fit on standard Picatinny rails, ensuring quick installation and reliable performance.<\/li>\n<li><strong>Dayan\u0131kl\u0131 Polimer Yap\u0131:<\/strong> Y\u00fcksek dayan\u0131ml\u0131 polimerden \u00fcretilmi\u015f olup, hafiflik ile sa\u011flaml\u0131\u011f\u0131 dengeler ve sahada kullan\u0131m i\u00e7in uygundur.<\/li>\n<\/ul>\n<h2>Teknik \u00d6zellikler<\/h2>\n<ul>\n<li>Malzeme: Polimer<\/li>\n<li><strong>A\u011f\u0131rl\u0131k:<\/strong> 0.240 kg<\/li>\n<\/ul>\n","protected":false},"excerpt":{"rendered":"<p>KEY-404, at\u0131\u015f stabilitesi ile manevra kabiliyetini art\u0131rmak i\u00e7in tasarlanm\u0131\u015f \u00e7ok fonksiyonlu bir bipod ve dikey tutamak kombinasyonudur. Picatinny ray sistemleriyle h\u0131zl\u0131 entegrasyon ve kolay kullan\u0131m sa\u011flayan bu \u00fcr\u00fcn, bipodun i\u015flevselli\u011fini ergonomik bir dikey tutamak ile birle\u015ftirir. \u00d6ne \u00e7\u0131kan \u00f6zelliklerinden biri, ate\u015f pozisyonlar\u0131n\u0131 esnek hale getiren ve silah\u0131 yeniden konumland\u0131rmaya gerek b\u0131rakmayan 15\u00b0 sola ve sa\u011fa d\u00f6nebilme ve e\u011filebilme yetene\u011fidir.  <\/p>\n","protected":false},"featured_media":4316,"template":"","meta":[],"product_brand":[],"product_cat":[46,72,74,51,52],"product_tag":[],"class_list":{"0":"post-4785","1":"product","2":"type-product","3":"status-publish","4":"has-post-thumbnail","6":"product_cat-on-tutamaklar","7":"product_cat-ak-47-aksesuarlari","8":"product_cat-ak-74-aksesuarlari","9":"product_cat-ak-parcalari","10":"product_cat-ar-parcalari","12":"first","13":"instock","14":"shipping-taxable","15":"purchasable","16":"product-type-variable"},"_links":{"self":[{"href":"https:\/\/key-arma.com\/tr\/wp-json\/wp\/v2\/product\/4785","targetHints":{"allow":["GET"]}}],"collection":[{"href":"https:\/\/key-arma.com\/tr\/wp-json\/wp\/v2\/product"}],"about":[{"href":"https:\/\/key-arma.com\/tr\/wp-json\/wp\/v2\/types\/product"}],"wp:featuredmedia":[{"embeddable":true,"href":"https:\/\/key-arma.com\/tr\/wp-json\/wp\/v2\/media\/4316"}],"wp:attachment":[{"href":"https:\/\/key-arma.com\/tr\/wp-json\/wp\/v2\/media?parent=4785"}],"wp:term":[{"taxonomy":"product_brand","embeddable":true,"href":"https:\/\/key-arma.com\/tr\/wp-json\/wp\/v2\/product_brand?post=4785"},{"taxonomy":"product_cat","embeddable":true,"href":"https:\/\/key-arma.com\/tr\/wp-json\/wp\/v2\/product_cat?post=4785"},{"taxonomy":"product_tag","embeddable":true,"href":"https:\/\/key-arma.com\/tr\/wp-json\/wp\/v2\/product_tag?post=4785"}],"curies":[{"name":"wp","href":"https:\/\/api.w.org\/{rel}","templated":true}]}}