{"id":4767,"date":"2025-09-13T18:41:48","date_gmt":"2025-09-13T15:41:48","guid":{"rendered":"https:\/\/keyarma.splusweb.com.tr\/key-cs96\/"},"modified":"2025-09-13T18:41:48","modified_gmt":"2025-09-13T15:41:48","slug":"key-cs96","status":"publish","type":"product","link":"https:\/\/key-arma.com\/tr\/key-cs96\/","title":{"rendered":"KEY-CS96"},"content":{"rendered":"<p><strong>Kullan\u0131m Alan\u0131:<\/strong> Genel \/ T\u00fcfek Depolama ve Ta\u015f\u0131ma<\/p>\n<h2>\u00d6ne \u00c7\u0131kan \u00d6zellikler<\/h2>\n<ul>\n<li><strong>G\u00fcvenli Depolama: <\/strong>T\u00fcfe\u011fi g\u00fcvenli \u015fekilde ta\u015f\u0131y\u0131p saklamak i\u00e7in \u00f6zel olarak tasarlanm\u0131\u015ft\u0131r.<\/li>\n<li><strong>\u00c7ift S\u00fcnger Katman:<\/strong> Yap\u0131\u015ft\u0131r\u0131lm\u0131\u015f iki yumurta s\u00fcnger, darbeleri emer ve \u00e7izilmeleri \u00f6nler.<\/li>\n<li><strong>D\u00f6rt Kilit D\u00fc\u011fmesi:<\/strong> Pratik kullan\u0131m i\u00e7in kolay a\u00e7\u0131l\u0131p kapanabilen g\u00fcvenli kilitleme mekanizmas\u0131.<\/li>\n<li><strong>D\u00f6rt Arka Mandal:<\/strong> Metal pimlerle g\u00fc\u00e7lendirilmi\u015f mandallar, ekstra sa\u011flaml\u0131k ve g\u00fcvenlik sa\u011flar.<\/li>\n<li><strong>Ta\u015f\u0131ma Kolu:<\/strong> Ergonomik olarak tasarlanm\u0131\u015f tutma sap\u0131, kolay ve konforlu ta\u015f\u0131ma imk\u00e2n\u0131 sunar.<\/li>\n<\/ul>\n<h2>Teknik \u00d6zellikler<\/h2>\n<ul>\n<li><strong>Malzeme:<\/strong> Polipropilen (PP)<\/li>\n<li><strong>A\u011f\u0131rl\u0131k:<\/strong> 2,0 kg<\/li>\n<li><strong>\u00d6l\u00e7\u00fcler:<\/strong> 96 cm (Uzunluk) x 25 cm (Geni\u015flik) x 7 cm (Y\u00fckseklik)<\/li>\n<\/ul>\n","protected":false},"excerpt":{"rendered":"<p>KEY-CS96, t\u00fcfe\u011fi g\u00fcvenli bir \u015fekilde depolamak ve ta\u015f\u0131mak i\u00e7in \u00f6zel olarak tasarlanm\u0131\u015f sa\u011flam ve i\u015flevsel bir ta\u015f\u0131ma \u00e7antas\u0131d\u0131r. Dayan\u0131kl\u0131 polipropilen (PP) malzemeden \u00fcretilmi\u015f olan bu \u00e7anta, ta\u015f\u0131ma ve depolama s\u0131ras\u0131nda koruma sa\u011flar. \u0130\u00e7 k\u0131sm\u0131ndaki yap\u0131\u015ft\u0131r\u0131lm\u0131\u015f \u00e7ift yumurta s\u00fcnger katman, silah\u0131n\u0131z\u0131 darbelere ve \u00e7izilmelere kar\u015f\u0131 korurken; \u00e7oklu kilitleme mekanizmas\u0131 ve ergonomik tasar\u0131m\u0131, kullan\u0131m kolayl\u0131\u011f\u0131 ve g\u00fcvenlik sunar.   <\/p>\n","protected":false},"featured_media":4292,"template":"","meta":[],"product_brand":[],"product_cat":[45],"product_tag":[],"class_list":{"0":"post-4767","1":"product","2":"type-product","3":"status-publish","4":"has-post-thumbnail","6":"product_cat-cantalar","8":"first","9":"instock","10":"shipping-taxable","11":"purchasable","12":"product-type-variable"},"_links":{"self":[{"href":"https:\/\/key-arma.com\/tr\/wp-json\/wp\/v2\/product\/4767","targetHints":{"allow":["GET"]}}],"collection":[{"href":"https:\/\/key-arma.com\/tr\/wp-json\/wp\/v2\/product"}],"about":[{"href":"https:\/\/key-arma.com\/tr\/wp-json\/wp\/v2\/types\/product"}],"wp:featuredmedia":[{"embeddable":true,"href":"https:\/\/key-arma.com\/tr\/wp-json\/wp\/v2\/media\/4292"}],"wp:attachment":[{"href":"https:\/\/key-arma.com\/tr\/wp-json\/wp\/v2\/media?parent=4767"}],"wp:term":[{"taxonomy":"product_brand","embeddable":true,"href":"https:\/\/key-arma.com\/tr\/wp-json\/wp\/v2\/product_brand?post=4767"},{"taxonomy":"product_cat","embeddable":true,"href":"https:\/\/key-arma.com\/tr\/wp-json\/wp\/v2\/product_cat?post=4767"},{"taxonomy":"product_tag","embeddable":true,"href":"https:\/\/key-arma.com\/tr\/wp-json\/wp\/v2\/product_tag?post=4767"}],"curies":[{"name":"wp","href":"https:\/\/api.w.org\/{rel}","templated":true}]}}