{"id":4765,"date":"2025-09-13T18:45:06","date_gmt":"2025-09-13T15:45:06","guid":{"rendered":"https:\/\/keyarma.splusweb.com.tr\/key-cs110\/"},"modified":"2025-09-13T18:45:06","modified_gmt":"2025-09-13T15:45:06","slug":"key-cs110","status":"publish","type":"product","link":"https:\/\/key-arma.com\/tr\/key-cs110\/","title":{"rendered":"KEY-CS110"},"content":{"rendered":"<p><strong>G\u00fcvenli T\u00fcfek Depolama:<\/strong> Tek bir t\u00fcfe\u011fi g\u00fcvenli ve sabit bir \u015fekilde muhafaza etmek i\u00e7in \u00f6zel tasar\u0131m.<\/p>\n<h2>\u00d6ne \u00c7\u0131kan \u00d6zellikler<\/h2>\n<ul>\n<li><strong>\u00c7ift S\u00fcnger Dolgu:<\/strong> Yap\u0131\u015ft\u0131r\u0131lm\u0131\u015f iki katman s\u00fcnger, darbe emilimi ve \u00e7izilme \u00f6nleme sa\u011flar.<\/li>\n<li><strong>D\u00f6rt Kilit D\u00fc\u011fmesi:<\/strong> Basit ve etkili a\u00e7ma\/kapama mekanizmas\u0131.<\/li>\n<li><strong>D\u00f6rt Kilit D\u00fc\u011fmesi:<\/strong> Basit ve etkili a\u00e7ma\/kapama mekanizmas\u0131.<\/li>\n<li><strong>G\u00fc\u00e7lendirilmi\u015f Mandallar:<\/strong> Metal pimlerle desteklenen d\u00f6rt arka mandal, yap\u0131sal sa\u011flaml\u0131\u011f\u0131 art\u0131r\u0131r.<\/li>\n<li><strong>Ta\u015f\u0131ma Kolu:<\/strong> Konforlu ta\u015f\u0131ma i\u00e7in ergonomik tutma sap\u0131.<\/li>\n<\/ul>\n<h2>Teknik \u00d6zellikler<\/h2>\n<ul>\n<li><strong>Malzeme:<\/strong> Polipropilen (PP)<\/li>\n<li><strong>A\u011f\u0131rl\u0131k:<\/strong> 3,250 kg<\/li>\n<li><strong>\u00d6l\u00e7\u00fcler:<\/strong> 110,62 cm (Uzunluk) x 32,51 cm (Geni\u015flik) x 9,5 cm (Y\u00fckseklik)<\/li>\n<\/ul>\n","protected":false},"excerpt":{"rendered":"<p>KEY-CS110, t\u00fcfe\u011fin g\u00fcvenli ve korumal\u0131 bir \u015fekilde depolanmas\u0131 ve ta\u015f\u0131nmas\u0131 i\u00e7in tasarlanm\u0131\u015f sa\u011flam bir ta\u015f\u0131ma \u00e7antas\u0131d\u0131r. Dayan\u0131kl\u0131 polipropilen (PP) malzemeden \u00fcretilmi\u015f olup, darbeleri ve \u00e7izilmeleri \u00f6nlemek i\u00e7in yap\u0131\u015ft\u0131r\u0131lm\u0131\u015f \u00e7ift yumurta s\u00fcnger katmana sahiptir. G\u00fcvenlik ve kullan\u0131m kolayl\u0131\u011f\u0131 \u00f6n planda tutularak tasarlanan \u00e7anta, d\u00f6rt kilit d\u00fc\u011fmesi, metal pimlerle g\u00fc\u00e7lendirilmi\u015f mandallara sahiptir.   <\/p>\n","protected":false},"featured_media":4293,"template":"","meta":[],"product_brand":[],"product_cat":[45],"product_tag":[],"class_list":{"0":"post-4765","1":"product","2":"type-product","3":"status-publish","4":"has-post-thumbnail","6":"product_cat-cantalar","8":"first","9":"instock","10":"shipping-taxable","11":"purchasable","12":"product-type-variable"},"_links":{"self":[{"href":"https:\/\/key-arma.com\/tr\/wp-json\/wp\/v2\/product\/4765","targetHints":{"allow":["GET"]}}],"collection":[{"href":"https:\/\/key-arma.com\/tr\/wp-json\/wp\/v2\/product"}],"about":[{"href":"https:\/\/key-arma.com\/tr\/wp-json\/wp\/v2\/types\/product"}],"wp:featuredmedia":[{"embeddable":true,"href":"https:\/\/key-arma.com\/tr\/wp-json\/wp\/v2\/media\/4293"}],"wp:attachment":[{"href":"https:\/\/key-arma.com\/tr\/wp-json\/wp\/v2\/media?parent=4765"}],"wp:term":[{"taxonomy":"product_brand","embeddable":true,"href":"https:\/\/key-arma.com\/tr\/wp-json\/wp\/v2\/product_brand?post=4765"},{"taxonomy":"product_cat","embeddable":true,"href":"https:\/\/key-arma.com\/tr\/wp-json\/wp\/v2\/product_cat?post=4765"},{"taxonomy":"product_tag","embeddable":true,"href":"https:\/\/key-arma.com\/tr\/wp-json\/wp\/v2\/product_tag?post=4765"}],"curies":[{"name":"wp","href":"https:\/\/api.w.org\/{rel}","templated":true}]}}