{"id":4761,"date":"2025-09-13T00:57:21","date_gmt":"2025-09-12T21:57:21","guid":{"rendered":"https:\/\/keyarma.splusweb.com.tr\/nord\/"},"modified":"2026-03-12T21:47:21","modified_gmt":"2026-03-12T18:47:21","slug":"nord","status":"publish","type":"product","link":"https:\/\/key-arma.com\/tr\/nord\/","title":{"rendered":"NORD"},"content":{"rendered":"<p><strong>Kullan\u0131m Alan\u0131:<\/strong> AR-15 \/ AK\u2019s<\/p>\n<h2>\u00d6ne \u00c7\u0131kan \u00d6zellikler<\/h2>\n<ul>\n<li><strong>Hafif ve Dayan\u0131kl\u0131 Polimer Yap\u0131:<\/strong> Gereksiz a\u011f\u0131rl\u0131k eklemeden uzun \u00f6m\u00fcrl\u00fc performans sa\u011flar.<\/li>\n<li><strong>\u00c7ift Tarafl\u0131 QD Ask\u0131 Yuvalar\u0131:<\/strong> Her iki yanda yer alan yuvalar, ta\u015f\u0131ma ve at\u0131\u015f pozisyonlar\u0131 aras\u0131nda h\u0131zl\u0131 ve sorunsuz ge\u00e7i\u015f imk\u00e2n\u0131 sunar.<\/li>\n<li><strong>H\u0131zl\u0131 Kurulum:<\/strong> Tampon t\u00fcp\u00fcne aletsiz, h\u0131zl\u0131 montaj ve s\u00f6kme imk\u00e2n\u0131 sa\u011flar.<\/li>\n<li><strong>Kaymaz Dip\u00e7ik Pedi:<\/strong> V\u00fccut z\u0131rhlar\u0131yla uyumlu olacak \u015fekilde tasarlanm\u0131\u015f, omuza sa\u011flam ve dengeli oturan \u00f6zel ped.<\/li>\n<\/ul>\n<h2>Teknik \u00d6zellikler<\/h2>\n<ul>\n<li><strong>Mevcut Boyutlar: <\/strong>Mil-Spec \/ Comm-Spec<\/li>\n<li>Malzeme: Polimer<\/li>\n<li><strong>A\u011f\u0131rl\u0131k:<\/strong> 0,258 kg<\/li>\n<\/ul>\n","protected":false},"excerpt":{"rendered":"<p>NORD, konfor, denge ve g\u00fcvenilirlik arayan at\u0131c\u0131lar i\u00e7in tasarlanm\u0131\u015f, dayan\u0131kl\u0131 ve hafif polimerden \u00fcretilmi\u015f y\u00fcksek performansl\u0131 bir dip\u00e7iktir. H\u0131zl\u0131 tempolu taktik operasyonlardan sportif at\u0131\u015flara kadar her alanda ergonomik destek ve etkili kullan\u0131m sunar. <\/p>\n","protected":false},"featured_media":4286,"template":"","meta":[],"product_brand":[],"product_cat":[44,72,74,51,52],"product_tag":[],"class_list":{"0":"post-4761","1":"product","2":"type-product","3":"status-publish","4":"has-post-thumbnail","6":"product_cat-dipcikler","7":"product_cat-ak-47-aksesuarlari","8":"product_cat-ak-74-aksesuarlari","9":"product_cat-ak-parcalari","10":"product_cat-ar-parcalari","12":"first","13":"instock","14":"shipping-taxable","15":"purchasable","16":"product-type-variable"},"_links":{"self":[{"href":"https:\/\/key-arma.com\/tr\/wp-json\/wp\/v2\/product\/4761","targetHints":{"allow":["GET"]}}],"collection":[{"href":"https:\/\/key-arma.com\/tr\/wp-json\/wp\/v2\/product"}],"about":[{"href":"https:\/\/key-arma.com\/tr\/wp-json\/wp\/v2\/types\/product"}],"wp:featuredmedia":[{"embeddable":true,"href":"https:\/\/key-arma.com\/tr\/wp-json\/wp\/v2\/media\/4286"}],"wp:attachment":[{"href":"https:\/\/key-arma.com\/tr\/wp-json\/wp\/v2\/media?parent=4761"}],"wp:term":[{"taxonomy":"product_brand","embeddable":true,"href":"https:\/\/key-arma.com\/tr\/wp-json\/wp\/v2\/product_brand?post=4761"},{"taxonomy":"product_cat","embeddable":true,"href":"https:\/\/key-arma.com\/tr\/wp-json\/wp\/v2\/product_cat?post=4761"},{"taxonomy":"product_tag","embeddable":true,"href":"https:\/\/key-arma.com\/tr\/wp-json\/wp\/v2\/product_tag?post=4761"}],"curies":[{"name":"wp","href":"https:\/\/api.w.org\/{rel}","templated":true}]}}