{"id":4757,"date":"2025-09-13T00:51:15","date_gmt":"2025-09-12T21:51:15","guid":{"rendered":"https:\/\/keyarma.splusweb.com.tr\/fsm-2\/"},"modified":"2026-03-12T21:47:20","modified_gmt":"2026-03-12T18:47:20","slug":"fsm-2","status":"publish","type":"product","link":"https:\/\/key-arma.com\/tr\/fsm-2\/","title":{"rendered":"FSM-2"},"content":{"rendered":"<p><strong>Kullan\u0131m Alan\u0131:<\/strong> AR-15 \/ AK\u2019s<\/p>\n<h2>\u00d6ne \u00c7\u0131kan \u00d6zellikler<\/h2>\n<ul>\n<li><strong>Kendini Kan\u0131tlam\u0131\u015f Tasar\u0131m: <\/strong>Yayg\u0131n olarak tan\u0131nan ve g\u00fcvenilen dip\u00e7ik mimarisi \u00fczerine in\u015fa edilmi\u015ftir.<\/li>\n<li><strong>Ask\u0131 Yuvas\u0131: <\/strong>Tampon t\u00fcp\u00fc ayar butonuna yak\u0131n konumland\u0131r\u0131lm\u0131\u015f h\u0131zl\u0131 \u00e7\u0131kar\u0131labilir ask\u0131 yuvas\u0131, ask\u0131 kurulumunda esneklik ve kolay eri\u015fim sa\u011flar.<\/li>\n<li><strong>Kolay Kurulum:<\/strong> \u00d6zel alet gerektirmeden tampon t\u00fcp\u00fcne basit montaj ve s\u00f6kme imk\u00e2n\u0131 sunar.<\/li>\n<\/ul>\n<h2>Teknik \u00d6zellikler<\/h2>\n<ul>\n<li><strong>Mevcut Boyut:<\/strong> Mil-Spec<\/li>\n<li>Malzeme: Polimer<\/li>\n<li><strong>A\u011f\u0131rl\u0131k:<\/strong> 0,175 kg<\/li>\n<\/ul>\n","protected":false},"excerpt":{"rendered":"<p>FSM2 dip\u00e7ik: AR-15 ve AK platformlar\u0131 i\u00e7in klasik, sa\u011flam tasar\u0131m; g\u00fcvenilir performans ve y\u00fcksek dayan\u0131kl\u0131l\u0131k sunar.<\/p>\n","protected":false},"featured_media":4285,"template":"","meta":[],"product_brand":[],"product_cat":[44,72,74,51,52],"product_tag":[],"class_list":{"0":"post-4757","1":"product","2":"type-product","3":"status-publish","4":"has-post-thumbnail","6":"product_cat-dipcikler","7":"product_cat-ak-47-aksesuarlari","8":"product_cat-ak-74-aksesuarlari","9":"product_cat-ak-parcalari","10":"product_cat-ar-parcalari","12":"first","13":"instock","14":"shipping-taxable","15":"purchasable","16":"product-type-variable"},"_links":{"self":[{"href":"https:\/\/key-arma.com\/tr\/wp-json\/wp\/v2\/product\/4757","targetHints":{"allow":["GET"]}}],"collection":[{"href":"https:\/\/key-arma.com\/tr\/wp-json\/wp\/v2\/product"}],"about":[{"href":"https:\/\/key-arma.com\/tr\/wp-json\/wp\/v2\/types\/product"}],"wp:featuredmedia":[{"embeddable":true,"href":"https:\/\/key-arma.com\/tr\/wp-json\/wp\/v2\/media\/4285"}],"wp:attachment":[{"href":"https:\/\/key-arma.com\/tr\/wp-json\/wp\/v2\/media?parent=4757"}],"wp:term":[{"taxonomy":"product_brand","embeddable":true,"href":"https:\/\/key-arma.com\/tr\/wp-json\/wp\/v2\/product_brand?post=4757"},{"taxonomy":"product_cat","embeddable":true,"href":"https:\/\/key-arma.com\/tr\/wp-json\/wp\/v2\/product_cat?post=4757"},{"taxonomy":"product_tag","embeddable":true,"href":"https:\/\/key-arma.com\/tr\/wp-json\/wp\/v2\/product_tag?post=4757"}],"curies":[{"name":"wp","href":"https:\/\/api.w.org\/{rel}","templated":true}]}}