{"id":4745,"date":"2025-09-13T00:30:10","date_gmt":"2025-09-12T21:30:10","guid":{"rendered":"https:\/\/keyarma.splusweb.com.tr\/atom-2\/"},"modified":"2026-03-12T21:48:55","modified_gmt":"2026-03-12T18:48:55","slug":"atom-2","status":"publish","type":"product","link":"https:\/\/key-arma.com\/tr\/atom-2\/","title":{"rendered":"ATOM"},"content":{"rendered":"<p><strong>Kullan\u0131m Alan\u0131:<\/strong> AR-15 \/ AK\u2019s<\/p>\n<h2>\u00d6ne \u00c7\u0131kan \u00d6zellikler<\/h2>\n<ul>\n<li><strong>\u0130nce ve Hafif Tasar\u0131m:<\/strong> Gereksiz hacim olu\u015fturmadan sa\u011flaml\u0131k sa\u011flayan dayan\u0131kl\u0131 polimer yap\u0131.<\/li>\n<li><strong>Optimize Edilmi\u015f QD Ask\u0131 Yuvas\u0131 Konumu:<\/strong> Tampon t\u00fcp\u00fc ayar butonuna yak\u0131n yerle\u015ftirilmi\u015f olup h\u0131zl\u0131 ve sezgisel eri\u015fim sa\u011flar.<\/li>\n<li><strong>Kolay Kurulum:<\/strong> Aletsiz \u015fekilde tampon t\u00fcp\u00fcne h\u0131zl\u0131 montaj ve s\u00f6kme imk\u00e2n\u0131 sunar.<\/li>\n<li><strong>Kaymaz Dip\u00e7ik Pedi:<\/strong> V\u00fccut z\u0131rh\u0131 ile uyumlu olarak tasarlanm\u0131\u015f olup omuzda g\u00fcvenli ve sabit bir duru\u015f sa\u011flar.<\/li>\n<\/ul>\n<h2>Teknik \u00d6zellikler<\/h2>\n<ul>\n<li><strong>Mevcut Boyutlar: <\/strong>Mil-Spec \/ Comm-Spec<\/li>\n<li>Malzeme: Polimer<\/li>\n<li>A\u011f\u0131rl\u0131k: 0,245 kg<\/li>\n<\/ul>\n","protected":false},"excerpt":{"rendered":"<p>ATOM, konfor, kontrol ve \u00e7ok y\u00f6nl\u00fcl\u00fck arayan at\u0131c\u0131lar i\u00e7in tasarlanm\u0131\u015f, y\u00fcksek mukavemetli polimerden \u00fcretilmi\u015f hafif ve ince profilli bir dip\u00e7iktir. Taktik kullan\u0131m ve hassas at\u0131\u015flar i\u00e7in geli\u015ftirilmi\u015f olup, kompakt yap\u0131s\u0131yla geli\u015fmi\u015f ergonomi ve g\u00fcvenilir performans sunar. <\/p>\n","protected":false},"featured_media":4272,"template":"","meta":[],"product_brand":[],"product_cat":[44,72,74,51,52],"product_tag":[],"class_list":{"0":"post-4745","1":"product","2":"type-product","3":"status-publish","4":"has-post-thumbnail","6":"product_cat-dipcikler","7":"product_cat-ak-47-aksesuarlari","8":"product_cat-ak-74-aksesuarlari","9":"product_cat-ak-parcalari","10":"product_cat-ar-parcalari","12":"first","13":"instock","14":"shipping-taxable","15":"purchasable","16":"product-type-variable"},"_links":{"self":[{"href":"https:\/\/key-arma.com\/tr\/wp-json\/wp\/v2\/product\/4745","targetHints":{"allow":["GET"]}}],"collection":[{"href":"https:\/\/key-arma.com\/tr\/wp-json\/wp\/v2\/product"}],"about":[{"href":"https:\/\/key-arma.com\/tr\/wp-json\/wp\/v2\/types\/product"}],"wp:featuredmedia":[{"embeddable":true,"href":"https:\/\/key-arma.com\/tr\/wp-json\/wp\/v2\/media\/4272"}],"wp:attachment":[{"href":"https:\/\/key-arma.com\/tr\/wp-json\/wp\/v2\/media?parent=4745"}],"wp:term":[{"taxonomy":"product_brand","embeddable":true,"href":"https:\/\/key-arma.com\/tr\/wp-json\/wp\/v2\/product_brand?post=4745"},{"taxonomy":"product_cat","embeddable":true,"href":"https:\/\/key-arma.com\/tr\/wp-json\/wp\/v2\/product_cat?post=4745"},{"taxonomy":"product_tag","embeddable":true,"href":"https:\/\/key-arma.com\/tr\/wp-json\/wp\/v2\/product_tag?post=4745"}],"curies":[{"name":"wp","href":"https:\/\/api.w.org\/{rel}","templated":true}]}}