{"id":4737,"date":"2025-09-13T00:21:25","date_gmt":"2025-09-12T21:21:25","guid":{"rendered":"https:\/\/keyarma.splusweb.com.tr\/alpha\/"},"modified":"2026-03-12T21:50:28","modified_gmt":"2026-03-12T18:50:28","slug":"alpha","status":"publish","type":"product","link":"https:\/\/key-arma.com\/tr\/alpha\/","title":{"rendered":"ALPHA"},"content":{"rendered":"<p><strong>Kullan\u0131m Alan\u0131:<\/strong> AR-15 \/ AK\u2019s<\/p>\n<h2>\u00d6ne \u00c7\u0131kan \u00d6zellikler<\/h2>\n<ul>\n<li><strong>Dayan\u0131kl\u0131 Polimer Yap\u0131:<\/strong> Hafifli\u011fini korurken y\u00fcksek sa\u011flaml\u0131k ve uzun \u00f6m\u00fcrl\u00fc kullan\u0131m sunar.<\/li>\n<li><strong>\u00c7ift Tarafl\u0131 QD Ask\u0131 Yuvalar\u0131:<\/strong> Ta\u015f\u0131ma ve at\u0131\u015f pozisyonlar\u0131 aras\u0131nda sorunsuz ge\u00e7i\u015f i\u00e7in her iki yanda yer al\u0131r.<\/li>\n<li><strong>Aletsiz Kurulum: <\/strong>Tampon t\u00fcp\u00fcne h\u0131zl\u0131 ve kolay montaj\/s\u00f6kme olana\u011f\u0131 sa\u011flar.<\/li>\n<li><strong>Kaymaz Dip\u00e7ik Pedi:<\/strong> V\u00fccut z\u0131rhlar\u0131yla uyumlu olacak \u015fekilde tasarlanm\u0131\u015f olup omuza kaymadan sa\u011flam oturur.<\/li>\n<\/ul>\n<h2>Teknik \u00d6zellikler<\/h2>\n<ul>\n<li><strong>Mevcut Boyutlar: <\/strong>Mil-Spec \/ Comm-Spec<\/li>\n<li>Malzeme: Polimer<\/li>\n<\/ul>\n<p>A\u011f\u0131rl\u0131k: 0,220 kg<\/p>\n","protected":false},"excerpt":{"rendered":"<p>ALPHA, zorlu ko\u015fullar alt\u0131nda konfor, kontrol ve dayan\u0131kl\u0131l\u0131k sa\u011flamak i\u00e7in tasarlanm\u0131\u015f, y\u00fcksek mukavemetli polimerden yap\u0131lm\u0131\u015f sa\u011flam, ergonomik tasar\u0131ml\u0131 bir dip\u00e7iktir. \u0130ster taktik kullan\u0131m ister hassas at\u0131\u015f i\u00e7in olsun, ALPHA silah kullan\u0131m\u0131n\u0131 ve kullan\u0131c\u0131 performans\u0131n\u0131 art\u0131r\u0131r.<\/p>\n","protected":false},"featured_media":4260,"template":"","meta":[],"product_brand":[],"product_cat":[44,72,74,51,52],"product_tag":[],"class_list":{"0":"post-4737","1":"product","2":"type-product","3":"status-publish","4":"has-post-thumbnail","6":"product_cat-dipcikler","7":"product_cat-ak-47-aksesuarlari","8":"product_cat-ak-74-aksesuarlari","9":"product_cat-ak-parcalari","10":"product_cat-ar-parcalari","12":"first","13":"instock","14":"shipping-taxable","15":"purchasable","16":"product-type-variable"},"_links":{"self":[{"href":"https:\/\/key-arma.com\/tr\/wp-json\/wp\/v2\/product\/4737","targetHints":{"allow":["GET"]}}],"collection":[{"href":"https:\/\/key-arma.com\/tr\/wp-json\/wp\/v2\/product"}],"about":[{"href":"https:\/\/key-arma.com\/tr\/wp-json\/wp\/v2\/types\/product"}],"wp:featuredmedia":[{"embeddable":true,"href":"https:\/\/key-arma.com\/tr\/wp-json\/wp\/v2\/media\/4260"}],"wp:attachment":[{"href":"https:\/\/key-arma.com\/tr\/wp-json\/wp\/v2\/media?parent=4737"}],"wp:term":[{"taxonomy":"product_brand","embeddable":true,"href":"https:\/\/key-arma.com\/tr\/wp-json\/wp\/v2\/product_brand?post=4737"},{"taxonomy":"product_cat","embeddable":true,"href":"https:\/\/key-arma.com\/tr\/wp-json\/wp\/v2\/product_cat?post=4737"},{"taxonomy":"product_tag","embeddable":true,"href":"https:\/\/key-arma.com\/tr\/wp-json\/wp\/v2\/product_tag?post=4737"}],"curies":[{"name":"wp","href":"https:\/\/api.w.org\/{rel}","templated":true}]}}