{"id":4735,"date":"2025-09-13T00:08:03","date_gmt":"2025-09-12T21:08:03","guid":{"rendered":"https:\/\/keyarma.splusweb.com.tr\/key-504\/"},"modified":"2026-03-12T21:51:56","modified_gmt":"2026-03-12T18:51:56","slug":"key-504","status":"publish","type":"product","link":"https:\/\/key-arma.com\/tr\/key-504\/","title":{"rendered":"KEY-504"},"content":{"rendered":"<p><strong>Kullan\u0131m Alan\u0131:<\/strong> AK104<\/p>\n<h2>\u00d6ne \u00c7\u0131kan \u00d6zellikler<\/h2>\n<ul>\n<li><strong>Sol Taraf Katlanma Mekanizmas\u0131:<\/strong> Entegre manuel katlanma sistemi, kullan\u0131c\u0131 konforu i\u00e7in t\u00fcfe\u011fin sol taraf\u0131na katlanacak \u015fekilde tasarlanm\u0131\u015ft\u0131r.<\/li>\n<li><strong>6 Pozisyon Ayarlanabilir T\u00fcp:<\/strong> Dip\u00e7ik mesafe uzunlu\u011funu hassas \u015fekilde ayarlayarak farkl\u0131 at\u0131\u015f stilleri ve v\u00fccut tipleri i\u00e7in konfor ve kontrol\u00fc art\u0131r\u0131r.<\/li>\n<li><strong>Dayan\u0131kl\u0131 Polimer Yap\u0131:<\/strong> Zorlu \u00e7evre ko\u015fullar\u0131nda hafif ve sa\u011flam performans sunan y\u00fcksek mukavemetli polimerden imal edilmi\u015ftir.<\/li>\n<li><strong>Al\u00fcminyum Adapt\u00f6r Ba\u011flant\u0131s\u0131:<\/strong> AK104 platformuna sa\u011flam montaj i\u00e7in dayan\u0131kl\u0131 al\u00fcminyum aparata sahiptir ve kolay kurulum imkan\u0131 sunar.<\/li>\n<\/ul>\n<h2>Teknik \u00d6zellikler<\/h2>\n<ul>\n<li><strong>Mevcut Boyutlar: <\/strong>Mil-Spec \/ Comm-Spec<\/li>\n<\/ul>\n<ul>\n<li><strong>Materyal:<\/strong> Polimer (t\u00fcp ve adapt\u00f6r), Al\u00fcminyum (ba\u011flant\u0131 aparat\u0131)<\/li>\n<li><strong>A\u011f\u0131rl\u0131k:<\/strong> 0.203 kg<\/li>\n<\/ul>\n","protected":false},"excerpt":{"rendered":"<p>KEY-504, AK104 t\u00fcfekler i\u00e7in \u00f6zel olarak tasarlanm\u0131\u015f, katlanabilir ve tamamen polimer bir t\u00fcp ve adapt\u00f6r sistemidir. Hem Mil-Spec hem de Comm-Spec \u00f6l\u00e7\u00fcleriyle uyumludur. Sol tarafta bulunan manuel katlanma mekanizmas\u0131, t\u00fcfe\u011fin kullan\u0131m\u0131n\u0131 kolayla\u015ft\u0131r\u0131rken dayan\u0131kl\u0131l\u0131ktan ve i\u015flevsellikten \u00f6d\u00fcn vermez. \u00d6n ucundaki al\u00fcminyum ba\u011flant\u0131 aparat\u0131, adapt\u00f6r\u00fcn t\u00fcfe\u011fe h\u0131zl\u0131 ve sa\u011flam \u015fekilde montaj\u0131n\u0131 sa\u011flar.<\/p>\n","protected":false},"featured_media":4257,"template":"","meta":[],"product_brand":[],"product_cat":[43,72,74,51],"product_tag":[],"class_list":{"0":"post-4735","1":"product","2":"type-product","3":"status-publish","4":"has-post-thumbnail","6":"product_cat-dipcik-borulari","7":"product_cat-ak-47-aksesuarlari","8":"product_cat-ak-74-aksesuarlari","9":"product_cat-ak-parcalari","11":"first","12":"instock","13":"shipping-taxable","14":"purchasable","15":"product-type-variable"},"_links":{"self":[{"href":"https:\/\/key-arma.com\/tr\/wp-json\/wp\/v2\/product\/4735","targetHints":{"allow":["GET"]}}],"collection":[{"href":"https:\/\/key-arma.com\/tr\/wp-json\/wp\/v2\/product"}],"about":[{"href":"https:\/\/key-arma.com\/tr\/wp-json\/wp\/v2\/types\/product"}],"wp:featuredmedia":[{"embeddable":true,"href":"https:\/\/key-arma.com\/tr\/wp-json\/wp\/v2\/media\/4257"}],"wp:attachment":[{"href":"https:\/\/key-arma.com\/tr\/wp-json\/wp\/v2\/media?parent=4735"}],"wp:term":[{"taxonomy":"product_brand","embeddable":true,"href":"https:\/\/key-arma.com\/tr\/wp-json\/wp\/v2\/product_brand?post=4735"},{"taxonomy":"product_cat","embeddable":true,"href":"https:\/\/key-arma.com\/tr\/wp-json\/wp\/v2\/product_cat?post=4735"},{"taxonomy":"product_tag","embeddable":true,"href":"https:\/\/key-arma.com\/tr\/wp-json\/wp\/v2\/product_tag?post=4735"}],"curies":[{"name":"wp","href":"https:\/\/api.w.org\/{rel}","templated":true}]}}