{"id":4733,"date":"2025-09-12T23:54:04","date_gmt":"2025-09-12T20:54:04","guid":{"rendered":"https:\/\/keyarma.splusweb.com.tr\/key-503\/"},"modified":"2026-03-12T21:53:09","modified_gmt":"2026-03-12T18:53:09","slug":"key-503","status":"publish","type":"product","link":"https:\/\/key-arma.com\/tr\/key-503\/","title":{"rendered":"KEY-503"},"content":{"rendered":"<p><strong>Kullan\u0131m Alan\u0131:<\/strong> AK47\/AK74<\/p>\n<h2>\u00d6ne \u00c7\u0131kan \u00d6zellikler<\/h2>\n<ul>\n<li><strong>Manuel Katlanma Mekanizmas\u0131:<\/strong> Yenilik\u00e7i katlanabilir bu \u00fcr\u00fcn, h\u0131zl\u0131 ve zahmetsiz ayar yapman\u0131z\u0131 sa\u011flar. Sol veya sa\u011f el kullan\u0131c\u0131lar\u0131 i\u00e7in katlanma y\u00f6n\u00fc kolayca de\u011fi\u015ftirilebilir, tercihinize g\u00f6re yap\u0131land\u0131r\u0131labilir. <\/li>\n<li><strong>6 Pozisyon Ayarlanabilir T\u00fcp:<\/strong> Alt\u0131 pozisyonlu ayarlanabilir t\u00fcp ile dip\u00e7ik mesafe uzunlu\u011funu ayarlayarak geni\u015f bir kullan\u0131c\u0131 yelpazesi i\u00e7in konfor sa\u011flar.<\/li>\n<\/ul>\n<h2>Neden KEY-503?<\/h2>\n<ul>\n<li><strong>Esneklik:<\/strong> Sol veya sa\u011f el kullan\u0131c\u0131s\u0131 olman\u0131z fark etmeksizin, kolay katlanabilir tasar\u0131m KEY-503\u2019\u00fc herkes i\u00e7in ideal yapar.<\/li>\n<li><strong>Konfor:<\/strong> Alt\u0131 ayar pozisyonu sayesinde optimum uyumu bularak at\u0131\u015f deneyiminizi ve kontrol\u00fcn\u00fcz\u00fc art\u0131r\u0131r.<\/li>\n<li><strong>Dayan\u0131kl\u0131 Performans:<\/strong> En zorlu ko\u015fullara dayanacak \u015fekilde \u00fcretilmi\u015f olan bu \u00fcr\u00fcn AK47\/AK74 t\u00fcfe\u011finiz i\u00e7in m\u00fckemmel bir tercihtir.<\/li>\n<\/ul>\n<p>Taktik operasyonlar, hobi ama\u00e7l\u0131 at\u0131\u015flar veya zorlay\u0131c\u0131 her t\u00fcrl\u00fc ortam i\u00e7in ideal olan KEY-503, t\u00fcfe\u011finiz i\u00e7in \u00fcst\u00fcn i\u015flevsellik ve ki\u015fiselle\u015ftirme sunar.<\/p>\n<ul>\n<li><strong>Mevcut Boyutlar: <\/strong>Mil-Spec \/ Comm-Spec<\/li>\n<li>Malzeme: Polimer<\/li>\n<li>A\u011f\u0131rl\u0131k: 0.195 kg<\/li>\n<\/ul>\n","protected":false},"excerpt":{"rendered":"<p>KEY-503 katlanabilir t\u00fcp+adapt\u00f6r, AK47\/AK74 t\u00fcfe\u011finizin \u00e7ok y\u00f6nl\u00fcl\u00fc\u011f\u00fcn\u00fc ve konforunu art\u0131r\u0131r. Hem Mil-Spec hem de Comm-Spec \u00f6l\u00e7\u00fcleri i\u00e7in tasarlanm\u0131\u015f bu y\u00fcksek kaliteli polimer t\u00fcp+adapt\u00f6r, performans, dayan\u0131kl\u0131l\u0131k ve kullan\u0131m kolayl\u0131\u011f\u0131 sa\u011flamak \u00fczere geli\u015ftirilmi\u015ftir. <\/p>\n","protected":false},"featured_media":4253,"template":"","meta":[],"product_brand":[],"product_cat":[43,72,74,51],"product_tag":[],"class_list":{"0":"post-4733","1":"product","2":"type-product","3":"status-publish","4":"has-post-thumbnail","6":"product_cat-dipcik-borulari","7":"product_cat-ak-47-aksesuarlari","8":"product_cat-ak-74-aksesuarlari","9":"product_cat-ak-parcalari","11":"first","12":"instock","13":"shipping-taxable","14":"purchasable","15":"product-type-variable"},"_links":{"self":[{"href":"https:\/\/key-arma.com\/tr\/wp-json\/wp\/v2\/product\/4733","targetHints":{"allow":["GET"]}}],"collection":[{"href":"https:\/\/key-arma.com\/tr\/wp-json\/wp\/v2\/product"}],"about":[{"href":"https:\/\/key-arma.com\/tr\/wp-json\/wp\/v2\/types\/product"}],"wp:featuredmedia":[{"embeddable":true,"href":"https:\/\/key-arma.com\/tr\/wp-json\/wp\/v2\/media\/4253"}],"wp:attachment":[{"href":"https:\/\/key-arma.com\/tr\/wp-json\/wp\/v2\/media?parent=4733"}],"wp:term":[{"taxonomy":"product_brand","embeddable":true,"href":"https:\/\/key-arma.com\/tr\/wp-json\/wp\/v2\/product_brand?post=4733"},{"taxonomy":"product_cat","embeddable":true,"href":"https:\/\/key-arma.com\/tr\/wp-json\/wp\/v2\/product_cat?post=4733"},{"taxonomy":"product_tag","embeddable":true,"href":"https:\/\/key-arma.com\/tr\/wp-json\/wp\/v2\/product_tag?post=4733"}],"curies":[{"name":"wp","href":"https:\/\/api.w.org\/{rel}","templated":true}]}}