{"id":4731,"date":"2025-09-12T23:50:40","date_gmt":"2025-09-12T20:50:40","guid":{"rendered":"https:\/\/keyarma.splusweb.com.tr\/key-502\/"},"modified":"2026-03-12T21:55:45","modified_gmt":"2026-03-12T18:55:45","slug":"key-502","status":"publish","type":"product","link":"https:\/\/key-arma.com\/tr\/key-502\/","title":{"rendered":"KEY-502"},"content":{"rendered":"<p><strong>Kullan\u0131m Alan\u0131:<\/strong> AK47\/AK74<\/p>\n<h2>\u00d6ne \u00c7\u0131kan \u00d6zellikler<\/h2>\n<ul>\n<li><strong>Sabit Polimer Yap\u0131:<\/strong> Dayan\u0131kl\u0131, hafif polimerden \u00fcretilmi\u015ftir.<\/li>\n<li><strong>Mil-Spec ve Comm-Spec Uyumlulu\u011fu:<\/strong> AK47 ve AK74 t\u00fcfeklerinin her ikisi i\u00e7in uyacak \u015fekilde tasarlanm\u0131\u015ft\u0131r.<\/li>\n<li><strong>Entegre QD Kay\u0131\u015f Montajlar\u0131:<\/strong> Her iki yanda h\u0131zl\u0131 \u00e7\u0131kar\u0131labilir kay\u0131\u015f ba\u011flant\u0131 noktalar\u0131 vard\u0131r.<\/li>\n<li><strong>6 Pozisyon Ayarlanabilir T\u00fcp:<\/strong> Alt\u0131 farkl\u0131 pozisyon se\u00e7ene\u011fiyle dip\u00e7ik mesafesini ki\u015fiselle\u015ftirme imkan\u0131 sunar.<\/li>\n<\/ul>\n<h2>Teknik \u00d6zellikler<\/h2>\n<ul>\n<li><strong>Mevcut Boyutlar: <\/strong>Mil-Spec \/ Comm-Spec<\/li>\n<\/ul>\n<ul>\n<li>Malzeme: Polimer<\/li>\n<li><strong>A\u011f\u0131rl\u0131k: <\/strong>0.150 kg<\/li>\n<\/ul>\n","protected":false},"excerpt":{"rendered":"<p>KEY-502, AK47 ve AK74 platformlar\u0131 i\u00e7in tasarlanm\u0131\u015f, sabit, tamamen polimer bir t\u00fcpt\u00fcr. Mil-Spec ve Comm-Spec standartlar\u0131nda mevcuttur. Bu \u00fcr\u00fcn, sa\u011f ve sol taraflarda h\u0131zl\u0131 \u00e7\u0131kar\u0131labilir (QD) kay\u0131\u015f montaj noktalar\u0131na sahip yuvalar i\u00e7erir ve \u00e7e\u015fitli kay\u0131\u015f takma se\u00e7enekleri sunar. T\u00fcp, farkl\u0131 dip\u00e7ik uzunluklar\u0131na uyum sa\u011flamak i\u00e7in alt\u0131 ayarlanabilir pozisyona sahiptir ve at\u0131c\u0131 konforunu art\u0131r\u0131r.  <\/p>\n","protected":false},"featured_media":4250,"template":"","meta":[],"product_brand":[],"product_cat":[43,72,74,51],"product_tag":[],"class_list":{"0":"post-4731","1":"product","2":"type-product","3":"status-publish","4":"has-post-thumbnail","6":"product_cat-dipcik-borulari","7":"product_cat-ak-47-aksesuarlari","8":"product_cat-ak-74-aksesuarlari","9":"product_cat-ak-parcalari","11":"first","12":"instock","13":"shipping-taxable","14":"purchasable","15":"product-type-variable"},"_links":{"self":[{"href":"https:\/\/key-arma.com\/tr\/wp-json\/wp\/v2\/product\/4731","targetHints":{"allow":["GET"]}}],"collection":[{"href":"https:\/\/key-arma.com\/tr\/wp-json\/wp\/v2\/product"}],"about":[{"href":"https:\/\/key-arma.com\/tr\/wp-json\/wp\/v2\/types\/product"}],"wp:featuredmedia":[{"embeddable":true,"href":"https:\/\/key-arma.com\/tr\/wp-json\/wp\/v2\/media\/4250"}],"wp:attachment":[{"href":"https:\/\/key-arma.com\/tr\/wp-json\/wp\/v2\/media?parent=4731"}],"wp:term":[{"taxonomy":"product_brand","embeddable":true,"href":"https:\/\/key-arma.com\/tr\/wp-json\/wp\/v2\/product_brand?post=4731"},{"taxonomy":"product_cat","embeddable":true,"href":"https:\/\/key-arma.com\/tr\/wp-json\/wp\/v2\/product_cat?post=4731"},{"taxonomy":"product_tag","embeddable":true,"href":"https:\/\/key-arma.com\/tr\/wp-json\/wp\/v2\/product_tag?post=4731"}],"curies":[{"name":"wp","href":"https:\/\/api.w.org\/{rel}","templated":true}]}}