{"id":4729,"date":"2025-09-12T23:47:03","date_gmt":"2025-09-12T20:47:03","guid":{"rendered":"https:\/\/keyarma.splusweb.com.tr\/key-501a\/"},"modified":"2026-03-12T21:56:22","modified_gmt":"2026-03-12T18:56:22","slug":"key-501a","status":"publish","type":"product","link":"https:\/\/key-arma.com\/tr\/key-501a\/","title":{"rendered":"KEY-501A"},"content":{"rendered":"<p>Kullan\u0131m Alan\u0131: AK\u2019s<\/p>\n<h2>\u00d6ne \u00c7\u0131kan \u00d6zellikler<\/h2>\n<ul>\n<li><strong>Comm-Spec Tasar\u0131m:<\/strong> AK47 ve AK74 t\u00fcfekleriyle uyumlu commspec spesifikasyonlar\u0131na uygun olarak \u00f6zel \u00fcretilmi\u015ftir.<\/li>\n<li><strong>Sa\u011flam Al\u00fcminyum Yap\u0131:<\/strong> 6000 Serisi al\u00fcminyumdan yap\u0131lm\u0131\u015f olup uzun \u00f6m\u00fcrl\u00fc performans sunar.<\/li>\n<li><strong>Ayarlanabilir Dip\u00e7ik Pozisyonlar\u0131:<\/strong> \u00d6zelle\u015ftirilebilir dip\u00e7ik \u00e7ekme uzunlu\u011fu i\u00e7in alt\u0131 yuva konumu i\u00e7erir.<\/li>\n<li><strong>G\u00fcvenli Arka Somun:<\/strong> T\u00fcp\u00fcn arka taraf\u0131 dayan\u0131kl\u0131l\u0131\u011f\u0131 art\u0131ran ve sa\u011flam montaj sa\u011flayan koruyucu bir somunla kaplanm\u0131\u015ft\u0131r.<\/li>\n<\/ul>\n<h2>Teknik \u00d6zellikler<\/h2>\n<ul>\n<li><strong>Mevcut Boyutlar: <\/strong>Comm-Spec<\/li>\n<\/ul>\n<ul>\n<li><strong>Materyal:<\/strong> 6000 Serisi Al\u00fcminyum<\/li>\n<li>A\u011f\u0131rl\u0131k: 0.115 kg<\/li>\n<\/ul>\n","protected":false},"excerpt":{"rendered":"<p>KEY-501A, AK47 ve AK74 platformlar\u0131 i\u00e7in Comm-Spec boyutlar\u0131na g\u00f6re tasarlanm\u0131\u015f bir tampon borusudur. Dayan\u0131kl\u0131 6000 serisi al\u00fcminyumdan \u00fcretilen bu tampon borusu, dip\u00e7ik konumland\u0131rmas\u0131 i\u00e7in alt\u0131 ayarlanabilir yuva sunar. Arka taraf koruyucu bir somun ile sabitlenerek \u00e7al\u0131\u015fma s\u0131ras\u0131nda stabilite ve g\u00fcvenli ba\u011flant\u0131 sa\u011flan\u0131r.  <\/p>\n","protected":false},"featured_media":4248,"template":"","meta":[],"product_brand":[],"product_cat":[43,72,74,51],"product_tag":[],"class_list":{"0":"post-4729","1":"product","2":"type-product","3":"status-publish","4":"has-post-thumbnail","6":"product_cat-dipcik-borulari","7":"product_cat-ak-47-aksesuarlari","8":"product_cat-ak-74-aksesuarlari","9":"product_cat-ak-parcalari","11":"first","12":"instock","13":"shipping-taxable","14":"purchasable","15":"product-type-variable"},"_links":{"self":[{"href":"https:\/\/key-arma.com\/tr\/wp-json\/wp\/v2\/product\/4729","targetHints":{"allow":["GET"]}}],"collection":[{"href":"https:\/\/key-arma.com\/tr\/wp-json\/wp\/v2\/product"}],"about":[{"href":"https:\/\/key-arma.com\/tr\/wp-json\/wp\/v2\/types\/product"}],"wp:featuredmedia":[{"embeddable":true,"href":"https:\/\/key-arma.com\/tr\/wp-json\/wp\/v2\/media\/4248"}],"wp:attachment":[{"href":"https:\/\/key-arma.com\/tr\/wp-json\/wp\/v2\/media?parent=4729"}],"wp:term":[{"taxonomy":"product_brand","embeddable":true,"href":"https:\/\/key-arma.com\/tr\/wp-json\/wp\/v2\/product_brand?post=4729"},{"taxonomy":"product_cat","embeddable":true,"href":"https:\/\/key-arma.com\/tr\/wp-json\/wp\/v2\/product_cat?post=4729"},{"taxonomy":"product_tag","embeddable":true,"href":"https:\/\/key-arma.com\/tr\/wp-json\/wp\/v2\/product_tag?post=4729"}],"curies":[{"name":"wp","href":"https:\/\/api.w.org\/{rel}","templated":true}]}}