{"id":4727,"date":"2025-09-12T23:43:51","date_gmt":"2025-09-12T20:43:51","guid":{"rendered":"https:\/\/keyarma.splusweb.com.tr\/key-501\/"},"modified":"2025-09-12T23:43:51","modified_gmt":"2025-09-12T20:43:51","slug":"key-501","status":"publish","type":"product","link":"https:\/\/key-arma.com\/tr\/key-501\/","title":{"rendered":"KEY-501"},"content":{"rendered":"<p style=\"margin: 0cm; margin-bottom: .0001pt; line-height: 115%; background: white;\">Kullan\u0131m Alan\u0131: AR-15<\/p>\n<h2>\u00d6ne \u00c7\u0131kan \u00d6zellikler<\/h2>\n<ul>\n<li><strong>Mil-Spec Tasar\u0131m:<\/strong> Standart mil-spec \u00f6l\u00e7\u00fclerine uygun \u015fekilde AR15 ile uyumlu g\u00fcvenilir tasar\u0131m.<\/li>\n<li><strong>Y\u00fcksek Dayan\u0131ml\u0131 Al\u00fcminyum Yap\u0131:<\/strong> Y\u00fcksek kalite al\u00fcminyumdan \u00fcretilmi\u015f olup dayan\u0131kl\u0131l\u0131k sa\u011flar.<\/li>\n<li><strong>Ayarlanabilir Dip\u00e7ik Pozisyonlar\u0131:<\/strong> Dip\u00e7ik yerle\u015fimini kolayca ayarlamak i\u00e7in alt\u0131 yuva ile donat\u0131lm\u0131\u015ft\u0131r.<\/li>\n<\/ul>\n<h2>Teknik \u00d6zellikler<\/h2>\n<ul>\n<li><strong>Mevcut Boyutlar:<\/strong> Mil-Spec<\/li>\n<\/ul>\n<ul>\n<li>Materyal: Y\u00fcksek kalite Al\u00fcminyum<\/li>\n<li>A\u011f\u0131rl\u0131k: 0.115 kg<\/li>\n<\/ul>\n","protected":false},"excerpt":{"rendered":"<p>KEY-501, AR15 platformlar\u0131 i\u00e7in mil-spec standartlar\u0131na uygun olarak tasarlanm\u0131\u015f tek par\u00e7a tampon t\u00fcp\u00fcd\u00fcr. Y\u00fcksek kalite al\u00fcminyumdan \u00fcretilmi\u015f olan bu tampon t\u00fcp\u00fc, hafif ve sa\u011flam bir yap\u0131 sunar. Alt\u0131 yuva konumu sayesinde dip\u00e7ik mesafe ayar\u0131 yap\u0131labilir.  <\/p>\n","protected":false},"featured_media":4246,"template":"","meta":[],"product_brand":[],"product_cat":[43,52],"product_tag":[],"class_list":{"0":"post-4727","1":"product","2":"type-product","3":"status-publish","4":"has-post-thumbnail","6":"product_cat-dipcik-borulari","7":"product_cat-ar-parcalari","9":"first","10":"instock","11":"shipping-taxable","12":"purchasable","13":"product-type-variable"},"_links":{"self":[{"href":"https:\/\/key-arma.com\/tr\/wp-json\/wp\/v2\/product\/4727","targetHints":{"allow":["GET"]}}],"collection":[{"href":"https:\/\/key-arma.com\/tr\/wp-json\/wp\/v2\/product"}],"about":[{"href":"https:\/\/key-arma.com\/tr\/wp-json\/wp\/v2\/types\/product"}],"wp:featuredmedia":[{"embeddable":true,"href":"https:\/\/key-arma.com\/tr\/wp-json\/wp\/v2\/media\/4246"}],"wp:attachment":[{"href":"https:\/\/key-arma.com\/tr\/wp-json\/wp\/v2\/media?parent=4727"}],"wp:term":[{"taxonomy":"product_brand","embeddable":true,"href":"https:\/\/key-arma.com\/tr\/wp-json\/wp\/v2\/product_brand?post=4727"},{"taxonomy":"product_cat","embeddable":true,"href":"https:\/\/key-arma.com\/tr\/wp-json\/wp\/v2\/product_cat?post=4727"},{"taxonomy":"product_tag","embeddable":true,"href":"https:\/\/key-arma.com\/tr\/wp-json\/wp\/v2\/product_tag?post=4727"}],"curies":[{"name":"wp","href":"https:\/\/api.w.org\/{rel}","templated":true}]}}