{"id":4725,"date":"2025-09-12T23:41:28","date_gmt":"2025-09-12T20:41:28","guid":{"rendered":"https:\/\/keyarma.splusweb.com.tr\/key-500\/"},"modified":"2025-09-12T23:41:28","modified_gmt":"2025-09-12T20:41:28","slug":"key-500","status":"publish","type":"product","link":"https:\/\/key-arma.com\/tr\/key-500\/","title":{"rendered":"KEY-500"},"content":{"rendered":"<p>Kullan\u0131m Alan\u0131: AR-15<\/p>\n<h2>\u00d6ne \u00c7\u0131kan \u00d6zellikler<\/h2>\n<ul>\n<li><strong>Tam Montaj Seti:<\/strong> Tampon t\u00fcp\u00fc, yay, t\u00fcp kitleme, t\u00fcp somunu ve tampon t\u00fcp\u00fc a\u011f\u0131rl\u0131\u011f\u0131 i\u00e7erir, kolay kurulum sa\u011flar.<\/li>\n<li><strong>Mil-Spec Uyumlulu\u011fu: <\/strong>AR15 platformlar\u0131 i\u00e7in mil-spec standartlar\u0131na uygun olarak \u00fcretilmi\u015ftir, g\u00fcvenilir uyum ve i\u015flev sa\u011flar.<\/li>\n<li><strong>Y\u00fcksek Dayan\u0131ml\u0131 Al\u00fcminyum Yap\u0131:<\/strong> Y\u00fcksek kalite al\u00fcminyumdan \u00fcretilmi\u015f olup, \u00fcst\u00fcn dayan\u0131kl\u0131l\u0131k ve hafiflik sunar.<\/li>\n<li><strong>Ayarlanabilir Tampon T\u00fcp\u00fc:<\/strong> Alt\u0131 adet yuva sayesinde dip\u00e7ik pozisyonu ayarlanabilir.<\/li>\n<\/ul>\n<h2>Teknik \u00d6zellikler<\/h2>\n<ul>\n<li><strong>Mevcut Boyutlar:<\/strong> Mil-Spec<\/li>\n<\/ul>\n<ul>\n<li><strong>Materyal:<\/strong> Y\u00fcksek kalite Al\u00fcminyum<\/li>\n<li><strong>A\u011f\u0131rl\u0131k:<\/strong> 0.260 kg<\/li>\n<\/ul>\n","protected":false},"excerpt":{"rendered":"<p>KEY-500 Tampon t\u00fcp seti, AR15 platformlar\u0131 i\u00e7in tasarlanm\u0131\u015f, mil-spec standartlar\u0131nda montaj setidir. Bu set; y\u00fcksek kaliteli al\u00fcminyum tampon t\u00fcp\u00fc, tampon yay\u0131, t\u00fcp kitleme, t\u00fcp somunu ve tampon t\u00fcp\u00fc a\u011f\u0131rl\u0131\u011f\u0131n\u0131 i\u00e7erir. Dayan\u0131kl\u0131l\u0131k ve g\u00fcvenilir performans i\u00e7in tasarlanm\u0131\u015f tampon t\u00fcp\u00fc, ayarlanabilir alt\u0131 yuva sayesinde farkl\u0131 dip\u00e7ik pozisyonlar\u0131na uyum sa\u011flar, b\u00f6ylece ki\u015fiselle\u015ftirilebilir \u00e7ekim konforu sunar.  <\/p>\n","protected":false},"featured_media":4245,"template":"","meta":[],"product_brand":[],"product_cat":[43,52],"product_tag":[],"class_list":{"0":"post-4725","1":"product","2":"type-product","3":"status-publish","4":"has-post-thumbnail","6":"product_cat-dipcik-borulari","7":"product_cat-ar-parcalari","9":"first","10":"instock","11":"shipping-taxable","12":"purchasable","13":"product-type-variable"},"_links":{"self":[{"href":"https:\/\/key-arma.com\/tr\/wp-json\/wp\/v2\/product\/4725","targetHints":{"allow":["GET"]}}],"collection":[{"href":"https:\/\/key-arma.com\/tr\/wp-json\/wp\/v2\/product"}],"about":[{"href":"https:\/\/key-arma.com\/tr\/wp-json\/wp\/v2\/types\/product"}],"wp:featuredmedia":[{"embeddable":true,"href":"https:\/\/key-arma.com\/tr\/wp-json\/wp\/v2\/media\/4245"}],"wp:attachment":[{"href":"https:\/\/key-arma.com\/tr\/wp-json\/wp\/v2\/media?parent=4725"}],"wp:term":[{"taxonomy":"product_brand","embeddable":true,"href":"https:\/\/key-arma.com\/tr\/wp-json\/wp\/v2\/product_brand?post=4725"},{"taxonomy":"product_cat","embeddable":true,"href":"https:\/\/key-arma.com\/tr\/wp-json\/wp\/v2\/product_cat?post=4725"},{"taxonomy":"product_tag","embeddable":true,"href":"https:\/\/key-arma.com\/tr\/wp-json\/wp\/v2\/product_tag?post=4725"}],"curies":[{"name":"wp","href":"https:\/\/api.w.org\/{rel}","templated":true}]}}