{"id":4723,"date":"2025-09-12T23:36:14","date_gmt":"2025-09-12T20:36:14","guid":{"rendered":"https:\/\/keyarma.splusweb.com.tr\/key-714-2\/"},"modified":"2026-03-12T22:01:11","modified_gmt":"2026-03-12T19:01:11","slug":"key-714","status":"publish","type":"product","link":"https:\/\/key-arma.com\/tr\/key-714\/","title":{"rendered":"KEY-714"},"content":{"rendered":"<p><strong>Kullan\u0131m Alan\u0131:<\/strong> AK47\/74<\/p>\n<h2>\u00d6ne \u00c7\u0131kan \u00d6zellikler<\/h2>\n<ul>\n<li><strong>AK47\/74 \u0130\u00e7in Tasarland\u0131:<\/strong> Bu ikonik t\u00fcfeklere tam uyum sa\u011flayacak \u015fekilde \u00fcretilmi\u015ftir.<\/li>\n<li><strong>Siyah Oksit Kaplama:<\/strong> \u00dcst\u00fcn korozyon direnci ve \u015f\u0131k, taktiksel bir g\u00f6r\u00fcn\u00fcm sunar.<\/li>\n<li><strong>Hafif Tasar\u0131m:<\/strong> \u0130\u015flevselli\u011fi art\u0131r\u0131rken t\u00fcfe\u011fe minimum a\u011f\u0131rl\u0131k ekler.<\/li>\n<li><strong>Lightweight Design:<\/strong> Adds minimal weight while enhancing functionality.<\/li>\n<\/ul>\n<h2>Teknik \u00d6zellikler<\/h2>\n<ul>\n<li><strong>Materyal:<\/strong> 11SMnPb37 \u00c7elik<\/li>\n<li><strong>A\u011f\u0131rl\u0131k:<\/strong> 0,023 kg<\/li>\n<\/ul>\n","protected":false},"excerpt":{"rendered":"<p>AK47 veya AK74 t\u00fcfe\u011finizi, KEY-714 Alev Gizleyici ile geli\u015ftirin. Dayan\u0131kl\u0131 11SMnPb37 \u00e7elikten \u00fcretilmi\u015f ve korozyona dayan\u0131kl\u0131 siyah oksit kaplama ile tamamlanm\u0131\u015f bu alev gizleyici, dayan\u0131kl\u0131l\u0131\u011f\u0131 taktiksel performansla birle\u015ftirir. Hem sportif at\u0131\u015f hem de taktiksel kullan\u0131m i\u00e7in ideal olan bu par\u00e7a, AK platformunuz i\u00e7in \u00f6nemli bir y\u00fckseltmedir.  <\/p>\n","protected":false},"featured_media":4244,"template":"","meta":[],"product_brand":[],"product_cat":[42,72,74,51],"product_tag":[],"class_list":{"0":"post-4723","1":"product","2":"type-product","3":"status-publish","4":"has-post-thumbnail","6":"product_cat-montaj-parcalari","7":"product_cat-ak-47-aksesuarlari","8":"product_cat-ak-74-aksesuarlari","9":"product_cat-ak-parcalari","11":"first","12":"instock","13":"shipping-taxable","14":"purchasable","15":"product-type-variable"},"_links":{"self":[{"href":"https:\/\/key-arma.com\/tr\/wp-json\/wp\/v2\/product\/4723","targetHints":{"allow":["GET"]}}],"collection":[{"href":"https:\/\/key-arma.com\/tr\/wp-json\/wp\/v2\/product"}],"about":[{"href":"https:\/\/key-arma.com\/tr\/wp-json\/wp\/v2\/types\/product"}],"wp:featuredmedia":[{"embeddable":true,"href":"https:\/\/key-arma.com\/tr\/wp-json\/wp\/v2\/media\/4244"}],"wp:attachment":[{"href":"https:\/\/key-arma.com\/tr\/wp-json\/wp\/v2\/media?parent=4723"}],"wp:term":[{"taxonomy":"product_brand","embeddable":true,"href":"https:\/\/key-arma.com\/tr\/wp-json\/wp\/v2\/product_brand?post=4723"},{"taxonomy":"product_cat","embeddable":true,"href":"https:\/\/key-arma.com\/tr\/wp-json\/wp\/v2\/product_cat?post=4723"},{"taxonomy":"product_tag","embeddable":true,"href":"https:\/\/key-arma.com\/tr\/wp-json\/wp\/v2\/product_tag?post=4723"}],"curies":[{"name":"wp","href":"https:\/\/api.w.org\/{rel}","templated":true}]}}