{"id":4718,"date":"2025-09-12T23:31:53","date_gmt":"2025-09-12T20:31:53","guid":{"rendered":"https:\/\/keyarma.splusweb.com.tr\/key-713\/"},"modified":"2025-09-12T23:31:53","modified_gmt":"2025-09-12T20:31:53","slug":"key-713","status":"publish","type":"product","link":"https:\/\/key-arma.com\/tr\/key-713\/","title":{"rendered":"KEY-713"},"content":{"rendered":"<p><strong>Kullan\u0131m Alan\u0131:<\/strong> AR-15<\/p>\n<h2>\u00d6ne \u00c7\u0131kan \u00d6zellikler<\/h2>\n<ul>\n<li><strong>\u00c7ift Tarafl\u0131 \u0130\u015flevsellik:<\/strong> Ambidextrous (her iki el i\u00e7in uygun) tasar\u0131m, her iki taraftan kolay kullan\u0131m imkan\u0131 sunar.<\/li>\n<li><strong>\u0130ki Pozisyon Modu:<\/strong> G\u00fcvenli ve Yar\u0131 Otomatik modlar aras\u0131nda zahmetsiz ge\u00e7i\u015f sa\u011flar.<\/li>\n<li><strong>Dayan\u0131kl\u0131 Malzeme:<\/strong> 11SMnPb37 \u00e7elikten imal edilerek \u00fcst\u00fcn sa\u011flaml\u0131k, a\u015f\u0131nma direnci ve uzun \u00f6m\u00fcr sa\u011flar.<\/li>\n<li><strong>Sa\u011flam Montaj:<\/strong> Her iki taraftan sa\u011flam montaj i\u00e7in iki adet alyan vida i\u00e7erir, s\u0131k\u0131 ve g\u00fcvenilir ba\u011flant\u0131 sa\u011flar.<\/li>\n<\/ul>\n<h2>Teknik \u00d6zellikler<\/h2>\n<ul>\n<li><strong>Materyal:<\/strong> 11SMnPb37 \u00c7elik<\/li>\n<li>A\u011f\u0131rl\u0131k: 0.022 kg<\/li>\n<\/ul>\n","protected":false},"excerpt":{"rendered":"<p>AR-15\u2019inizin kontrol ve g\u00fcvenilirli\u011fini KEY-713 Emniyet Mandal\u0131 ile y\u00fckseltin. Premium kalitede 11SMnPb37 paslanmaz \u00e7elikten \u00fcretilen bu yar\u0131 otomatik emniyet se\u00e7ici, \u00fcst\u00fcn dayan\u0131kl\u0131l\u0131k ve p\u00fcr\u00fczs\u00fcz \u00e7al\u0131\u015fma sunar. Hem sa\u011f hem sol el kullan\u0131c\u0131lar\u0131 i\u00e7in tasarlanm\u0131\u015f olup, G\u00fcvenli ve Yar\u0131 Otomatik olmak \u00fczere iki pozisyonlu fonksiyonuyla geli\u015fmi\u015f kontrol sa\u011flar.  <\/p>\n","protected":false},"featured_media":4242,"template":"","meta":[],"product_brand":[],"product_cat":[42,52],"product_tag":[],"class_list":{"0":"post-4718","1":"product","2":"type-product","3":"status-publish","4":"has-post-thumbnail","6":"product_cat-montaj-parcalari","7":"product_cat-ar-parcalari","9":"first","10":"instock","11":"shipping-taxable","12":"purchasable","13":"product-type-variable"},"_links":{"self":[{"href":"https:\/\/key-arma.com\/tr\/wp-json\/wp\/v2\/product\/4718","targetHints":{"allow":["GET"]}}],"collection":[{"href":"https:\/\/key-arma.com\/tr\/wp-json\/wp\/v2\/product"}],"about":[{"href":"https:\/\/key-arma.com\/tr\/wp-json\/wp\/v2\/types\/product"}],"wp:featuredmedia":[{"embeddable":true,"href":"https:\/\/key-arma.com\/tr\/wp-json\/wp\/v2\/media\/4242"}],"wp:attachment":[{"href":"https:\/\/key-arma.com\/tr\/wp-json\/wp\/v2\/media?parent=4718"}],"wp:term":[{"taxonomy":"product_brand","embeddable":true,"href":"https:\/\/key-arma.com\/tr\/wp-json\/wp\/v2\/product_brand?post=4718"},{"taxonomy":"product_cat","embeddable":true,"href":"https:\/\/key-arma.com\/tr\/wp-json\/wp\/v2\/product_cat?post=4718"},{"taxonomy":"product_tag","embeddable":true,"href":"https:\/\/key-arma.com\/tr\/wp-json\/wp\/v2\/product_tag?post=4718"}],"curies":[{"name":"wp","href":"https:\/\/api.w.org\/{rel}","templated":true}]}}