{"id":4716,"date":"2025-09-12T23:28:17","date_gmt":"2025-09-12T20:28:17","guid":{"rendered":"https:\/\/keyarma.splusweb.com.tr\/key-712\/"},"modified":"2025-09-12T23:28:17","modified_gmt":"2025-09-12T20:28:17","slug":"key-712","status":"publish","type":"product","link":"https:\/\/key-arma.com\/tr\/key-712\/","title":{"rendered":"KEY-712"},"content":{"rendered":"<p><strong>Kullan\u0131m Alan\u0131:<\/strong> AR-15<\/p>\n<h2>\u00d6ne \u00c7\u0131kan \u00d6zellikler<\/h2>\n<ul>\n<li><strong>Paslanmaz \u00c7elik Yap\u0131:<\/strong> A\u015f\u0131nma ve korozyona kar\u015f\u0131 diren\u00e7li 11SMnPb37 \u00e7elikten \u00fcretilmi\u015ftir.<\/li>\n<li><strong>G\u00fcvenilir \u0130\u015fleyi\u015f:<\/strong> P\u00fcr\u00fczs\u00fcz ve tutarl\u0131 \u015farj\u00f6r b\u0131rakma hareketi sa\u011flar.<\/li>\n<li><strong>Standart Uyumluluk:<\/strong> Standart AR-15 \u015farj\u00f6r b\u0131rakma mekanizmalar\u0131na uyumlu.<\/li>\n<\/ul>\n<h2>Teknik \u00d6zellikler<\/h2>\n<ul>\n<li><strong>Materyal:<\/strong> 11SMnPb37 \u00c7elik<\/li>\n<li><strong>A\u011f\u0131rl\u0131k:<\/strong> 0.014 kg<\/li>\n<\/ul>\n","protected":false},"excerpt":{"rendered":"<p>KEY-712 \u015earj\u00f6r D\u00fc\u015f\u00fcrme D\u00fc\u011fmesi, AR-15 t\u00fcfeklerde g\u00fcvenilir \u015farj\u00f6r b\u0131rakma fonksiyonu i\u00e7in hassas \u015fekilde \u00fcretilmi\u015f bir bile\u015fendir. Dayan\u0131kl\u0131 11SMnPb37 paslanmaz \u00e7elikten imal edilmi\u015ftir ve uzun \u00f6m\u00fcrl\u00fc performans i\u00e7in \u00fcst\u00fcn mukavemet ve korozyon direnci sunar. <\/p>\n","protected":false},"featured_media":4241,"template":"","meta":[],"product_brand":[],"product_cat":[42,52],"product_tag":[],"class_list":{"0":"post-4716","1":"product","2":"type-product","3":"status-publish","4":"has-post-thumbnail","6":"product_cat-montaj-parcalari","7":"product_cat-ar-parcalari","9":"first","10":"instock","11":"shipping-taxable","12":"purchasable","13":"product-type-variable"},"_links":{"self":[{"href":"https:\/\/key-arma.com\/tr\/wp-json\/wp\/v2\/product\/4716","targetHints":{"allow":["GET"]}}],"collection":[{"href":"https:\/\/key-arma.com\/tr\/wp-json\/wp\/v2\/product"}],"about":[{"href":"https:\/\/key-arma.com\/tr\/wp-json\/wp\/v2\/types\/product"}],"wp:featuredmedia":[{"embeddable":true,"href":"https:\/\/key-arma.com\/tr\/wp-json\/wp\/v2\/media\/4241"}],"wp:attachment":[{"href":"https:\/\/key-arma.com\/tr\/wp-json\/wp\/v2\/media?parent=4716"}],"wp:term":[{"taxonomy":"product_brand","embeddable":true,"href":"https:\/\/key-arma.com\/tr\/wp-json\/wp\/v2\/product_brand?post=4716"},{"taxonomy":"product_cat","embeddable":true,"href":"https:\/\/key-arma.com\/tr\/wp-json\/wp\/v2\/product_cat?post=4716"},{"taxonomy":"product_tag","embeddable":true,"href":"https:\/\/key-arma.com\/tr\/wp-json\/wp\/v2\/product_tag?post=4716"}],"curies":[{"name":"wp","href":"https:\/\/api.w.org\/{rel}","templated":true}]}}