{"id":4712,"date":"2025-09-12T23:25:44","date_gmt":"2025-09-12T20:25:44","guid":{"rendered":"https:\/\/keyarma.splusweb.com.tr\/key-711\/"},"modified":"2025-10-23T22:39:16","modified_gmt":"2025-10-23T19:39:16","slug":"key-711","status":"publish","type":"product","link":"https:\/\/key-arma.com\/tr\/key-711\/","title":{"rendered":"KEY-711"},"content":{"rendered":"<p><strong>Kullan\u0131m Alan\u0131:<\/strong> AR-15<\/p>\n<h2>\u00d6ne \u00c7\u0131kan \u00d6zellikler<\/h2>\n<ul>\n<li><strong>Dayan\u0131kl\u0131 Polimer Yap\u0131:<\/strong> Hafif ama g\u00fc\u00e7l\u00fcd\u00fcr.<\/li>\n<li><strong>Standart Uyumluluk:<\/strong> \u00c7o\u011fu AR-15 alt al\u0131c\u0131yla uyumlu, kolay montaj imkan\u0131 sunar.<\/li>\n<li><strong>Art\u0131r\u0131lm\u0131\u015f Konfor:<\/strong> Eldiven kullan\u0131rken bile tetik b\u00f6lgesinde yeterli alan sa\u011flar.<\/li>\n<\/ul>\n<h2>Teknik \u00d6zellikler<\/h2>\n<ul>\n<li>Malzeme: Polimer<\/li>\n<li><strong>A\u011f\u0131rl\u0131k:<\/strong> 0.007 kg<\/li>\n<\/ul>\n","protected":false},"excerpt":{"rendered":"<p>KEY-711 Tetik Koruma, standart AR-15 tetik korumal\u0131\u011f\u0131n\u0131 de\u011fi\u015ftirmek veya y\u00fckseltmek i\u00e7in tasarlanm\u0131\u015f hafif ve dayan\u0131kl\u0131 bir bile\u015fendir. Y\u00fcksek dayan\u0131ml\u0131 polimerden \u00fcretilen bu par\u00e7a, ergonomiyi art\u0131r\u0131r ve at\u0131c\u0131n\u0131n konforunu geli\u015ftirirken g\u00fcvenilir koruma sa\u011flar. <\/p>\n","protected":false},"featured_media":4240,"template":"","meta":[],"product_brand":[],"product_cat":[42],"product_tag":[],"class_list":{"0":"post-4712","1":"product","2":"type-product","3":"status-publish","4":"has-post-thumbnail","6":"product_cat-montaj-parcalari","8":"first","9":"instock","10":"shipping-taxable","11":"purchasable","12":"product-type-variable"},"_links":{"self":[{"href":"https:\/\/key-arma.com\/tr\/wp-json\/wp\/v2\/product\/4712","targetHints":{"allow":["GET"]}}],"collection":[{"href":"https:\/\/key-arma.com\/tr\/wp-json\/wp\/v2\/product"}],"about":[{"href":"https:\/\/key-arma.com\/tr\/wp-json\/wp\/v2\/types\/product"}],"wp:featuredmedia":[{"embeddable":true,"href":"https:\/\/key-arma.com\/tr\/wp-json\/wp\/v2\/media\/4240"}],"wp:attachment":[{"href":"https:\/\/key-arma.com\/tr\/wp-json\/wp\/v2\/media?parent=4712"}],"wp:term":[{"taxonomy":"product_brand","embeddable":true,"href":"https:\/\/key-arma.com\/tr\/wp-json\/wp\/v2\/product_brand?post=4712"},{"taxonomy":"product_cat","embeddable":true,"href":"https:\/\/key-arma.com\/tr\/wp-json\/wp\/v2\/product_cat?post=4712"},{"taxonomy":"product_tag","embeddable":true,"href":"https:\/\/key-arma.com\/tr\/wp-json\/wp\/v2\/product_tag?post=4712"}],"curies":[{"name":"wp","href":"https:\/\/api.w.org\/{rel}","templated":true}]}}