{"id":4706,"date":"2025-09-12T23:15:45","date_gmt":"2025-09-12T20:15:45","guid":{"rendered":"https:\/\/keyarma.splusweb.com.tr\/key-709\/"},"modified":"2025-09-12T23:15:45","modified_gmt":"2025-09-12T20:15:45","slug":"key-709","status":"publish","type":"product","link":"https:\/\/key-arma.com\/tr\/key-709\/","title":{"rendered":"KEY-709"},"content":{"rendered":"<p><strong>Kullan\u0131m Alan\u0131:<\/strong> AR-15<\/p>\n<h2>\u00d6ne \u00c7\u0131kan \u00d6zellikler<\/h2>\n<ul>\n<li><strong>Kaliteli \u00c7elik Yap\u0131:<\/strong> Y\u00fcksek dayan\u0131m ve hassas \u00fcretim i\u00e7in 11SMnPb37 otomat \u00e7eli\u011finden \u00fcretilmi\u015ftir.<\/li>\n<li><strong>Siyah Oksit Kaplama:<\/strong> Korozyon direncini art\u0131r\u0131r ve yans\u0131tmaz, taktiksel bir g\u00f6r\u00fcn\u00fcm sunar.<\/li>\n<li><strong>Standart Uyumluluk:<\/strong> Standart AR-15 namlular\u0131yla uyumludur, kolay montaj ve d\u00fczg\u00fcn hizalama sa\u011flar.<\/li>\n<\/ul>\n<h2>Teknik \u00d6zellikler<\/h2>\n<ul>\n<li><strong>Materyal:<\/strong> 11SMnPb37 \u00c7elik<\/li>\n<li><strong>A\u011f\u0131rl\u0131k:<\/strong> 0.068 kg<\/li>\n<\/ul>\n","protected":false},"excerpt":{"rendered":"<p>KEY-709 Alev Gizleyici, AR-15 t\u00fcfekleri i\u00e7in tasarlanm\u0131\u015f standart bir namlu ucu aparat\u0131d\u0131r ve ate\u015fleme s\u0131ras\u0131nda olu\u015fan g\u00f6r\u00fcn\u00fcr namlu alevini azaltmak amac\u0131yla geli\u015ftirilmi\u015ftir. 11SMnPb37 \u00e7eli\u011finden \u00fcretilmi\u015f ve siyah oksit kaplama ile korunmu\u015ftur. \u00c7e\u015fitli at\u0131\u015f ko\u015fullar\u0131nda dayan\u0131kl\u0131l\u0131k ve g\u00fcvenilir performans sa\u011flar. <\/p>\n","protected":false},"featured_media":4238,"template":"","meta":[],"product_brand":[],"product_cat":[42,52],"product_tag":[],"class_list":{"0":"post-4706","1":"product","2":"type-product","3":"status-publish","4":"has-post-thumbnail","6":"product_cat-montaj-parcalari","7":"product_cat-ar-parcalari","9":"first","10":"instock","11":"shipping-taxable","12":"purchasable","13":"product-type-variable"},"_links":{"self":[{"href":"https:\/\/key-arma.com\/tr\/wp-json\/wp\/v2\/product\/4706","targetHints":{"allow":["GET"]}}],"collection":[{"href":"https:\/\/key-arma.com\/tr\/wp-json\/wp\/v2\/product"}],"about":[{"href":"https:\/\/key-arma.com\/tr\/wp-json\/wp\/v2\/types\/product"}],"wp:featuredmedia":[{"embeddable":true,"href":"https:\/\/key-arma.com\/tr\/wp-json\/wp\/v2\/media\/4238"}],"wp:attachment":[{"href":"https:\/\/key-arma.com\/tr\/wp-json\/wp\/v2\/media?parent=4706"}],"wp:term":[{"taxonomy":"product_brand","embeddable":true,"href":"https:\/\/key-arma.com\/tr\/wp-json\/wp\/v2\/product_brand?post=4706"},{"taxonomy":"product_cat","embeddable":true,"href":"https:\/\/key-arma.com\/tr\/wp-json\/wp\/v2\/product_cat?post=4706"},{"taxonomy":"product_tag","embeddable":true,"href":"https:\/\/key-arma.com\/tr\/wp-json\/wp\/v2\/product_tag?post=4706"}],"curies":[{"name":"wp","href":"https:\/\/api.w.org\/{rel}","templated":true}]}}