{"id":4702,"date":"2025-09-12T22:58:56","date_gmt":"2025-09-12T19:58:56","guid":{"rendered":"https:\/\/keyarma.splusweb.com.tr\/key-708\/"},"modified":"2025-09-12T22:58:56","modified_gmt":"2025-09-12T19:58:56","slug":"key-708","status":"publish","type":"product","link":"https:\/\/key-arma.com\/tr\/key-708\/","title":{"rendered":"KEY-708"},"content":{"rendered":"<p><strong>Kullan\u0131m Alan\u0131:<\/strong> AR-15<\/p>\n<h2>\u00d6ne \u00c7\u0131kan \u00d6zellikler<\/h2>\n<ul>\n<li><strong>Sa\u011flam \u00c7elik Yap\u0131:<\/strong> Y\u00fcksek dayan\u0131m ve a\u015f\u0131nma direnci sa\u011flayan kaliteli DKP \u00e7eli\u011finden \u00fcretilmi\u015ftir.<\/li>\n<li><strong>Siyah Oksit Kaplama: <\/strong>Geli\u015ftirilmi\u015f korozyon direnci ve uzun \u00f6m\u00fcrl\u00fc d\u0131\u015f koruma sunar.<\/li>\n<li><strong>H\u0131zl\u0131 Montaj ve S\u00f6kme: <\/strong>Bak\u0131m veya y\u00fckseltme i\u015flemleri i\u00e7in pratik kullan\u0131m sa\u011flar.<\/li>\n<li><strong>AR-15 Uyumlulu\u011fu:<\/strong> Standart AR-15 \u00fcst al\u0131c\u0131larla uyumlu olarak tasarlanm\u0131\u015ft\u0131r.<\/li>\n<\/ul>\n<h2>Teknik \u00d6zellikler<\/h2>\n<ul>\n<li>Malzeme: DKP \u00c7elik<\/li>\n<li><strong>A\u011f\u0131rl\u0131k:<\/strong> 0.021 kg<\/li>\n<\/ul>\n","protected":false},"excerpt":{"rendered":"<p>KEY-708 Toz Kapa\u011f\u0131, AR-15\u2019in tahliye portunu toz, kir ve neme kar\u015f\u0131 korumak i\u00e7in tasarlanm\u0131\u015f, dayan\u0131kl\u0131 ve kolay monte edilebilen bir bile\u015fendir. Y\u00fcksek kaliteli DKP \u00e7eli\u011finden \u00fcretilmi\u015f ve siyah oksit kaplama ile kaplanm\u0131\u015ft\u0131r. Bu yap\u0131, uzun s\u00fcreli saha veya at\u0131\u015f poligonu kullan\u0131m\u0131nda m\u00fckemmel dayan\u0131kl\u0131l\u0131k ve korozyon direnci sunar. <\/p>\n","protected":false},"featured_media":6355,"template":"","meta":[],"product_brand":[],"product_cat":[42,52],"product_tag":[],"class_list":{"0":"post-4702","1":"product","2":"type-product","3":"status-publish","4":"has-post-thumbnail","6":"product_cat-montaj-parcalari","7":"product_cat-ar-parcalari","9":"first","10":"instock","11":"shipping-taxable","12":"purchasable","13":"product-type-variable"},"_links":{"self":[{"href":"https:\/\/key-arma.com\/tr\/wp-json\/wp\/v2\/product\/4702","targetHints":{"allow":["GET"]}}],"collection":[{"href":"https:\/\/key-arma.com\/tr\/wp-json\/wp\/v2\/product"}],"about":[{"href":"https:\/\/key-arma.com\/tr\/wp-json\/wp\/v2\/types\/product"}],"wp:featuredmedia":[{"embeddable":true,"href":"https:\/\/key-arma.com\/tr\/wp-json\/wp\/v2\/media\/6355"}],"wp:attachment":[{"href":"https:\/\/key-arma.com\/tr\/wp-json\/wp\/v2\/media?parent=4702"}],"wp:term":[{"taxonomy":"product_brand","embeddable":true,"href":"https:\/\/key-arma.com\/tr\/wp-json\/wp\/v2\/product_brand?post=4702"},{"taxonomy":"product_cat","embeddable":true,"href":"https:\/\/key-arma.com\/tr\/wp-json\/wp\/v2\/product_cat?post=4702"},{"taxonomy":"product_tag","embeddable":true,"href":"https:\/\/key-arma.com\/tr\/wp-json\/wp\/v2\/product_tag?post=4702"}],"curies":[{"name":"wp","href":"https:\/\/api.w.org\/{rel}","templated":true}]}}