{"id":4700,"date":"2025-09-12T22:52:41","date_gmt":"2025-09-12T19:52:41","guid":{"rendered":"https:\/\/keyarma.splusweb.com.tr\/key-707\/"},"modified":"2025-09-12T22:52:41","modified_gmt":"2025-09-12T19:52:41","slug":"key-707","status":"publish","type":"product","link":"https:\/\/key-arma.com\/tr\/key-707\/","title":{"rendered":"KEY-707"},"content":{"rendered":"<p><strong>Kullan\u0131m Alan\u0131:<\/strong> AR-15<\/p>\n<h2>\u00d6ne \u00c7\u0131kan \u00d6zellikler<\/h2>\n<ul>\n<li><strong>Dayan\u0131kl\u0131 Yap\u0131:<\/strong> A\u015f\u0131nmaya kar\u015f\u0131 y\u00fcksek diren\u00e7 ve uzun \u00f6m\u00fcr sa\u011flamak i\u00e7in sa\u011flam 1040 \u00e7eli\u011finden \u00fcretilmi\u015ftir.<\/li>\n<li><strong>Eksiksiz Kit:<\/strong> Kolay kurulum i\u00e7in alyan anahtar\u0131 ile birlikte gelir.<\/li>\n<li><strong>AR-15 Uyumlulu\u011fu:<\/strong> Standart AR-15 namlular\u0131yla tam hizalanma ve ideal gaz ak\u0131\u015f\u0131 i\u00e7in \u00f6zel olarak tasarlanm\u0131\u015ft\u0131r.<\/li>\n<\/ul>\n<h2>Teknik \u00d6zellikler<\/h2>\n<ul>\n<li><strong>Materyal:<\/strong> 1040 \u00c7elik<\/li>\n<li><strong>A\u011f\u0131rl\u0131k:<\/strong> 0.049 kg<\/li>\n<\/ul>\n","protected":false},"excerpt":{"rendered":"<p>KEY-707 Gaz Odas\u0131, AR-15 t\u00fcfekleri i\u00e7in tasarlanm\u0131\u015f y\u00fcksek kaliteli bir bile\u015fendir ve gaz sisteminin g\u00fcvenli ve verimli \u00e7al\u0131\u015fmas\u0131n\u0131 sa\u011flar. Dayan\u0131kl\u0131 1040 \u00e7eli\u011finden \u00fcretilmi\u015f olup, zorlu kullan\u0131m ko\u015fullar\u0131na kar\u015f\u0131 diren\u00e7lidir. \u00dcr\u00fcn, montaj i\u00e7in gerekli alyan anahtar\u0131 ile birlikte gelerek hem yeni kurulumlar hem de y\u00fckseltmeler i\u00e7in pratik bir \u00e7\u00f6z\u00fcm sunar.  <\/p>\n","protected":false},"featured_media":4235,"template":"","meta":[],"product_brand":[],"product_cat":[42,52],"product_tag":[],"class_list":{"0":"post-4700","1":"product","2":"type-product","3":"status-publish","4":"has-post-thumbnail","6":"product_cat-montaj-parcalari","7":"product_cat-ar-parcalari","9":"first","10":"instock","11":"shipping-taxable","12":"purchasable","13":"product-type-variable"},"_links":{"self":[{"href":"https:\/\/key-arma.com\/tr\/wp-json\/wp\/v2\/product\/4700","targetHints":{"allow":["GET"]}}],"collection":[{"href":"https:\/\/key-arma.com\/tr\/wp-json\/wp\/v2\/product"}],"about":[{"href":"https:\/\/key-arma.com\/tr\/wp-json\/wp\/v2\/types\/product"}],"wp:featuredmedia":[{"embeddable":true,"href":"https:\/\/key-arma.com\/tr\/wp-json\/wp\/v2\/media\/4235"}],"wp:attachment":[{"href":"https:\/\/key-arma.com\/tr\/wp-json\/wp\/v2\/media?parent=4700"}],"wp:term":[{"taxonomy":"product_brand","embeddable":true,"href":"https:\/\/key-arma.com\/tr\/wp-json\/wp\/v2\/product_brand?post=4700"},{"taxonomy":"product_cat","embeddable":true,"href":"https:\/\/key-arma.com\/tr\/wp-json\/wp\/v2\/product_cat?post=4700"},{"taxonomy":"product_tag","embeddable":true,"href":"https:\/\/key-arma.com\/tr\/wp-json\/wp\/v2\/product_tag?post=4700"}],"curies":[{"name":"wp","href":"https:\/\/api.w.org\/{rel}","templated":true}]}}