{"id":4698,"date":"2025-09-12T22:42:40","date_gmt":"2025-09-12T19:42:40","guid":{"rendered":"https:\/\/keyarma.splusweb.com.tr\/key-706\/"},"modified":"2025-09-12T22:42:40","modified_gmt":"2025-09-12T19:42:40","slug":"key-706","status":"publish","type":"product","link":"https:\/\/key-arma.com\/tr\/key-706\/","title":{"rendered":"KEY-706"},"content":{"rendered":"<p><strong>Kullan\u0131m Alan\u0131:<\/strong> AR-15<\/p>\n<h2>\u00d6ne \u00c7\u0131kan \u00d6zellikler<\/h2>\n<ul>\n<li><strong>Sa\u011flam Yap\u0131:<\/strong> Y\u00fcksek kaliteli CK \u00e7eli\u011fi ve 11SMnPb37 i\u015flenebilir \u00e7elikten \u00fcretilerek dayan\u0131kl\u0131l\u0131k ve uzun \u00f6m\u00fcr sunar.<\/li>\n<li><strong>G\u00fcvenilir \u00c7al\u0131\u015fma: <\/strong>Mekanizman\u0131n tamamen kapanmas\u0131n\u0131 sa\u011flamak i\u00e7in istikrarl\u0131 ileri bask\u0131 uygular.<\/li>\n<li><strong>AR-15 Uyumu:<\/strong> Standart AR-15 \u00fcst g\u00f6vdelerine uygun tasarlanm\u0131\u015ft\u0131r.<\/li>\n<\/ul>\n<h2>Teknik \u00d6zellikler<\/h2>\n<ul>\n<li><strong>Malzeme:<\/strong> CK \u00c7eli\u011fi &amp; 11SMnPb37 \u00c7eli\u011fi<\/li>\n<li><strong>A\u011f\u0131rl\u0131k: <\/strong>0.022 kg<\/li>\n<\/ul>\n","protected":false},"excerpt":{"rendered":"<p>KEY-706 Forward Assist (Sessiz D\u00fc\u015f\u00fcr\u00fcc\u00fc), AR-15 t\u00fcfekleri i\u00e7in tasarlanm\u0131\u015f standart bir yedek par\u00e7ad\u0131r. Dayan\u0131kl\u0131 \u00e7elik ala\u015f\u0131mlardan \u00fcretilen bu ileri itici, zorlu ko\u015fullarda g\u00fcvenilir mekanizma kapanmas\u0131n\u0131 sa\u011flar. Yeni montajlar ve yedek par\u00e7a ihtiya\u00e7lar\u0131 i\u00e7in ideal olup, AR-15 platformlar\u0131yla tam uyumlu \u00e7al\u0131\u015f\u0131r.  <\/p>\n","protected":false},"featured_media":4233,"template":"","meta":[],"product_brand":[],"product_cat":[42,52],"product_tag":[],"class_list":{"0":"post-4698","1":"product","2":"type-product","3":"status-publish","4":"has-post-thumbnail","6":"product_cat-montaj-parcalari","7":"product_cat-ar-parcalari","9":"first","10":"instock","11":"shipping-taxable","12":"purchasable","13":"product-type-variable"},"_links":{"self":[{"href":"https:\/\/key-arma.com\/tr\/wp-json\/wp\/v2\/product\/4698","targetHints":{"allow":["GET"]}}],"collection":[{"href":"https:\/\/key-arma.com\/tr\/wp-json\/wp\/v2\/product"}],"about":[{"href":"https:\/\/key-arma.com\/tr\/wp-json\/wp\/v2\/types\/product"}],"wp:featuredmedia":[{"embeddable":true,"href":"https:\/\/key-arma.com\/tr\/wp-json\/wp\/v2\/media\/4233"}],"wp:attachment":[{"href":"https:\/\/key-arma.com\/tr\/wp-json\/wp\/v2\/media?parent=4698"}],"wp:term":[{"taxonomy":"product_brand","embeddable":true,"href":"https:\/\/key-arma.com\/tr\/wp-json\/wp\/v2\/product_brand?post=4698"},{"taxonomy":"product_cat","embeddable":true,"href":"https:\/\/key-arma.com\/tr\/wp-json\/wp\/v2\/product_cat?post=4698"},{"taxonomy":"product_tag","embeddable":true,"href":"https:\/\/key-arma.com\/tr\/wp-json\/wp\/v2\/product_tag?post=4698"}],"curies":[{"name":"wp","href":"https:\/\/api.w.org\/{rel}","templated":true}]}}