{"id":4688,"date":"2025-09-12T22:25:11","date_gmt":"2025-09-12T19:25:11","guid":{"rendered":"https:\/\/keyarma.splusweb.com.tr\/key-702\/"},"modified":"2025-09-12T22:25:11","modified_gmt":"2025-09-12T19:25:11","slug":"key-702","status":"publish","type":"product","link":"https:\/\/key-arma.com\/tr\/key-702\/","title":{"rendered":"KEY-702"},"content":{"rendered":"<p><strong>Kullan\u0131m Alan\u0131:<\/strong> AR-15<\/p>\n<h2>\u00d6ne \u00c7\u0131kan \u00d6zellikler<\/h2>\n<ul>\n<li><strong>G\u00fcvenilir Yap\u0131:<\/strong> Uzun \u00f6m\u00fcrl\u00fc performans i\u00e7in dayan\u0131kl\u0131 DKP \u00e7elikten \u00fcretilmi\u015ftir.<\/li>\n<li><strong>Korozyon Direnci:<\/strong> Siyah oksit kaplama, ekstra koruma ve estetik bir y\u00fczey sunar.<\/li>\n<li><strong>AR15 Uyumu:<\/strong> Standart AR15 buffer montaj sistemleriyle sorunsuz \u015fekilde uyum sa\u011flar.<\/li>\n<\/ul>\n<h2>Teknik \u00d6zellikler<\/h2>\n<ul>\n<li>Malzeme: DKP \u00c7elik<\/li>\n<li><strong>A\u011f\u0131rl\u0131k:<\/strong> 0.016 kg<\/li>\n<\/ul>\n","protected":false},"excerpt":{"rendered":"<p>KEY-702 End Plate (T\u00fcp Kitleme), AR15 platformlar\u0131 i\u00e7in tasarlanm\u0131\u015f sa\u011flam bir bile\u015fendir ve buffer t\u00fcp montaj\u0131n\u0131n kritik bir par\u00e7as\u0131 olarak g\u00f6rev yapar. Y\u00fcksek kaliteli DKP \u00e7elikten \u00fcretilmi\u015ftir. <\/p>\n","protected":false},"featured_media":4226,"template":"","meta":[],"product_brand":[],"product_cat":[42,52],"product_tag":[],"class_list":{"0":"post-4688","1":"product","2":"type-product","3":"status-publish","4":"has-post-thumbnail","6":"product_cat-montaj-parcalari","7":"product_cat-ar-parcalari","9":"first","10":"instock","11":"shipping-taxable","12":"purchasable","13":"product-type-variable"},"_links":{"self":[{"href":"https:\/\/key-arma.com\/tr\/wp-json\/wp\/v2\/product\/4688","targetHints":{"allow":["GET"]}}],"collection":[{"href":"https:\/\/key-arma.com\/tr\/wp-json\/wp\/v2\/product"}],"about":[{"href":"https:\/\/key-arma.com\/tr\/wp-json\/wp\/v2\/types\/product"}],"wp:featuredmedia":[{"embeddable":true,"href":"https:\/\/key-arma.com\/tr\/wp-json\/wp\/v2\/media\/4226"}],"wp:attachment":[{"href":"https:\/\/key-arma.com\/tr\/wp-json\/wp\/v2\/media?parent=4688"}],"wp:term":[{"taxonomy":"product_brand","embeddable":true,"href":"https:\/\/key-arma.com\/tr\/wp-json\/wp\/v2\/product_brand?post=4688"},{"taxonomy":"product_cat","embeddable":true,"href":"https:\/\/key-arma.com\/tr\/wp-json\/wp\/v2\/product_cat?post=4688"},{"taxonomy":"product_tag","embeddable":true,"href":"https:\/\/key-arma.com\/tr\/wp-json\/wp\/v2\/product_tag?post=4688"}],"curies":[{"name":"wp","href":"https:\/\/api.w.org\/{rel}","templated":true}]}}