{"id":4686,"date":"2025-09-12T22:17:23","date_gmt":"2025-09-12T19:17:23","guid":{"rendered":"https:\/\/keyarma.splusweb.com.tr\/key-701\/"},"modified":"2025-09-12T22:17:23","modified_gmt":"2025-09-12T19:17:23","slug":"key-701","status":"publish","type":"product","link":"https:\/\/key-arma.com\/tr\/key-701\/","title":{"rendered":"KEY-701"},"content":{"rendered":"<p><strong>Kullan\u0131m Alan\u0131:<\/strong> AR-15<\/p>\n<h2>\u00d6ne \u00c7\u0131kan \u00d6zellikler<\/h2>\n<ul>\n<li><strong>Evrensel Uyumluluk: <\/strong>T\u00fcm standart AR15 buffer t\u00fcpleriyle uyumludur.<\/li>\n<li><strong>Dayan\u0131kl\u0131 Yap\u0131: <\/strong>Y\u00fcksek dayan\u0131ml\u0131 1040 \u00e7elikten imal edilmi\u015ftir ve m\u00fckemmel a\u015f\u0131nma direnci sunar.<\/li>\n<li><strong>G\u00fcvenli Kilitleme:<\/strong> Buffer montaj\u0131nda s\u0131k\u0131 ve stabil bir ba\u011flant\u0131 sa\u011flar.<\/li>\n<\/ul>\n<h2>Teknik \u00d6zellikler<\/h2>\n<ul>\n<li><strong>Materyal:<\/strong> 1040 \u00c7elik<\/li>\n<li><strong>A\u011f\u0131rl\u0131k:<\/strong> 0.016 kg<\/li>\n<\/ul>\n","protected":false},"excerpt":{"rendered":"<p>KEY-701 Castle Nut (T\u00fcp Somunu), AR15 platformlar\u0131ndaki buffer t\u00fcp montaj\u0131n\u0131 g\u00fcvence alt\u0131na almak i\u00e7in hassas i\u015flenmi\u015f bir bile\u015fendir. Dayan\u0131kl\u0131 1040 \u00e7elikten \u00fcretilmi\u015f olup, t\u00fcm standart buffer t\u00fcpleriyle uyumlu sa\u011flam bir ba\u011flant\u0131 sa\u011flar ve tekrar eden kullan\u0131mlarda uzun \u00f6m\u00fcrl\u00fc performans sunar. <\/p>\n","protected":false},"featured_media":4224,"template":"","meta":[],"product_brand":[],"product_cat":[42,52],"product_tag":[],"class_list":{"0":"post-4686","1":"product","2":"type-product","3":"status-publish","4":"has-post-thumbnail","6":"product_cat-montaj-parcalari","7":"product_cat-ar-parcalari","9":"first","10":"instock","11":"shipping-taxable","12":"purchasable","13":"product-type-variable"},"_links":{"self":[{"href":"https:\/\/key-arma.com\/tr\/wp-json\/wp\/v2\/product\/4686","targetHints":{"allow":["GET"]}}],"collection":[{"href":"https:\/\/key-arma.com\/tr\/wp-json\/wp\/v2\/product"}],"about":[{"href":"https:\/\/key-arma.com\/tr\/wp-json\/wp\/v2\/types\/product"}],"wp:featuredmedia":[{"embeddable":true,"href":"https:\/\/key-arma.com\/tr\/wp-json\/wp\/v2\/media\/4224"}],"wp:attachment":[{"href":"https:\/\/key-arma.com\/tr\/wp-json\/wp\/v2\/media?parent=4686"}],"wp:term":[{"taxonomy":"product_brand","embeddable":true,"href":"https:\/\/key-arma.com\/tr\/wp-json\/wp\/v2\/product_brand?post=4686"},{"taxonomy":"product_cat","embeddable":true,"href":"https:\/\/key-arma.com\/tr\/wp-json\/wp\/v2\/product_cat?post=4686"},{"taxonomy":"product_tag","embeddable":true,"href":"https:\/\/key-arma.com\/tr\/wp-json\/wp\/v2\/product_tag?post=4686"}],"curies":[{"name":"wp","href":"https:\/\/api.w.org\/{rel}","templated":true}]}}