{"id":4685,"date":"2025-09-12T22:11:01","date_gmt":"2025-09-12T19:11:01","guid":{"rendered":"https:\/\/keyarma.splusweb.com.tr\/key-700\/"},"modified":"2025-09-12T22:11:01","modified_gmt":"2025-09-12T19:11:01","slug":"key-700","status":"publish","type":"product","link":"https:\/\/key-arma.com\/tr\/key-700\/","title":{"rendered":"KEY-700"},"content":{"rendered":"<p><strong>Kullan\u0131m Alan\u0131:<\/strong> AR-15<\/p>\n<h2>\u00d6ne \u00c7\u0131kan \u00d6zellikler<\/h2>\n<ul>\n<li><strong>Amaca \u00d6zel Tasar\u0131m:<\/strong> AR15 buffer a\u011f\u0131rl\u0131klar\u0131na montaj i\u00e7in \u00f6zel olarak tasarlanm\u0131\u015ft\u0131r.<\/li>\n<li><strong>Dayan\u0131kl\u0131 Malzeme:<\/strong> Uzun s\u00fcreli g\u00fcvenilirlik i\u00e7in darbeye dayan\u0131kl\u0131 TPU\u2019dan imal edilmi\u015ftir.<\/li>\n<li><strong>Hafif:<\/strong> \u0130\u00e7 buffer performans\u0131n\u0131 art\u0131r\u0131rken minimum a\u011f\u0131rl\u0131k ekler.<\/li>\n<\/ul>\n<h2>Teknik \u00d6zellikler<\/h2>\n<ul>\n<li><strong>Materyal:<\/strong> TPU<\/li>\n<li><strong>A\u011f\u0131rl\u0131k:<\/strong> 0.005 kg<\/li>\n<\/ul>\n","protected":false},"excerpt":{"rendered":"<p>KEY-700 Buffer Bumper (Tampon T\u0131kac\u0131), AR15 platformlar\u0131n\u0131n buffer a\u011f\u0131rl\u0131\u011f\u0131 \u00fczerinde kullan\u0131ma y\u00f6nelik hafif ve dayan\u0131kl\u0131 bir bile\u015fendir. Y\u00fcksek kaliteli TPU polimerden \u00fcretilmi\u015f olup, buffer sistemindeki a\u015f\u0131nma ve darbeleri azaltmaya yard\u0131mc\u0131 olur, b\u00f6ylece daha d\u00fczg\u00fcn \u00e7al\u0131\u015fma ve bile\u015fenlerin \u00f6mr\u00fcn\u00fcn uzamas\u0131n\u0131 sa\u011flar. <\/p>\n","protected":false},"featured_media":4223,"template":"","meta":[],"product_brand":[],"product_cat":[42,52],"product_tag":[],"class_list":{"0":"post-4685","1":"product","2":"type-product","3":"status-publish","4":"has-post-thumbnail","6":"product_cat-montaj-parcalari","7":"product_cat-ar-parcalari","9":"first","10":"instock","11":"shipping-taxable","12":"product-type-simple"},"_links":{"self":[{"href":"https:\/\/key-arma.com\/tr\/wp-json\/wp\/v2\/product\/4685","targetHints":{"allow":["GET"]}}],"collection":[{"href":"https:\/\/key-arma.com\/tr\/wp-json\/wp\/v2\/product"}],"about":[{"href":"https:\/\/key-arma.com\/tr\/wp-json\/wp\/v2\/types\/product"}],"wp:featuredmedia":[{"embeddable":true,"href":"https:\/\/key-arma.com\/tr\/wp-json\/wp\/v2\/media\/4223"}],"wp:attachment":[{"href":"https:\/\/key-arma.com\/tr\/wp-json\/wp\/v2\/media?parent=4685"}],"wp:term":[{"taxonomy":"product_brand","embeddable":true,"href":"https:\/\/key-arma.com\/tr\/wp-json\/wp\/v2\/product_brand?post=4685"},{"taxonomy":"product_cat","embeddable":true,"href":"https:\/\/key-arma.com\/tr\/wp-json\/wp\/v2\/product_cat?post=4685"},{"taxonomy":"product_tag","embeddable":true,"href":"https:\/\/key-arma.com\/tr\/wp-json\/wp\/v2\/product_tag?post=4685"}],"curies":[{"name":"wp","href":"https:\/\/api.w.org\/{rel}","templated":true}]}}