{"id":4683,"date":"2025-09-12T22:04:03","date_gmt":"2025-09-12T19:04:03","guid":{"rendered":"https:\/\/keyarma.splusweb.com.tr\/key-606\/"},"modified":"2026-03-12T22:00:41","modified_gmt":"2026-03-12T19:00:41","slug":"key-606","status":"publish","type":"product","link":"https:\/\/key-arma.com\/tr\/key-606\/","title":{"rendered":"KEY-606"},"content":{"rendered":"<p><strong>Kullan\u0131m Alan\u0131:<\/strong> Genel<\/p>\n<h2>\u00d6ne \u00c7\u0131kan \u00d6zellikler<\/h2>\n<ul>\n<li><strong>QD Ba\u011flant\u0131:<\/strong> H\u0131zl\u0131 ve g\u00fcvenli ba\u011flant\u0131\/ay\u0131rma i\u00e7in \u00e7elik QD aparat\u0131 ile donat\u0131lm\u0131\u015ft\u0131r.<\/li>\n<li><strong>Dayan\u0131kl\u0131 Yap\u0131:<\/strong> Zorlu ko\u015fullarda g\u00fcvenilir performans i\u00e7in sa\u011flam naylon kay\u0131\u015f kullan\u0131lm\u0131\u015ft\u0131r.<\/li>\n<li><strong>H\u0131zl\u0131 Uzunluk Ayar\u0131:<\/strong> Paslanmaz \u00e7elik kayd\u0131rmal\u0131 toka sayesinde kolay ve h\u0131zl\u0131 uzunluk ayar\u0131 yap\u0131labilir.<\/li>\n<li><strong>Esnek Destek:<\/strong> Kullan\u0131m s\u0131ras\u0131nda silah\u0131n hareket kabiliyetini ve konforunu art\u0131r\u0131r.<\/li>\n<\/ul>\n<h2>Teknik \u00d6zellikler<\/h2>\n<ul>\n<li><strong>Materyal:<\/strong> Naylon (kay\u0131\u015f), \u00c7elik (QD d\u00f6ner mafsal ve toka)<\/li>\n<li><strong>A\u011f\u0131rl\u0131k:<\/strong> 0.105 kg<\/li>\n<\/ul>\n","protected":false},"excerpt":{"rendered":"<p>KEY-606, QD montaj noktalar\u0131na h\u0131zl\u0131 ve g\u00fcvenli ba\u011flant\u0131 sa\u011flayan h\u0131zl\u0131 s\u00f6k\u00fclebilir sa\u011flam bir tek noktal\u0131 kay\u0131\u015ft\u0131r. Y\u00fcksek dayan\u0131ml\u0131 naylon kay\u0131\u015f ve paslanmaz \u00e7elikten QD aparat\u0131 ve kayd\u0131rmal\u0131 tokas\u0131 ile uzun \u00f6m\u00fcrl\u00fc dayan\u0131kl\u0131l\u0131k, h\u0131zl\u0131 ayar ve saha kullan\u0131m\u0131 s\u0131ras\u0131nda geli\u015ftirilmi\u015f hareket kabiliyeti sunar. <\/p>\n","protected":false},"featured_media":4221,"template":"","meta":[],"product_brand":[],"product_cat":[41,72,74,51,52],"product_tag":[],"class_list":{"0":"post-4683","1":"product","2":"type-product","3":"status-publish","4":"has-post-thumbnail","6":"product_cat-aksesuarlar","7":"product_cat-ak-47-aksesuarlari","8":"product_cat-ak-74-aksesuarlari","9":"product_cat-ak-parcalari","10":"product_cat-ar-parcalari","12":"first","13":"instock","14":"shipping-taxable","15":"purchasable","16":"product-type-variable"},"_links":{"self":[{"href":"https:\/\/key-arma.com\/tr\/wp-json\/wp\/v2\/product\/4683","targetHints":{"allow":["GET"]}}],"collection":[{"href":"https:\/\/key-arma.com\/tr\/wp-json\/wp\/v2\/product"}],"about":[{"href":"https:\/\/key-arma.com\/tr\/wp-json\/wp\/v2\/types\/product"}],"wp:featuredmedia":[{"embeddable":true,"href":"https:\/\/key-arma.com\/tr\/wp-json\/wp\/v2\/media\/4221"}],"wp:attachment":[{"href":"https:\/\/key-arma.com\/tr\/wp-json\/wp\/v2\/media?parent=4683"}],"wp:term":[{"taxonomy":"product_brand","embeddable":true,"href":"https:\/\/key-arma.com\/tr\/wp-json\/wp\/v2\/product_brand?post=4683"},{"taxonomy":"product_cat","embeddable":true,"href":"https:\/\/key-arma.com\/tr\/wp-json\/wp\/v2\/product_cat?post=4683"},{"taxonomy":"product_tag","embeddable":true,"href":"https:\/\/key-arma.com\/tr\/wp-json\/wp\/v2\/product_tag?post=4683"}],"curies":[{"name":"wp","href":"https:\/\/api.w.org\/{rel}","templated":true}]}}