{"id":4681,"date":"2025-09-12T22:00:59","date_gmt":"2025-09-12T19:00:59","guid":{"rendered":"https:\/\/keyarma.splusweb.com.tr\/key-605\/"},"modified":"2026-03-12T21:36:59","modified_gmt":"2026-03-12T18:36:59","slug":"key-605","status":"publish","type":"product","link":"https:\/\/key-arma.com\/tr\/key-605\/","title":{"rendered":"KEY-605"},"content":{"rendered":"<p><strong>Kullan\u0131m Alan\u0131:<\/strong> Genel<\/p>\n<h2>\u00d6ne \u00c7\u0131kan \u00d6zellikler<\/h2>\n<ul>\n<li><strong>G\u00fcvenli Ba\u011flant\u0131:<\/strong> \u00e7elik kancas\u0131 ile g\u00fcvenilir bir ba\u011flant\u0131 sa\u011flar.<\/li>\n<li><strong>Dayan\u0131kl\u0131 Yap\u0131:<\/strong> Uzun \u00f6m\u00fcrl\u00fc dayan\u0131kl\u0131l\u0131k ve performans i\u00e7in sa\u011flam naylon kay\u0131\u015f kullan\u0131lm\u0131\u015ft\u0131r.<\/li>\n<li><strong>H\u0131zl\u0131 Ayar: <\/strong>Paslanmaz \u00e7elikten imal edilen kanca, farkl\u0131 ta\u015f\u0131ma tercihlerine uygun h\u0131zl\u0131 uzunluk ayar\u0131 yapmay\u0131 m\u00fcmk\u00fcn k\u0131lar.<\/li>\n<li><strong>Esnek Destek:<\/strong> Esneklik sa\u011flayarak silah\u0131n hareket kabiliyetini art\u0131r\u0131r.<\/li>\n<\/ul>\n<h2>Teknik \u00d6zellikler<\/h2>\n<ul>\n<li><strong>Materyal:<\/strong> Naylon (kay\u0131\u015f), \u00c7elik (kanca ve kayd\u0131rma tokas\u0131)<\/li>\n<li><strong>A\u011f\u0131rl\u0131k:<\/strong> 0.111 kg<\/li>\n<\/ul>\n","protected":false},"excerpt":{"rendered":"<p>KEY-605, dayan\u0131kl\u0131 tek noktal\u0131 bir kay\u0131\u015ft\u0131r. \u00c7elik kanca, kayd\u0131rma tokas\u0131 ve y\u00fcksek dayan\u0131ml\u0131 naylon kay\u0131\u015f \u00f6zellikleri ile zorlu ko\u015fullarda g\u00fcvenilir performans sunar. Paslanmaz \u00e7elikten yap\u0131lm\u0131\u015f kancas\u0131 sayesinde h\u0131zl\u0131 ve kolay uzunluk ayar\u0131 yap\u0131larak kullan\u0131mda maksimum konfor ve i\u015flevsellik sa\u011flan\u0131r.  <\/p>\n","protected":false},"featured_media":4219,"template":"","meta":[],"product_brand":[],"product_cat":[41,72,74,51,52],"product_tag":[],"class_list":{"0":"post-4681","1":"product","2":"type-product","3":"status-publish","4":"has-post-thumbnail","6":"product_cat-aksesuarlar","7":"product_cat-ak-47-aksesuarlari","8":"product_cat-ak-74-aksesuarlari","9":"product_cat-ak-parcalari","10":"product_cat-ar-parcalari","12":"first","13":"instock","14":"shipping-taxable","15":"purchasable","16":"product-type-variable"},"_links":{"self":[{"href":"https:\/\/key-arma.com\/tr\/wp-json\/wp\/v2\/product\/4681","targetHints":{"allow":["GET"]}}],"collection":[{"href":"https:\/\/key-arma.com\/tr\/wp-json\/wp\/v2\/product"}],"about":[{"href":"https:\/\/key-arma.com\/tr\/wp-json\/wp\/v2\/types\/product"}],"wp:featuredmedia":[{"embeddable":true,"href":"https:\/\/key-arma.com\/tr\/wp-json\/wp\/v2\/media\/4219"}],"wp:attachment":[{"href":"https:\/\/key-arma.com\/tr\/wp-json\/wp\/v2\/media?parent=4681"}],"wp:term":[{"taxonomy":"product_brand","embeddable":true,"href":"https:\/\/key-arma.com\/tr\/wp-json\/wp\/v2\/product_brand?post=4681"},{"taxonomy":"product_cat","embeddable":true,"href":"https:\/\/key-arma.com\/tr\/wp-json\/wp\/v2\/product_cat?post=4681"},{"taxonomy":"product_tag","embeddable":true,"href":"https:\/\/key-arma.com\/tr\/wp-json\/wp\/v2\/product_tag?post=4681"}],"curies":[{"name":"wp","href":"https:\/\/api.w.org\/{rel}","templated":true}]}}