{"id":4677,"date":"2025-09-07T20:15:56","date_gmt":"2025-09-07T17:15:56","guid":{"rendered":"https:\/\/keyarma.splusweb.com.tr\/key-604\/"},"modified":"2026-03-12T21:33:16","modified_gmt":"2026-03-12T18:33:16","slug":"key-604","status":"publish","type":"product","link":"https:\/\/key-arma.com\/tr\/key-604\/","title":{"rendered":"KEY-604"},"content":{"rendered":"<p><strong>KULLANIM ALANI:<\/strong> Genel (M-LOK)<\/p>\n<h2>\u00d6ne \u00c7\u0131kan \u00d6zellikler<\/h2>\n<ul>\n<li><strong>M-LOK Uyumlu:<\/strong> T\u00fcm standart M-LOK montaj platformlar\u0131na sorunsuz kurulum i\u00e7in tasarlanm\u0131\u015ft\u0131r.<\/li>\n<li><strong>Y\u00fcksek Kaliteli Polimer Yap\u0131:<\/strong> Geri tepme, \u0131s\u0131 ve \u00e7evresel zorlamalara dayan\u0131kl\u0131 sa\u011flam, darbeye diren\u00e7li polimerden \u00fcretilmi\u015ftir.<\/li>\n<li><strong>5 Farkl\u0131 Boyda: <\/strong>3, 5, 7, 9 ve 11 yuval\u0131 raylar\u0131 i\u00e7erir.<\/li>\n<li><strong>Hafif ve \u00c7ok Y\u00f6nl\u00fc:<\/strong> Her par\u00e7a, tutu\u015f ve dengeyi optimize edecek \u015fekilde ve hafif olarak tasarlanm\u0131\u015ft\u0131r.<\/li>\n<\/ul>\n<h2>Teknik \u00d6zellikler<\/h2>\n<ul>\n<li>Malzeme: Polimer<\/li>\n<li><strong>Montaj Sistemi: <\/strong>M-LOK<\/li>\n<\/ul>\n<table style=\"height: 209px;\" width=\"810\">\n<tbody>\n<tr>\n<td><strong>Yuva Boyutu<\/strong><\/td>\n<td><strong>A\u011f\u0131rl\u0131k<\/strong><\/td>\n<\/tr>\n<tr>\n<td>3 Yuva<\/td>\n<td>0.013 kg<\/td>\n<\/tr>\n<tr>\n<td>5 Yuva<\/td>\n<td>0.017 kg<\/td>\n<\/tr>\n<tr>\n<td>7 Yuva<\/td>\n<td>0.019 kg<\/td>\n<\/tr>\n<tr>\n<td>9 Yuva<\/td>\n<td>0.025 kg<\/td>\n<\/tr>\n<tr>\n<td>11 Yuva<\/td>\n<td>0.028 kg<\/td>\n<\/tr>\n<tr>\n<td><strong>Total Set A\u011f\u0131rl\u0131\u011f\u0131<\/strong><\/td>\n<td><strong>0.106 kg<\/strong><\/td>\n<\/tr>\n<\/tbody>\n<\/table>\n","protected":false},"excerpt":{"rendered":"<p>KEY-604, M-LOK montaj sistemleri i\u00e7in tasarlanm\u0131\u015f hafif ve y\u00fcksek kaliteli polimer aksesuar raylar\u0131 setidir. \u00c7e\u015fitli silah platformlar\u0131yla uyumluluk sa\u011flayan bu set, kullan\u0131c\u0131lar\u0131n optikler, tutamaklar, \u0131\u015f\u0131klar veya di\u011fer aksesuarlar\u0131 ihtiya\u00e7 duyduklar\u0131 yere monte etmelerini sa\u011flar. Dayan\u0131kl\u0131l\u0131k ve hassasiyet i\u00e7in \u00fcretilen bu raylar, hem taktiksel hem de hobi ama\u00e7l\u0131 kullan\u0131ma uygundur.  <\/p>\n","protected":false},"featured_media":4202,"template":"","meta":[],"product_brand":[],"product_cat":[41,72,74,51,52],"product_tag":[],"class_list":{"0":"post-4677","1":"product","2":"type-product","3":"status-publish","4":"has-post-thumbnail","6":"product_cat-aksesuarlar","7":"product_cat-ak-47-aksesuarlari","8":"product_cat-ak-74-aksesuarlari","9":"product_cat-ak-parcalari","10":"product_cat-ar-parcalari","12":"first","13":"instock","14":"shipping-taxable","15":"purchasable","16":"product-type-variable"},"_links":{"self":[{"href":"https:\/\/key-arma.com\/tr\/wp-json\/wp\/v2\/product\/4677","targetHints":{"allow":["GET"]}}],"collection":[{"href":"https:\/\/key-arma.com\/tr\/wp-json\/wp\/v2\/product"}],"about":[{"href":"https:\/\/key-arma.com\/tr\/wp-json\/wp\/v2\/types\/product"}],"wp:featuredmedia":[{"embeddable":true,"href":"https:\/\/key-arma.com\/tr\/wp-json\/wp\/v2\/media\/4202"}],"wp:attachment":[{"href":"https:\/\/key-arma.com\/tr\/wp-json\/wp\/v2\/media?parent=4677"}],"wp:term":[{"taxonomy":"product_brand","embeddable":true,"href":"https:\/\/key-arma.com\/tr\/wp-json\/wp\/v2\/product_brand?post=4677"},{"taxonomy":"product_cat","embeddable":true,"href":"https:\/\/key-arma.com\/tr\/wp-json\/wp\/v2\/product_cat?post=4677"},{"taxonomy":"product_tag","embeddable":true,"href":"https:\/\/key-arma.com\/tr\/wp-json\/wp\/v2\/product_tag?post=4677"}],"curies":[{"name":"wp","href":"https:\/\/api.w.org\/{rel}","templated":true}]}}