{"id":4673,"date":"2025-09-12T21:55:24","date_gmt":"2025-09-12T18:55:24","guid":{"rendered":"https:\/\/keyarma.splusweb.com.tr\/key-603\/"},"modified":"2026-03-12T21:35:23","modified_gmt":"2026-03-12T18:35:23","slug":"key-603","status":"publish","type":"product","link":"https:\/\/key-arma.com\/tr\/key-603\/","title":{"rendered":"KEY-603"},"content":{"rendered":"<p><strong>KULLANIM ALANI:<\/strong> Genel<\/p>\n<h2>\u00d6ne \u00c7\u0131kan \u00d6zellikler<\/h2>\n<ul>\n<li><strong>Korumal\u0131 Tasar\u0131m: <\/strong>Picatinny raylar\u0131n\u0131 hasardan korur ve a\u00e7\u0131kta kalan ray kenarlar\u0131n\u0131n neden oldu\u011fu rahats\u0131zl\u0131\u011f\u0131 engeller.<\/li>\n<li><strong>Kompakt Boyut: <\/strong>Sadece 7,5 cm uzunlu\u011funda olup, tam kaplamalar\u0131n gerekmedi\u011fi k\u00fc\u00e7\u00fck ray b\u00f6l\u00fcmlerini kapatmak i\u00e7in idealdir.<\/li>\n<li><strong>Dayan\u0131kl\u0131 Polimer Yap\u0131:<\/strong> Darbeye dayan\u0131kl\u0131 polimerden \u00fcretilmi\u015f olup, zorlu ortamlarda uzun \u00f6m\u00fcrl\u00fc kullan\u0131m sa\u011flar.<\/li>\n<li><strong>Aletsiz Kurulum:<\/strong> Standart Picatinny raylar\u0131na kolayca monte edilir, herhangi bir alet gerektirmez.<\/li>\n<\/ul>\n<h2>Teknik \u00d6zellikler<\/h2>\n<ul>\n<li>Malzeme: Polimer<\/li>\n<li>A\u011f\u0131rl\u0131k: 0.011 kg<\/li>\n<li><strong>Uzunluk: <\/strong>7.50 cm<\/li>\n<\/ul>\n","protected":false},"excerpt":{"rendered":"<p>KEY-603, hem Picatinny raylar\u0131n\u0131 hem de kullan\u0131c\u0131n\u0131n ellerini a\u015f\u0131nma, darbe ve keskin kenarlardan korumak i\u00e7in tasarlanm\u0131\u015f kompakt bir polimer ray kapa\u011f\u0131d\u0131r. K\u0131sa ve kullan\u0131lmayan ray b\u00f6l\u00fcmlerini kapatmak i\u00e7in m\u00fckemmel olan bu kapak, silah tutu\u015f konforunu art\u0131r\u0131r ve a\u00e7\u0131kta kalan ray y\u00fczeylerinin b\u00fct\u00fcnl\u00fc\u011f\u00fcn\u00fc korur. <\/p>\n","protected":false},"featured_media":4214,"template":"","meta":[],"product_brand":[],"product_cat":[41,72,74,51,52],"product_tag":[],"class_list":{"0":"post-4673","1":"product","2":"type-product","3":"status-publish","4":"has-post-thumbnail","6":"product_cat-aksesuarlar","7":"product_cat-ak-47-aksesuarlari","8":"product_cat-ak-74-aksesuarlari","9":"product_cat-ak-parcalari","10":"product_cat-ar-parcalari","12":"first","13":"instock","14":"shipping-taxable","15":"purchasable","16":"product-type-variable"},"_links":{"self":[{"href":"https:\/\/key-arma.com\/tr\/wp-json\/wp\/v2\/product\/4673","targetHints":{"allow":["GET"]}}],"collection":[{"href":"https:\/\/key-arma.com\/tr\/wp-json\/wp\/v2\/product"}],"about":[{"href":"https:\/\/key-arma.com\/tr\/wp-json\/wp\/v2\/types\/product"}],"wp:featuredmedia":[{"embeddable":true,"href":"https:\/\/key-arma.com\/tr\/wp-json\/wp\/v2\/media\/4214"}],"wp:attachment":[{"href":"https:\/\/key-arma.com\/tr\/wp-json\/wp\/v2\/media?parent=4673"}],"wp:term":[{"taxonomy":"product_brand","embeddable":true,"href":"https:\/\/key-arma.com\/tr\/wp-json\/wp\/v2\/product_brand?post=4673"},{"taxonomy":"product_cat","embeddable":true,"href":"https:\/\/key-arma.com\/tr\/wp-json\/wp\/v2\/product_cat?post=4673"},{"taxonomy":"product_tag","embeddable":true,"href":"https:\/\/key-arma.com\/tr\/wp-json\/wp\/v2\/product_tag?post=4673"}],"curies":[{"name":"wp","href":"https:\/\/api.w.org\/{rel}","templated":true}]}}