{"id":4669,"date":"2025-09-12T20:53:37","date_gmt":"2025-09-12T17:53:37","guid":{"rendered":"https:\/\/keyarma.splusweb.com.tr\/key-602\/"},"modified":"2026-03-12T21:34:54","modified_gmt":"2026-03-12T18:34:54","slug":"key-602","status":"publish","type":"product","link":"https:\/\/key-arma.com\/tr\/key-602\/","title":{"rendered":"KEY-602"},"content":{"rendered":"<p><strong>KULLANIM ALANI:<\/strong> Genel<\/p>\n<h2>\u00d6ne \u00c7\u0131kan \u00d6zellikler<\/h2>\n<ul>\n<li><strong>Ray ve El Korumas\u0131:<\/strong> Picatinny raylar\u0131n\u0131 fiziksel hasardan korur ve a\u00e7\u0131kta kalan ray b\u00f6l\u00fcmlerinden dolay\u0131 el rahats\u0131zl\u0131\u011f\u0131n\u0131 engeller.<\/li>\n<li><strong>Ayr\u0131labilir Tasar\u0131m:<\/strong> \u0130ki e\u015fit par\u00e7aya b\u00f6l\u00fcnebilir, b\u00f6ylece farkl\u0131 ray segmentlerinde \u00f6zelle\u015ftirilebilir kaplama sa\u011flar.<\/li>\n<li><strong>Dayan\u0131kl\u0131 Polimer Yap\u0131:<\/strong> Darbeye dayan\u0131kl\u0131 polimerden imal edilmi\u015ftir, uzun \u00f6m\u00fcrl\u00fc kullan\u0131m ve \u00e7evresel diren\u00e7 sunar.<\/li>\n<li><strong>Kullan\u0131c\u0131 Dostu Kurulum:<\/strong> Alet gerektirmeden kolayca raylara monte edilir, kullan\u0131m kolayl\u0131\u011f\u0131 ve mod\u00fclerlik sa\u011flar.<\/li>\n<\/ul>\n<h2>Teknik \u00d6zellikler<\/h2>\n<ul>\n<li>Malzeme: Polimer<\/li>\n<li><strong>A\u011f\u0131rl\u0131k:<\/strong> 0.023 kg<\/li>\n<li><strong>Uzunluk:<\/strong> 15 cm<\/li>\n<\/ul>\n","protected":false},"excerpt":{"rendered":"<p>KEY-602, hem Picatinny raylar\u0131 hem de at\u0131c\u0131n\u0131n ellerini korumak i\u00e7in tasarlanm\u0131\u015f bir polimer ray kapa\u011f\u0131d\u0131r. Raylar\u0131 a\u015f\u0131nma ve darbelerden korurken, kullan\u0131lmayan ray b\u00f6l\u00fcmlerini kapatarak keskin kenarlar\u0131 ortadan kald\u0131r\u0131r ve genel kullan\u0131m konforunu art\u0131r\u0131r. Kapak, ayn\u0131 zamanda iki e\u015fit par\u00e7aya ayr\u0131labilir.  <\/p>\n","protected":false},"featured_media":4211,"template":"","meta":[],"product_brand":[],"product_cat":[41,72,74,51,52],"product_tag":[],"class_list":{"0":"post-4669","1":"product","2":"type-product","3":"status-publish","4":"has-post-thumbnail","6":"product_cat-aksesuarlar","7":"product_cat-ak-47-aksesuarlari","8":"product_cat-ak-74-aksesuarlari","9":"product_cat-ak-parcalari","10":"product_cat-ar-parcalari","12":"first","13":"instock","14":"shipping-taxable","15":"purchasable","16":"product-type-variable"},"_links":{"self":[{"href":"https:\/\/key-arma.com\/tr\/wp-json\/wp\/v2\/product\/4669","targetHints":{"allow":["GET"]}}],"collection":[{"href":"https:\/\/key-arma.com\/tr\/wp-json\/wp\/v2\/product"}],"about":[{"href":"https:\/\/key-arma.com\/tr\/wp-json\/wp\/v2\/types\/product"}],"wp:featuredmedia":[{"embeddable":true,"href":"https:\/\/key-arma.com\/tr\/wp-json\/wp\/v2\/media\/4211"}],"wp:attachment":[{"href":"https:\/\/key-arma.com\/tr\/wp-json\/wp\/v2\/media?parent=4669"}],"wp:term":[{"taxonomy":"product_brand","embeddable":true,"href":"https:\/\/key-arma.com\/tr\/wp-json\/wp\/v2\/product_brand?post=4669"},{"taxonomy":"product_cat","embeddable":true,"href":"https:\/\/key-arma.com\/tr\/wp-json\/wp\/v2\/product_cat?post=4669"},{"taxonomy":"product_tag","embeddable":true,"href":"https:\/\/key-arma.com\/tr\/wp-json\/wp\/v2\/product_tag?post=4669"}],"curies":[{"name":"wp","href":"https:\/\/api.w.org\/{rel}","templated":true}]}}